{"id":1379,"date":"2018-04-26T17:08:10","date_gmt":"2018-04-26T14:08:10","guid":{"rendered":"http:\/\/kektrading.ee\/contact\/ostuosakond\/"},"modified":"2018-06-04T21:25:09","modified_gmt":"2018-06-04T18:25:09","slug":"distribution-department","status":"publish","type":"page","link":"https:\/\/kektrading.ee\/en\/contact\/distribution-department\/","title":{"rendered":"Distribution Department"},"content":{"rendered":"<div class=\"wpb-content-wrapper\"><p>[vc_row][vc_column width=&#8221;1\/3&#8243;][vc_tta_accordion style=&#8221;outline&#8221; shape=&#8221;square&#8221; color=&#8221;black&#8221; active_section=&#8221;1&#8243; no_fill=&#8221;true&#8221;][vc_tta_section title=&#8221;Purchase Specialist&#8221; tab_id=&#8221;1524751446320-23198a14-4d8e&#8221;][vc_column_text]<\/p>\n<p style=\"text-align: left;\"><strong>K\u00e4di K\u00f6\u00f6ba<\/strong><br \/>\n<a href=\"mailto:kadi@kektrading.ee\">kadi@kektrading.ee<\/a><br \/>\n+372 5553 0680<\/p>\n<p><img decoding=\"async\" class=\"alignnone size-medium wp-image-1213\" src=\"https:\/\/oasis-solutions.ee\/c\/kektrading\/wp-content\/uploads\/2018\/05\/kadi-214x300.jpg\" alt=\"\" width=\"214\" height=\"300\" srcset=\"https:\/\/kektrading.ee\/wp-content\/uploads\/2018\/05\/kadi-214x300.jpg 214w, https:\/\/kektrading.ee\/wp-content\/uploads\/2018\/05\/kadi-370x518.jpg 370w, https:\/\/kektrading.ee\/wp-content\/uploads\/2018\/05\/kadi.jpg 400w\" sizes=\"(max-width: 214px) 100vw, 214px\" \/><\/p>\n<p>[\/vc_column_text][\/vc_tta_section][\/vc_tta_accordion][\/vc_column][vc_column width=&#8221;2\/3&#8243;][vc_column_text]Hello!<\/p>\n<p>We are always interested in new and exciting <strong>packaging materials<\/strong> and <strong>equipment<\/strong>. If you feel that a high quality product you have to offer might enrich our product portfolio, don\u2019t hesitate to contact our Distributing Department.<\/p>\n<p>Thank you![\/vc_column_text][\/vc_column][\/vc_row]<\/p>\n<\/div>","protected":false},"excerpt":{"rendered":"<p>[vc_row][vc_column width=&#8221;1\/3&#8243;][vc_tta_accordion style=&#8221;outline&#8221; shape=&#8221;square&#8221; color=&#8221;black&#8221; active_section=&#8221;1&#8243; no_fill=&#8221;true&#8221;][vc_tta_section title=&#8221;Purchase Specialist&#8221; tab_id=&#8221;1524751446320-23198a14-4d8e&#8221;][vc_column_text] K\u00e4di K\u00f6\u00f6ba kadi@kektrading.ee +372 5553 0680 [\/vc_column_text][\/vc_tta_section][\/vc_tta_accordion][\/vc_column][vc_column width=&#8221;2\/3&#8243;][vc_column_text]Hello! We are always interested in new and exciting packaging materials and equipment. If you feel that a high quality product you have to offer might enrich our product portfolio, don\u2019t hesitate to contact our Distributing Department. Thank you![\/vc_column_text][\/vc_column][\/vc_row]<\/p>\n","protected":false},"author":1,"featured_media":0,"parent":1369,"menu_order":0,"comment_status":"closed","ping_status":"closed","template":"","meta":{"footnotes":""},"class_list":["post-1379","page","type-page","status-publish","hentry"],"yoast_head":"<!-- This site is optimized with the Yoast SEO plugin v25.9 - https:\/\/yoast.com\/wordpress\/plugins\/seo\/ -->\n<title>Distribution Department | KEK Trading<\/title>\n<meta name=\"robots\" content=\"index, follow, max-snippet:-1, max-image-preview:large, max-video-preview:-1\" \/>\n<link rel=\"canonical\" href=\"https:\/\/kektrading.ee\/en\/contact\/distribution-department\/\" \/>\n<meta property=\"og:locale\" content=\"en_US\" \/>\n<meta property=\"og:type\" content=\"article\" \/>\n<meta property=\"og:title\" content=\"Distribution Department | KEK Trading\" \/>\n<meta property=\"og:description\" content=\"[vc_row][vc_column width=&#8221;1\/3&#8243;][vc_tta_accordion style=&#8221;outline&#8221; shape=&#8221;square&#8221; color=&#8221;black&#8221; active_section=&#8221;1&#8243; no_fill=&#8221;true&#8221;][vc_tta_section title=&#8221;Purchase Specialist&#8221; tab_id=&#8221;1524751446320-23198a14-4d8e&#8221;][vc_column_text] K\u00e4di K\u00f6\u00f6ba kadi@kektrading.ee +372 5553 0680 [\/vc_column_text][\/vc_tta_section][\/vc_tta_accordion][\/vc_column][vc_column width=&#8221;2\/3&#8243;][vc_column_text]Hello! We are always interested in new and exciting packaging materials and equipment. If you feel that a high quality product you have to offer might enrich our product portfolio, don\u2019t hesitate to contact our Distributing Department. Thank you![\/vc_column_text][\/vc_column][\/vc_row]\" \/>\n<meta property=\"og:url\" content=\"https:\/\/kektrading.ee\/en\/contact\/distribution-department\/\" \/>\n<meta property=\"og:site_name\" content=\"KEK Trading\" \/>\n<meta property=\"article:modified_time\" content=\"2018-06-04T18:25:09+00:00\" \/>\n<meta property=\"og:image\" content=\"https:\/\/oasis-solutions.ee\/c\/kektrading\/wp-content\/uploads\/2018\/05\/kadi-214x300.jpg\" \/>\n<meta name=\"twitter:card\" content=\"summary_large_image\" \/>\n<meta name=\"twitter:label1\" content=\"Est. reading time\" \/>\n\t<meta name=\"twitter:data1\" content=\"1 minute\" \/>\n<script type=\"application\/ld+json\" class=\"yoast-schema-graph\">{\"@context\":\"https:\/\/schema.org\",\"@graph\":[{\"@type\":\"WebPage\",\"@id\":\"https:\/\/kektrading.ee\/en\/contact\/distribution-department\/\",\"url\":\"https:\/\/kektrading.ee\/en\/contact\/distribution-department\/\",\"name\":\"Distribution Department | KEK Trading\",\"isPartOf\":{\"@id\":\"https:\/\/kektrading.ee\/en\/#website\"},\"primaryImageOfPage\":{\"@id\":\"https:\/\/kektrading.ee\/en\/contact\/distribution-department\/#primaryimage\"},\"image\":{\"@id\":\"https:\/\/kektrading.ee\/en\/contact\/distribution-department\/#primaryimage\"},\"thumbnailUrl\":\"https:\/\/oasis-solutions.ee\/c\/kektrading\/wp-content\/uploads\/2018\/05\/kadi-214x300.jpg\",\"datePublished\":\"2018-04-26T14:08:10+00:00\",\"dateModified\":\"2018-06-04T18:25:09+00:00\",\"breadcrumb\":{\"@id\":\"https:\/\/kektrading.ee\/en\/contact\/distribution-department\/#breadcrumb\"},\"inLanguage\":\"en-US\",\"potentialAction\":[{\"@type\":\"ReadAction\",\"target\":[\"https:\/\/kektrading.ee\/en\/contact\/distribution-department\/\"]}]},{\"@type\":\"ImageObject\",\"inLanguage\":\"en-US\",\"@id\":\"https:\/\/kektrading.ee\/en\/contact\/distribution-department\/#primaryimage\",\"url\":\"https:\/\/oasis-solutions.ee\/c\/kektrading\/wp-content\/uploads\/2018\/05\/kadi-214x300.jpg\",\"contentUrl\":\"https:\/\/oasis-solutions.ee\/c\/kektrading\/wp-content\/uploads\/2018\/05\/kadi-214x300.jpg\"},{\"@type\":\"BreadcrumbList\",\"@id\":\"https:\/\/kektrading.ee\/en\/contact\/distribution-department\/#breadcrumb\",\"itemListElement\":[{\"@type\":\"ListItem\",\"position\":1,\"name\":\"Home\",\"item\":\"https:\/\/kektrading.ee\/en\/\"},{\"@type\":\"ListItem\",\"position\":2,\"name\":\"Contact\",\"item\":\"https:\/\/kektrading.ee\/en\/kontakt-kek-trading-international\/\"},{\"@type\":\"ListItem\",\"position\":3,\"name\":\"Distribution Department\"}]},{\"@type\":\"WebSite\",\"@id\":\"https:\/\/kektrading.ee\/en\/#website\",\"url\":\"https:\/\/kektrading.ee\/en\/\",\"name\":\"KEK Trading\",\"description\":\"creative packaging\",\"publisher\":{\"@id\":\"https:\/\/kektrading.ee\/en\/#organization\"},\"potentialAction\":[{\"@type\":\"SearchAction\",\"target\":{\"@type\":\"EntryPoint\",\"urlTemplate\":\"https:\/\/kektrading.ee\/en\/?s={search_term_string}\"},\"query-input\":{\"@type\":\"PropertyValueSpecification\",\"valueRequired\":true,\"valueName\":\"search_term_string\"}}],\"inLanguage\":\"en-US\"},{\"@type\":\"Organization\",\"@id\":\"https:\/\/kektrading.ee\/en\/#organization\",\"name\":\"KEK Trading\",\"url\":\"https:\/\/kektrading.ee\/en\/\",\"logo\":{\"@type\":\"ImageObject\",\"inLanguage\":\"en-US\",\"@id\":\"https:\/\/kektrading.ee\/en\/#\/schema\/logo\/image\/\",\"url\":\"https:\/\/kektrading.ee\/wp-content\/uploads\/2018\/04\/Kek_moto_suur-1.png\",\"contentUrl\":\"https:\/\/kektrading.ee\/wp-content\/uploads\/2018\/04\/Kek_moto_suur-1.png\",\"width\":252,\"height\":60,\"caption\":\"KEK Trading\"},\"image\":{\"@id\":\"https:\/\/kektrading.ee\/en\/#\/schema\/logo\/image\/\"}}]}<\/script>\n<!-- \/ Yoast SEO plugin. -->","yoast_head_json":{"title":"Distribution Department | KEK Trading","robots":{"index":"index","follow":"follow","max-snippet":"max-snippet:-1","max-image-preview":"max-image-preview:large","max-video-preview":"max-video-preview:-1"},"canonical":"https:\/\/kektrading.ee\/en\/contact\/distribution-department\/","og_locale":"en_US","og_type":"article","og_title":"Distribution Department | KEK Trading","og_description":"[vc_row][vc_column width=&#8221;1\/3&#8243;][vc_tta_accordion style=&#8221;outline&#8221; shape=&#8221;square&#8221; color=&#8221;black&#8221; active_section=&#8221;1&#8243; no_fill=&#8221;true&#8221;][vc_tta_section title=&#8221;Purchase Specialist&#8221; tab_id=&#8221;1524751446320-23198a14-4d8e&#8221;][vc_column_text] K\u00e4di K\u00f6\u00f6ba kadi@kektrading.ee +372 5553 0680 [\/vc_column_text][\/vc_tta_section][\/vc_tta_accordion][\/vc_column][vc_column width=&#8221;2\/3&#8243;][vc_column_text]Hello! We are always interested in new and exciting packaging materials and equipment. If you feel that a high quality product you have to offer might enrich our product portfolio, don\u2019t hesitate to contact our Distributing Department. Thank you![\/vc_column_text][\/vc_column][\/vc_row]","og_url":"https:\/\/kektrading.ee\/en\/contact\/distribution-department\/","og_site_name":"KEK Trading","article_modified_time":"2018-06-04T18:25:09+00:00","og_image":[{"url":"https:\/\/oasis-solutions.ee\/c\/kektrading\/wp-content\/uploads\/2018\/05\/kadi-214x300.jpg","type":"","width":"","height":""}],"twitter_card":"summary_large_image","twitter_misc":{"Est. reading time":"1 minute"},"schema":{"@context":"https:\/\/schema.org","@graph":[{"@type":"WebPage","@id":"https:\/\/kektrading.ee\/en\/contact\/distribution-department\/","url":"https:\/\/kektrading.ee\/en\/contact\/distribution-department\/","name":"Distribution Department | KEK Trading","isPartOf":{"@id":"https:\/\/kektrading.ee\/en\/#website"},"primaryImageOfPage":{"@id":"https:\/\/kektrading.ee\/en\/contact\/distribution-department\/#primaryimage"},"image":{"@id":"https:\/\/kektrading.ee\/en\/contact\/distribution-department\/#primaryimage"},"thumbnailUrl":"https:\/\/oasis-solutions.ee\/c\/kektrading\/wp-content\/uploads\/2018\/05\/kadi-214x300.jpg","datePublished":"2018-04-26T14:08:10+00:00","dateModified":"2018-06-04T18:25:09+00:00","breadcrumb":{"@id":"https:\/\/kektrading.ee\/en\/contact\/distribution-department\/#breadcrumb"},"inLanguage":"en-US","potentialAction":[{"@type":"ReadAction","target":["https:\/\/kektrading.ee\/en\/contact\/distribution-department\/"]}]},{"@type":"ImageObject","inLanguage":"en-US","@id":"https:\/\/kektrading.ee\/en\/contact\/distribution-department\/#primaryimage","url":"https:\/\/oasis-solutions.ee\/c\/kektrading\/wp-content\/uploads\/2018\/05\/kadi-214x300.jpg","contentUrl":"https:\/\/oasis-solutions.ee\/c\/kektrading\/wp-content\/uploads\/2018\/05\/kadi-214x300.jpg"},{"@type":"BreadcrumbList","@id":"https:\/\/kektrading.ee\/en\/contact\/distribution-department\/#breadcrumb","itemListElement":[{"@type":"ListItem","position":1,"name":"Home","item":"https:\/\/kektrading.ee\/en\/"},{"@type":"ListItem","position":2,"name":"Contact","item":"https:\/\/kektrading.ee\/en\/kontakt-kek-trading-international\/"},{"@type":"ListItem","position":3,"name":"Distribution Department"}]},{"@type":"WebSite","@id":"https:\/\/kektrading.ee\/en\/#website","url":"https:\/\/kektrading.ee\/en\/","name":"KEK Trading","description":"creative packaging","publisher":{"@id":"https:\/\/kektrading.ee\/en\/#organization"},"potentialAction":[{"@type":"SearchAction","target":{"@type":"EntryPoint","urlTemplate":"https:\/\/kektrading.ee\/en\/?s={search_term_string}"},"query-input":{"@type":"PropertyValueSpecification","valueRequired":true,"valueName":"search_term_string"}}],"inLanguage":"en-US"},{"@type":"Organization","@id":"https:\/\/kektrading.ee\/en\/#organization","name":"KEK Trading","url":"https:\/\/kektrading.ee\/en\/","logo":{"@type":"ImageObject","inLanguage":"en-US","@id":"https:\/\/kektrading.ee\/en\/#\/schema\/logo\/image\/","url":"https:\/\/kektrading.ee\/wp-content\/uploads\/2018\/04\/Kek_moto_suur-1.png","contentUrl":"https:\/\/kektrading.ee\/wp-content\/uploads\/2018\/04\/Kek_moto_suur-1.png","width":252,"height":60,"caption":"KEK Trading"},"image":{"@id":"https:\/\/kektrading.ee\/en\/#\/schema\/logo\/image\/"}}]}},"_links":{"self":[{"href":"https:\/\/kektrading.ee\/en\/wp-json\/wp\/v2\/pages\/1379","targetHints":{"allow":["GET"]}}],"collection":[{"href":"https:\/\/kektrading.ee\/en\/wp-json\/wp\/v2\/pages"}],"about":[{"href":"https:\/\/kektrading.ee\/en\/wp-json\/wp\/v2\/types\/page"}],"author":[{"embeddable":true,"href":"https:\/\/kektrading.ee\/en\/wp-json\/wp\/v2\/users\/1"}],"replies":[{"embeddable":true,"href":"https:\/\/kektrading.ee\/en\/wp-json\/wp\/v2\/comments?post=1379"}],"version-history":[{"count":2,"href":"https:\/\/kektrading.ee\/en\/wp-json\/wp\/v2\/pages\/1379\/revisions"}],"predecessor-version":[{"id":1381,"href":"https:\/\/kektrading.ee\/en\/wp-json\/wp\/v2\/pages\/1379\/revisions\/1381"}],"up":[{"embeddable":true,"href":"https:\/\/kektrading.ee\/en\/wp-json\/wp\/v2\/pages\/1369"}],"wp:attachment":[{"href":"https:\/\/kektrading.ee\/en\/wp-json\/wp\/v2\/media?parent=1379"}],"curies":[{"name":"wp","href":"https:\/\/api.w.org\/{rel}","templated":true}]}}