{"id":1357,"date":"2018-05-02T15:35:56","date_gmt":"2018-05-02T12:35:56","guid":{"rendered":"http:\/\/kektrading.ee\/pp-lindi-lauad\/"},"modified":"2022-09-16T14:17:21","modified_gmt":"2022-09-16T11:17:21","slug":"pp-rope-recoil-machine","status":"publish","type":"page","link":"https:\/\/kektrading.ee\/en\/pp-rope-recoil-machine\/","title":{"rendered":"PP rope recoil machine"},"content":{"rendered":"<p><strong>Manual, semi-automatic and automatic PP rope recoil machine?<\/strong><\/p>\n<p>PP rope recoil machine is an efficient helper if you need to join batches that contain several packages or rope together many packages at once. Depending on the capacity needed, you will find a suitable PP rope recoil machine from the assortment offered by KEK Trading.<\/p>\n<p>Manual PP rope recoil machine is a handy and effective tool meant for handling PP ropes. The recoil machine tightens, fastens and cuts the rope. Thanks to its simple construction, the machine is sure to serve you for years to come.<\/p>\n<p>Our Regional Sales Representatives will help you find a suitable rope recoil machine.<\/p>\n<p>&nbsp;<\/p>\n<p>Contacts for obtaining additional information:<\/p>\n<p><strong>Aivo Viljamaa<\/strong>, store\u2019s Project Manager <a href=\"mailto:aivo@kektrading.ee\">aivo@kektrading.ee<\/a> +372 501 7204<\/p>\n","protected":false},"excerpt":{"rendered":"<p>Manual, semi-automatic and automatic PP rope recoil machine? PP rope recoil machine is an efficient helper if you need to join batches that contain several packages or rope together many packages at once. Depending on the capacity needed, you will find a suitable PP rope recoil machine from the assortment offered by KEK Trading. Manual PP rope recoil machine is&hellip;<\/p>\n","protected":false},"author":1,"featured_media":0,"parent":0,"menu_order":0,"comment_status":"closed","ping_status":"closed","template":"","meta":{"footnotes":""},"class_list":["post-1357","page","type-page","status-publish","hentry"],"yoast_head":"<!-- This site is optimized with the Yoast SEO plugin v25.9 - https:\/\/yoast.com\/wordpress\/plugins\/seo\/ -->\n<title>PP rope recoil machine | KEK Trading<\/title>\n<meta name=\"description\" content=\"PP-lindi laud on t\u00f5hus abimees, kui teil on tarvis mitmest pakendist koosnevaid partiisid kokku \u00fchendada v\u00f5i pakendeid lindiga kokku t\u00f5mmata.\" \/>\n<meta name=\"robots\" content=\"index, follow, max-snippet:-1, max-image-preview:large, max-video-preview:-1\" \/>\n<link rel=\"canonical\" href=\"https:\/\/kektrading.ee\/en\/pp-rope-recoil-machine\/\" \/>\n<meta property=\"og:locale\" content=\"en_US\" \/>\n<meta property=\"og:type\" content=\"article\" \/>\n<meta property=\"og:title\" content=\"PP rope recoil machine | KEK Trading\" \/>\n<meta property=\"og:description\" content=\"PP-lindi laud on t\u00f5hus abimees, kui teil on tarvis mitmest pakendist koosnevaid partiisid kokku \u00fchendada v\u00f5i pakendeid lindiga kokku t\u00f5mmata.\" \/>\n<meta property=\"og:url\" content=\"https:\/\/kektrading.ee\/en\/pp-rope-recoil-machine\/\" \/>\n<meta property=\"og:site_name\" content=\"KEK Trading\" \/>\n<meta property=\"article:modified_time\" content=\"2022-09-16T11:17:21+00:00\" \/>\n<meta name=\"twitter:card\" content=\"summary_large_image\" \/>\n<meta name=\"twitter:label1\" content=\"Est. reading time\" \/>\n\t<meta name=\"twitter:data1\" content=\"1 minute\" \/>\n<script type=\"application\/ld+json\" class=\"yoast-schema-graph\">{\"@context\":\"https:\/\/schema.org\",\"@graph\":[{\"@type\":\"WebPage\",\"@id\":\"https:\/\/kektrading.ee\/en\/pp-rope-recoil-machine\/\",\"url\":\"https:\/\/kektrading.ee\/en\/pp-rope-recoil-machine\/\",\"name\":\"PP rope recoil machine | KEK Trading\",\"isPartOf\":{\"@id\":\"https:\/\/kektrading.ee\/en\/#website\"},\"datePublished\":\"2018-05-02T12:35:56+00:00\",\"dateModified\":\"2022-09-16T11:17:21+00:00\",\"description\":\"PP-lindi laud on t\u00f5hus abimees, kui teil on tarvis mitmest pakendist koosnevaid partiisid kokku \u00fchendada v\u00f5i pakendeid lindiga kokku t\u00f5mmata.\",\"breadcrumb\":{\"@id\":\"https:\/\/kektrading.ee\/en\/pp-rope-recoil-machine\/#breadcrumb\"},\"inLanguage\":\"en-US\",\"potentialAction\":[{\"@type\":\"ReadAction\",\"target\":[\"https:\/\/kektrading.ee\/en\/pp-rope-recoil-machine\/\"]}]},{\"@type\":\"BreadcrumbList\",\"@id\":\"https:\/\/kektrading.ee\/en\/pp-rope-recoil-machine\/#breadcrumb\",\"itemListElement\":[{\"@type\":\"ListItem\",\"position\":1,\"name\":\"Home\",\"item\":\"https:\/\/kektrading.ee\/en\/\"},{\"@type\":\"ListItem\",\"position\":2,\"name\":\"PP rope recoil machine\"}]},{\"@type\":\"WebSite\",\"@id\":\"https:\/\/kektrading.ee\/en\/#website\",\"url\":\"https:\/\/kektrading.ee\/en\/\",\"name\":\"KEK Trading\",\"description\":\"creative packaging\",\"publisher\":{\"@id\":\"https:\/\/kektrading.ee\/en\/#organization\"},\"potentialAction\":[{\"@type\":\"SearchAction\",\"target\":{\"@type\":\"EntryPoint\",\"urlTemplate\":\"https:\/\/kektrading.ee\/en\/?s={search_term_string}\"},\"query-input\":{\"@type\":\"PropertyValueSpecification\",\"valueRequired\":true,\"valueName\":\"search_term_string\"}}],\"inLanguage\":\"en-US\"},{\"@type\":\"Organization\",\"@id\":\"https:\/\/kektrading.ee\/en\/#organization\",\"name\":\"KEK Trading\",\"url\":\"https:\/\/kektrading.ee\/en\/\",\"logo\":{\"@type\":\"ImageObject\",\"inLanguage\":\"en-US\",\"@id\":\"https:\/\/kektrading.ee\/en\/#\/schema\/logo\/image\/\",\"url\":\"https:\/\/kektrading.ee\/wp-content\/uploads\/2018\/04\/Kek_moto_suur-1.png\",\"contentUrl\":\"https:\/\/kektrading.ee\/wp-content\/uploads\/2018\/04\/Kek_moto_suur-1.png\",\"width\":252,\"height\":60,\"caption\":\"KEK Trading\"},\"image\":{\"@id\":\"https:\/\/kektrading.ee\/en\/#\/schema\/logo\/image\/\"}}]}<\/script>\n<!-- \/ Yoast SEO plugin. -->","yoast_head_json":{"title":"PP rope recoil machine | KEK Trading","description":"PP-lindi laud on t\u00f5hus abimees, kui teil on tarvis mitmest pakendist koosnevaid partiisid kokku \u00fchendada v\u00f5i pakendeid lindiga kokku t\u00f5mmata.","robots":{"index":"index","follow":"follow","max-snippet":"max-snippet:-1","max-image-preview":"max-image-preview:large","max-video-preview":"max-video-preview:-1"},"canonical":"https:\/\/kektrading.ee\/en\/pp-rope-recoil-machine\/","og_locale":"en_US","og_type":"article","og_title":"PP rope recoil machine | KEK Trading","og_description":"PP-lindi laud on t\u00f5hus abimees, kui teil on tarvis mitmest pakendist koosnevaid partiisid kokku \u00fchendada v\u00f5i pakendeid lindiga kokku t\u00f5mmata.","og_url":"https:\/\/kektrading.ee\/en\/pp-rope-recoil-machine\/","og_site_name":"KEK Trading","article_modified_time":"2022-09-16T11:17:21+00:00","twitter_card":"summary_large_image","twitter_misc":{"Est. reading time":"1 minute"},"schema":{"@context":"https:\/\/schema.org","@graph":[{"@type":"WebPage","@id":"https:\/\/kektrading.ee\/en\/pp-rope-recoil-machine\/","url":"https:\/\/kektrading.ee\/en\/pp-rope-recoil-machine\/","name":"PP rope recoil machine | KEK Trading","isPartOf":{"@id":"https:\/\/kektrading.ee\/en\/#website"},"datePublished":"2018-05-02T12:35:56+00:00","dateModified":"2022-09-16T11:17:21+00:00","description":"PP-lindi laud on t\u00f5hus abimees, kui teil on tarvis mitmest pakendist koosnevaid partiisid kokku \u00fchendada v\u00f5i pakendeid lindiga kokku t\u00f5mmata.","breadcrumb":{"@id":"https:\/\/kektrading.ee\/en\/pp-rope-recoil-machine\/#breadcrumb"},"inLanguage":"en-US","potentialAction":[{"@type":"ReadAction","target":["https:\/\/kektrading.ee\/en\/pp-rope-recoil-machine\/"]}]},{"@type":"BreadcrumbList","@id":"https:\/\/kektrading.ee\/en\/pp-rope-recoil-machine\/#breadcrumb","itemListElement":[{"@type":"ListItem","position":1,"name":"Home","item":"https:\/\/kektrading.ee\/en\/"},{"@type":"ListItem","position":2,"name":"PP rope recoil machine"}]},{"@type":"WebSite","@id":"https:\/\/kektrading.ee\/en\/#website","url":"https:\/\/kektrading.ee\/en\/","name":"KEK Trading","description":"creative packaging","publisher":{"@id":"https:\/\/kektrading.ee\/en\/#organization"},"potentialAction":[{"@type":"SearchAction","target":{"@type":"EntryPoint","urlTemplate":"https:\/\/kektrading.ee\/en\/?s={search_term_string}"},"query-input":{"@type":"PropertyValueSpecification","valueRequired":true,"valueName":"search_term_string"}}],"inLanguage":"en-US"},{"@type":"Organization","@id":"https:\/\/kektrading.ee\/en\/#organization","name":"KEK Trading","url":"https:\/\/kektrading.ee\/en\/","logo":{"@type":"ImageObject","inLanguage":"en-US","@id":"https:\/\/kektrading.ee\/en\/#\/schema\/logo\/image\/","url":"https:\/\/kektrading.ee\/wp-content\/uploads\/2018\/04\/Kek_moto_suur-1.png","contentUrl":"https:\/\/kektrading.ee\/wp-content\/uploads\/2018\/04\/Kek_moto_suur-1.png","width":252,"height":60,"caption":"KEK Trading"},"image":{"@id":"https:\/\/kektrading.ee\/en\/#\/schema\/logo\/image\/"}}]}},"_links":{"self":[{"href":"https:\/\/kektrading.ee\/en\/wp-json\/wp\/v2\/pages\/1357","targetHints":{"allow":["GET"]}}],"collection":[{"href":"https:\/\/kektrading.ee\/en\/wp-json\/wp\/v2\/pages"}],"about":[{"href":"https:\/\/kektrading.ee\/en\/wp-json\/wp\/v2\/types\/page"}],"author":[{"embeddable":true,"href":"https:\/\/kektrading.ee\/en\/wp-json\/wp\/v2\/users\/1"}],"replies":[{"embeddable":true,"href":"https:\/\/kektrading.ee\/en\/wp-json\/wp\/v2\/comments?post=1357"}],"version-history":[{"count":3,"href":"https:\/\/kektrading.ee\/en\/wp-json\/wp\/v2\/pages\/1357\/revisions"}],"predecessor-version":[{"id":1871,"href":"https:\/\/kektrading.ee\/en\/wp-json\/wp\/v2\/pages\/1357\/revisions\/1871"}],"wp:attachment":[{"href":"https:\/\/kektrading.ee\/en\/wp-json\/wp\/v2\/media?parent=1357"}],"curies":[{"name":"wp","href":"https:\/\/api.w.org\/{rel}","templated":true}]}}