{"id":1354,"date":"2018-05-02T15:35:30","date_gmt":"2018-05-02T12:35:30","guid":{"rendered":"http:\/\/kektrading.ee\/alusekiletajad\/"},"modified":"2022-09-16T14:23:04","modified_gmt":"2022-09-16T11:23:04","slug":"stretch-wrappers","status":"publish","type":"page","link":"https:\/\/kektrading.ee\/en\/stretch-wrappers\/","title":{"rendered":"Stretch wrappers"},"content":{"rendered":"<p><strong>The stretch wrappers can be divided into automatic and semi-automatic ones <\/strong><\/p>\n<p>Automatic stretch wrappers can cover up more than 120 pallets of products in an hour. Lower performance automatic stretch wrappers\u2019 production capacity is between 30 to 80 pallets.<\/p>\n<p>&nbsp;<\/p>\n<p>If there is need for a wrapper with smaller capacity, have a look at our semi-automatic stretch wrappers. We are certain that our Regional Sales Representatives will find you a suitable product.<\/p>\n<p>Contacts for obtaining additional information:<\/p>\n<p><strong>Aivo Viljamaa<\/strong>, store\u2019s Project Manager <a href=\"mailto:aivo@kektrading.ee\">aivo@kektrading.ee<\/a> +372 501 7204<\/p>\n","protected":false},"excerpt":{"rendered":"<p>The stretch wrappers can be divided into automatic and semi-automatic ones Automatic stretch wrappers can cover up more than 120 pallets of products in an hour. Lower performance automatic stretch wrappers\u2019 production capacity is between 30 to 80 pallets. &nbsp; If there is need for a wrapper with smaller capacity, have a look at our semi-automatic stretch wrappers. We are&hellip;<\/p>\n","protected":false},"author":1,"featured_media":0,"parent":0,"menu_order":0,"comment_status":"closed","ping_status":"closed","template":"","meta":{"footnotes":""},"class_list":["post-1354","page","type-page","status-publish","hentry"],"yoast_head":"<!-- This site is optimized with the Yoast SEO plugin v25.9 - https:\/\/yoast.com\/wordpress\/plugins\/seo\/ -->\n<title>Automaatsed ja poolautomaatsed alusekiletajad | KEK Trading<\/title>\n<meta name=\"description\" content=\"Automaatsed alusekiletajad suudavad tunni aja jooksul kiletada \u00fcle 120 aluse. V\u00e4iksema j\u00f5udlusega alusekiletajate tootmisv\u00f5imsus j\u00e4\u00e4b 30-80 aluse vahele.\" \/>\n<meta name=\"robots\" content=\"index, follow, max-snippet:-1, max-image-preview:large, max-video-preview:-1\" \/>\n<link rel=\"canonical\" href=\"https:\/\/kektrading.ee\/en\/stretch-wrappers\/\" \/>\n<meta property=\"og:locale\" content=\"en_US\" \/>\n<meta property=\"og:type\" content=\"article\" \/>\n<meta property=\"og:title\" content=\"Automaatsed ja poolautomaatsed alusekiletajad | KEK Trading\" \/>\n<meta property=\"og:description\" content=\"Automaatsed alusekiletajad suudavad tunni aja jooksul kiletada \u00fcle 120 aluse. V\u00e4iksema j\u00f5udlusega alusekiletajate tootmisv\u00f5imsus j\u00e4\u00e4b 30-80 aluse vahele.\" \/>\n<meta property=\"og:url\" content=\"https:\/\/kektrading.ee\/en\/stretch-wrappers\/\" \/>\n<meta property=\"og:site_name\" content=\"KEK Trading\" \/>\n<meta property=\"article:modified_time\" content=\"2022-09-16T11:23:04+00:00\" \/>\n<meta name=\"twitter:card\" content=\"summary_large_image\" \/>\n<script type=\"application\/ld+json\" class=\"yoast-schema-graph\">{\"@context\":\"https:\/\/schema.org\",\"@graph\":[{\"@type\":\"WebPage\",\"@id\":\"https:\/\/kektrading.ee\/en\/stretch-wrappers\/\",\"url\":\"https:\/\/kektrading.ee\/en\/stretch-wrappers\/\",\"name\":\"Automaatsed ja poolautomaatsed alusekiletajad | KEK Trading\",\"isPartOf\":{\"@id\":\"https:\/\/kektrading.ee\/en\/#website\"},\"datePublished\":\"2018-05-02T12:35:30+00:00\",\"dateModified\":\"2022-09-16T11:23:04+00:00\",\"description\":\"Automaatsed alusekiletajad suudavad tunni aja jooksul kiletada \u00fcle 120 aluse. V\u00e4iksema j\u00f5udlusega alusekiletajate tootmisv\u00f5imsus j\u00e4\u00e4b 30-80 aluse vahele.\",\"breadcrumb\":{\"@id\":\"https:\/\/kektrading.ee\/en\/stretch-wrappers\/#breadcrumb\"},\"inLanguage\":\"en-US\",\"potentialAction\":[{\"@type\":\"ReadAction\",\"target\":[\"https:\/\/kektrading.ee\/en\/stretch-wrappers\/\"]}]},{\"@type\":\"BreadcrumbList\",\"@id\":\"https:\/\/kektrading.ee\/en\/stretch-wrappers\/#breadcrumb\",\"itemListElement\":[{\"@type\":\"ListItem\",\"position\":1,\"name\":\"Home\",\"item\":\"https:\/\/kektrading.ee\/en\/\"},{\"@type\":\"ListItem\",\"position\":2,\"name\":\"Stretch wrappers\"}]},{\"@type\":\"WebSite\",\"@id\":\"https:\/\/kektrading.ee\/en\/#website\",\"url\":\"https:\/\/kektrading.ee\/en\/\",\"name\":\"KEK Trading\",\"description\":\"creative packaging\",\"publisher\":{\"@id\":\"https:\/\/kektrading.ee\/en\/#organization\"},\"potentialAction\":[{\"@type\":\"SearchAction\",\"target\":{\"@type\":\"EntryPoint\",\"urlTemplate\":\"https:\/\/kektrading.ee\/en\/?s={search_term_string}\"},\"query-input\":{\"@type\":\"PropertyValueSpecification\",\"valueRequired\":true,\"valueName\":\"search_term_string\"}}],\"inLanguage\":\"en-US\"},{\"@type\":\"Organization\",\"@id\":\"https:\/\/kektrading.ee\/en\/#organization\",\"name\":\"KEK Trading\",\"url\":\"https:\/\/kektrading.ee\/en\/\",\"logo\":{\"@type\":\"ImageObject\",\"inLanguage\":\"en-US\",\"@id\":\"https:\/\/kektrading.ee\/en\/#\/schema\/logo\/image\/\",\"url\":\"https:\/\/kektrading.ee\/wp-content\/uploads\/2018\/04\/Kek_moto_suur-1.png\",\"contentUrl\":\"https:\/\/kektrading.ee\/wp-content\/uploads\/2018\/04\/Kek_moto_suur-1.png\",\"width\":252,\"height\":60,\"caption\":\"KEK Trading\"},\"image\":{\"@id\":\"https:\/\/kektrading.ee\/en\/#\/schema\/logo\/image\/\"}}]}<\/script>\n<!-- \/ Yoast SEO plugin. -->","yoast_head_json":{"title":"Automaatsed ja poolautomaatsed alusekiletajad | KEK Trading","description":"Automaatsed alusekiletajad suudavad tunni aja jooksul kiletada \u00fcle 120 aluse. V\u00e4iksema j\u00f5udlusega alusekiletajate tootmisv\u00f5imsus j\u00e4\u00e4b 30-80 aluse vahele.","robots":{"index":"index","follow":"follow","max-snippet":"max-snippet:-1","max-image-preview":"max-image-preview:large","max-video-preview":"max-video-preview:-1"},"canonical":"https:\/\/kektrading.ee\/en\/stretch-wrappers\/","og_locale":"en_US","og_type":"article","og_title":"Automaatsed ja poolautomaatsed alusekiletajad | KEK Trading","og_description":"Automaatsed alusekiletajad suudavad tunni aja jooksul kiletada \u00fcle 120 aluse. V\u00e4iksema j\u00f5udlusega alusekiletajate tootmisv\u00f5imsus j\u00e4\u00e4b 30-80 aluse vahele.","og_url":"https:\/\/kektrading.ee\/en\/stretch-wrappers\/","og_site_name":"KEK Trading","article_modified_time":"2022-09-16T11:23:04+00:00","twitter_card":"summary_large_image","schema":{"@context":"https:\/\/schema.org","@graph":[{"@type":"WebPage","@id":"https:\/\/kektrading.ee\/en\/stretch-wrappers\/","url":"https:\/\/kektrading.ee\/en\/stretch-wrappers\/","name":"Automaatsed ja poolautomaatsed alusekiletajad | KEK Trading","isPartOf":{"@id":"https:\/\/kektrading.ee\/en\/#website"},"datePublished":"2018-05-02T12:35:30+00:00","dateModified":"2022-09-16T11:23:04+00:00","description":"Automaatsed alusekiletajad suudavad tunni aja jooksul kiletada \u00fcle 120 aluse. V\u00e4iksema j\u00f5udlusega alusekiletajate tootmisv\u00f5imsus j\u00e4\u00e4b 30-80 aluse vahele.","breadcrumb":{"@id":"https:\/\/kektrading.ee\/en\/stretch-wrappers\/#breadcrumb"},"inLanguage":"en-US","potentialAction":[{"@type":"ReadAction","target":["https:\/\/kektrading.ee\/en\/stretch-wrappers\/"]}]},{"@type":"BreadcrumbList","@id":"https:\/\/kektrading.ee\/en\/stretch-wrappers\/#breadcrumb","itemListElement":[{"@type":"ListItem","position":1,"name":"Home","item":"https:\/\/kektrading.ee\/en\/"},{"@type":"ListItem","position":2,"name":"Stretch wrappers"}]},{"@type":"WebSite","@id":"https:\/\/kektrading.ee\/en\/#website","url":"https:\/\/kektrading.ee\/en\/","name":"KEK Trading","description":"creative packaging","publisher":{"@id":"https:\/\/kektrading.ee\/en\/#organization"},"potentialAction":[{"@type":"SearchAction","target":{"@type":"EntryPoint","urlTemplate":"https:\/\/kektrading.ee\/en\/?s={search_term_string}"},"query-input":{"@type":"PropertyValueSpecification","valueRequired":true,"valueName":"search_term_string"}}],"inLanguage":"en-US"},{"@type":"Organization","@id":"https:\/\/kektrading.ee\/en\/#organization","name":"KEK Trading","url":"https:\/\/kektrading.ee\/en\/","logo":{"@type":"ImageObject","inLanguage":"en-US","@id":"https:\/\/kektrading.ee\/en\/#\/schema\/logo\/image\/","url":"https:\/\/kektrading.ee\/wp-content\/uploads\/2018\/04\/Kek_moto_suur-1.png","contentUrl":"https:\/\/kektrading.ee\/wp-content\/uploads\/2018\/04\/Kek_moto_suur-1.png","width":252,"height":60,"caption":"KEK Trading"},"image":{"@id":"https:\/\/kektrading.ee\/en\/#\/schema\/logo\/image\/"}}]}},"_links":{"self":[{"href":"https:\/\/kektrading.ee\/en\/wp-json\/wp\/v2\/pages\/1354","targetHints":{"allow":["GET"]}}],"collection":[{"href":"https:\/\/kektrading.ee\/en\/wp-json\/wp\/v2\/pages"}],"about":[{"href":"https:\/\/kektrading.ee\/en\/wp-json\/wp\/v2\/types\/page"}],"author":[{"embeddable":true,"href":"https:\/\/kektrading.ee\/en\/wp-json\/wp\/v2\/users\/1"}],"replies":[{"embeddable":true,"href":"https:\/\/kektrading.ee\/en\/wp-json\/wp\/v2\/comments?post=1354"}],"version-history":[{"count":3,"href":"https:\/\/kektrading.ee\/en\/wp-json\/wp\/v2\/pages\/1354\/revisions"}],"predecessor-version":[{"id":1883,"href":"https:\/\/kektrading.ee\/en\/wp-json\/wp\/v2\/pages\/1354\/revisions\/1883"}],"wp:attachment":[{"href":"https:\/\/kektrading.ee\/en\/wp-json\/wp\/v2\/media?parent=1354"}],"curies":[{"name":"wp","href":"https:\/\/api.w.org\/{rel}","templated":true}]}}