{"id":1351,"date":"2018-05-02T15:35:00","date_gmt":"2018-05-02T12:35:00","guid":{"rendered":"http:\/\/kektrading.ee\/kasiseadmed\/"},"modified":"2022-09-16T14:22:03","modified_gmt":"2022-09-16T11:22:03","slug":"manual-tools","status":"publish","type":"page","link":"https:\/\/kektrading.ee\/en\/manual-tools\/","title":{"rendered":"Manual tools"},"content":{"rendered":"<p><strong>Manual tools facilitate the usage of smaller packaging materials<\/strong><\/p>\n<p>The aim of developing the manual packaging tools is to make the process of packing as easy and effective as possible. The bigger the work load, the more useful and cost-efficient it is to use packaging equipment. That also includes swapping the tools for more effective ones.<br \/>\nIf you have found the suitable tools form our assortment, don\u2019t forget to contact our Regional Sales Representative to make the necessary inquiries.<\/p>\n<p>Contacts for obtaining additional information:<\/p>\n<p><strong>Aivo Viljamaa<\/strong>, store\u2019s Project Manager <a href=\"mailto:aivo@kektrading.ee\">aivo@kektrading.ee<\/a> +372 501 7204<\/p>\n","protected":false},"excerpt":{"rendered":"<p>Manual tools facilitate the usage of smaller packaging materials The aim of developing the manual packaging tools is to make the process of packing as easy and effective as possible. The bigger the work load, the more useful and cost-efficient it is to use packaging equipment. That also includes swapping the tools for more effective ones. If you have found&hellip;<\/p>\n","protected":false},"author":1,"featured_media":0,"parent":0,"menu_order":0,"comment_status":"closed","ping_status":"closed","template":"","meta":{"footnotes":""},"class_list":["post-1351","page","type-page","status-publish","hentry"],"yoast_head":"<!-- This site is optimized with the Yoast SEO plugin v25.9 - https:\/\/yoast.com\/wordpress\/plugins\/seo\/ -->\n<title>Manual tools pakkematerjalide kasutamiseks | KEK Trading<\/title>\n<meta name=\"description\" content=\"K\u00e4siseadmed lihtsustavad v\u00e4iksemate pakkematerjalide kasutamist. Mida suurem on t\u00f6\u00f6koormus, seda suuremat kasu ning kokkuhoidu on v\u00f5imalik saavutada...\" \/>\n<meta name=\"robots\" content=\"index, follow, max-snippet:-1, max-image-preview:large, max-video-preview:-1\" \/>\n<link rel=\"canonical\" href=\"https:\/\/kektrading.ee\/en\/manual-tools\/\" \/>\n<meta property=\"og:locale\" content=\"en_US\" \/>\n<meta property=\"og:type\" content=\"article\" \/>\n<meta property=\"og:title\" content=\"Manual tools pakkematerjalide kasutamiseks | KEK Trading\" \/>\n<meta property=\"og:description\" content=\"K\u00e4siseadmed lihtsustavad v\u00e4iksemate pakkematerjalide kasutamist. Mida suurem on t\u00f6\u00f6koormus, seda suuremat kasu ning kokkuhoidu on v\u00f5imalik saavutada...\" \/>\n<meta property=\"og:url\" content=\"https:\/\/kektrading.ee\/en\/manual-tools\/\" \/>\n<meta property=\"og:site_name\" content=\"KEK Trading\" \/>\n<meta property=\"article:modified_time\" content=\"2022-09-16T11:22:03+00:00\" \/>\n<meta name=\"twitter:card\" content=\"summary_large_image\" \/>\n<script type=\"application\/ld+json\" class=\"yoast-schema-graph\">{\"@context\":\"https:\/\/schema.org\",\"@graph\":[{\"@type\":\"WebPage\",\"@id\":\"https:\/\/kektrading.ee\/en\/manual-tools\/\",\"url\":\"https:\/\/kektrading.ee\/en\/manual-tools\/\",\"name\":\"Manual tools pakkematerjalide kasutamiseks | KEK Trading\",\"isPartOf\":{\"@id\":\"https:\/\/kektrading.ee\/en\/#website\"},\"datePublished\":\"2018-05-02T12:35:00+00:00\",\"dateModified\":\"2022-09-16T11:22:03+00:00\",\"description\":\"K\u00e4siseadmed lihtsustavad v\u00e4iksemate pakkematerjalide kasutamist. Mida suurem on t\u00f6\u00f6koormus, seda suuremat kasu ning kokkuhoidu on v\u00f5imalik saavutada...\",\"breadcrumb\":{\"@id\":\"https:\/\/kektrading.ee\/en\/manual-tools\/#breadcrumb\"},\"inLanguage\":\"en-US\",\"potentialAction\":[{\"@type\":\"ReadAction\",\"target\":[\"https:\/\/kektrading.ee\/en\/manual-tools\/\"]}]},{\"@type\":\"BreadcrumbList\",\"@id\":\"https:\/\/kektrading.ee\/en\/manual-tools\/#breadcrumb\",\"itemListElement\":[{\"@type\":\"ListItem\",\"position\":1,\"name\":\"Home\",\"item\":\"https:\/\/kektrading.ee\/en\/\"},{\"@type\":\"ListItem\",\"position\":2,\"name\":\"Manual tools\"}]},{\"@type\":\"WebSite\",\"@id\":\"https:\/\/kektrading.ee\/en\/#website\",\"url\":\"https:\/\/kektrading.ee\/en\/\",\"name\":\"KEK Trading\",\"description\":\"creative packaging\",\"publisher\":{\"@id\":\"https:\/\/kektrading.ee\/en\/#organization\"},\"potentialAction\":[{\"@type\":\"SearchAction\",\"target\":{\"@type\":\"EntryPoint\",\"urlTemplate\":\"https:\/\/kektrading.ee\/en\/?s={search_term_string}\"},\"query-input\":{\"@type\":\"PropertyValueSpecification\",\"valueRequired\":true,\"valueName\":\"search_term_string\"}}],\"inLanguage\":\"en-US\"},{\"@type\":\"Organization\",\"@id\":\"https:\/\/kektrading.ee\/en\/#organization\",\"name\":\"KEK Trading\",\"url\":\"https:\/\/kektrading.ee\/en\/\",\"logo\":{\"@type\":\"ImageObject\",\"inLanguage\":\"en-US\",\"@id\":\"https:\/\/kektrading.ee\/en\/#\/schema\/logo\/image\/\",\"url\":\"https:\/\/kektrading.ee\/wp-content\/uploads\/2018\/04\/Kek_moto_suur-1.png\",\"contentUrl\":\"https:\/\/kektrading.ee\/wp-content\/uploads\/2018\/04\/Kek_moto_suur-1.png\",\"width\":252,\"height\":60,\"caption\":\"KEK Trading\"},\"image\":{\"@id\":\"https:\/\/kektrading.ee\/en\/#\/schema\/logo\/image\/\"}}]}<\/script>\n<!-- \/ Yoast SEO plugin. -->","yoast_head_json":{"title":"Manual tools pakkematerjalide kasutamiseks | KEK Trading","description":"K\u00e4siseadmed lihtsustavad v\u00e4iksemate pakkematerjalide kasutamist. Mida suurem on t\u00f6\u00f6koormus, seda suuremat kasu ning kokkuhoidu on v\u00f5imalik saavutada...","robots":{"index":"index","follow":"follow","max-snippet":"max-snippet:-1","max-image-preview":"max-image-preview:large","max-video-preview":"max-video-preview:-1"},"canonical":"https:\/\/kektrading.ee\/en\/manual-tools\/","og_locale":"en_US","og_type":"article","og_title":"Manual tools pakkematerjalide kasutamiseks | KEK Trading","og_description":"K\u00e4siseadmed lihtsustavad v\u00e4iksemate pakkematerjalide kasutamist. Mida suurem on t\u00f6\u00f6koormus, seda suuremat kasu ning kokkuhoidu on v\u00f5imalik saavutada...","og_url":"https:\/\/kektrading.ee\/en\/manual-tools\/","og_site_name":"KEK Trading","article_modified_time":"2022-09-16T11:22:03+00:00","twitter_card":"summary_large_image","schema":{"@context":"https:\/\/schema.org","@graph":[{"@type":"WebPage","@id":"https:\/\/kektrading.ee\/en\/manual-tools\/","url":"https:\/\/kektrading.ee\/en\/manual-tools\/","name":"Manual tools pakkematerjalide kasutamiseks | KEK Trading","isPartOf":{"@id":"https:\/\/kektrading.ee\/en\/#website"},"datePublished":"2018-05-02T12:35:00+00:00","dateModified":"2022-09-16T11:22:03+00:00","description":"K\u00e4siseadmed lihtsustavad v\u00e4iksemate pakkematerjalide kasutamist. Mida suurem on t\u00f6\u00f6koormus, seda suuremat kasu ning kokkuhoidu on v\u00f5imalik saavutada...","breadcrumb":{"@id":"https:\/\/kektrading.ee\/en\/manual-tools\/#breadcrumb"},"inLanguage":"en-US","potentialAction":[{"@type":"ReadAction","target":["https:\/\/kektrading.ee\/en\/manual-tools\/"]}]},{"@type":"BreadcrumbList","@id":"https:\/\/kektrading.ee\/en\/manual-tools\/#breadcrumb","itemListElement":[{"@type":"ListItem","position":1,"name":"Home","item":"https:\/\/kektrading.ee\/en\/"},{"@type":"ListItem","position":2,"name":"Manual tools"}]},{"@type":"WebSite","@id":"https:\/\/kektrading.ee\/en\/#website","url":"https:\/\/kektrading.ee\/en\/","name":"KEK Trading","description":"creative packaging","publisher":{"@id":"https:\/\/kektrading.ee\/en\/#organization"},"potentialAction":[{"@type":"SearchAction","target":{"@type":"EntryPoint","urlTemplate":"https:\/\/kektrading.ee\/en\/?s={search_term_string}"},"query-input":{"@type":"PropertyValueSpecification","valueRequired":true,"valueName":"search_term_string"}}],"inLanguage":"en-US"},{"@type":"Organization","@id":"https:\/\/kektrading.ee\/en\/#organization","name":"KEK Trading","url":"https:\/\/kektrading.ee\/en\/","logo":{"@type":"ImageObject","inLanguage":"en-US","@id":"https:\/\/kektrading.ee\/en\/#\/schema\/logo\/image\/","url":"https:\/\/kektrading.ee\/wp-content\/uploads\/2018\/04\/Kek_moto_suur-1.png","contentUrl":"https:\/\/kektrading.ee\/wp-content\/uploads\/2018\/04\/Kek_moto_suur-1.png","width":252,"height":60,"caption":"KEK Trading"},"image":{"@id":"https:\/\/kektrading.ee\/en\/#\/schema\/logo\/image\/"}}]}},"_links":{"self":[{"href":"https:\/\/kektrading.ee\/en\/wp-json\/wp\/v2\/pages\/1351","targetHints":{"allow":["GET"]}}],"collection":[{"href":"https:\/\/kektrading.ee\/en\/wp-json\/wp\/v2\/pages"}],"about":[{"href":"https:\/\/kektrading.ee\/en\/wp-json\/wp\/v2\/types\/page"}],"author":[{"embeddable":true,"href":"https:\/\/kektrading.ee\/en\/wp-json\/wp\/v2\/users\/1"}],"replies":[{"embeddable":true,"href":"https:\/\/kektrading.ee\/en\/wp-json\/wp\/v2\/comments?post=1351"}],"version-history":[{"count":3,"href":"https:\/\/kektrading.ee\/en\/wp-json\/wp\/v2\/pages\/1351\/revisions"}],"predecessor-version":[{"id":1881,"href":"https:\/\/kektrading.ee\/en\/wp-json\/wp\/v2\/pages\/1351\/revisions\/1881"}],"wp:attachment":[{"href":"https:\/\/kektrading.ee\/en\/wp-json\/wp\/v2\/media?parent=1351"}],"curies":[{"name":"wp","href":"https:\/\/api.w.org\/{rel}","templated":true}]}}