{"id":1335,"date":"2018-05-02T15:29:57","date_gmt":"2018-05-02T12:29:57","guid":{"rendered":"http:\/\/kektrading.ee\/kilekotid\/"},"modified":"2022-09-16T14:21:12","modified_gmt":"2022-09-16T11:21:12","slug":"plastic-bags","status":"publish","type":"page","link":"https:\/\/kektrading.ee\/en\/plastic-bags\/","title":{"rendered":"Plastic bags"},"content":{"rendered":"<p><strong>The field of application for plastic bags is very wide<\/strong><\/p>\n<p>Plastic bags are practical and therefore they are widely used. To meet the needs of our clients, we offer a very wide variety of plastic bags. KEK Trading\u2019s product portfolio includes plastic bags starting from the really thin and rustling plastic bags often used for packing fruits and vegetables in while shopping to thick big plastic bags used for packing big products.<\/p>\n<p>For large quantities it is essential to find the bag with optimal size and thickness. Additionally, the right packaging equipment must also be chosen. We are happy to help in trying to find the most effective packing solutions for your products.<\/p>\n<p>&nbsp;<\/p>\n<p>Contacts for obtaining additional information:<\/p>\n<p><strong>Aivo Viljamaa<\/strong>, store\u2019s Project Manager <a href=\"mailto:aivo@kektrading.ee\">aivo@kektrading.ee<\/a> +372 501 7204<\/p>\n","protected":false},"excerpt":{"rendered":"<p>The field of application for plastic bags is very wide Plastic bags are practical and therefore they are widely used. To meet the needs of our clients, we offer a very wide variety of plastic bags. KEK Trading\u2019s product portfolio includes plastic bags starting from the really thin and rustling plastic bags often used for packing fruits and vegetables in&hellip;<\/p>\n","protected":false},"author":1,"featured_media":0,"parent":0,"menu_order":0,"comment_status":"closed","ping_status":"closed","template":"","meta":{"footnotes":""},"class_list":["post-1335","page","type-page","status-publish","hentry"],"yoast_head":"<!-- This site is optimized with the Yoast SEO plugin v25.9 - https:\/\/yoast.com\/wordpress\/plugins\/seo\/ -->\n<title>Plastic bags - \u00f5hukesed, paksud, krabisevad... | KEK Trading<\/title>\n<meta name=\"description\" content=\"Kilekotid on v\u00e4ga praktilised ning seet\u00f5ttu on nende kasutamine laialt levinud. Pakume klientidele v\u00e4ga laia valikut erinevaid kilekotte.\" \/>\n<meta name=\"robots\" content=\"index, follow, max-snippet:-1, max-image-preview:large, max-video-preview:-1\" \/>\n<link rel=\"canonical\" href=\"https:\/\/kektrading.ee\/en\/plastic-bags\/\" \/>\n<meta property=\"og:locale\" content=\"en_US\" \/>\n<meta property=\"og:type\" content=\"article\" \/>\n<meta property=\"og:title\" content=\"Plastic bags - \u00f5hukesed, paksud, krabisevad... | KEK Trading\" \/>\n<meta property=\"og:description\" content=\"Kilekotid on v\u00e4ga praktilised ning seet\u00f5ttu on nende kasutamine laialt levinud. Pakume klientidele v\u00e4ga laia valikut erinevaid kilekotte.\" \/>\n<meta property=\"og:url\" content=\"https:\/\/kektrading.ee\/en\/plastic-bags\/\" \/>\n<meta property=\"og:site_name\" content=\"KEK Trading\" \/>\n<meta property=\"article:modified_time\" content=\"2022-09-16T11:21:12+00:00\" \/>\n<meta name=\"twitter:card\" content=\"summary_large_image\" \/>\n<meta name=\"twitter:label1\" content=\"Est. reading time\" \/>\n\t<meta name=\"twitter:data1\" content=\"1 minute\" \/>\n<script type=\"application\/ld+json\" class=\"yoast-schema-graph\">{\"@context\":\"https:\/\/schema.org\",\"@graph\":[{\"@type\":\"WebPage\",\"@id\":\"https:\/\/kektrading.ee\/en\/plastic-bags\/\",\"url\":\"https:\/\/kektrading.ee\/en\/plastic-bags\/\",\"name\":\"Plastic bags - \u00f5hukesed, paksud, krabisevad... | KEK Trading\",\"isPartOf\":{\"@id\":\"https:\/\/kektrading.ee\/en\/#website\"},\"datePublished\":\"2018-05-02T12:29:57+00:00\",\"dateModified\":\"2022-09-16T11:21:12+00:00\",\"description\":\"Kilekotid on v\u00e4ga praktilised ning seet\u00f5ttu on nende kasutamine laialt levinud. Pakume klientidele v\u00e4ga laia valikut erinevaid kilekotte.\",\"breadcrumb\":{\"@id\":\"https:\/\/kektrading.ee\/en\/plastic-bags\/#breadcrumb\"},\"inLanguage\":\"en-US\",\"potentialAction\":[{\"@type\":\"ReadAction\",\"target\":[\"https:\/\/kektrading.ee\/en\/plastic-bags\/\"]}]},{\"@type\":\"BreadcrumbList\",\"@id\":\"https:\/\/kektrading.ee\/en\/plastic-bags\/#breadcrumb\",\"itemListElement\":[{\"@type\":\"ListItem\",\"position\":1,\"name\":\"Home\",\"item\":\"https:\/\/kektrading.ee\/en\/\"},{\"@type\":\"ListItem\",\"position\":2,\"name\":\"Plastic bags\"}]},{\"@type\":\"WebSite\",\"@id\":\"https:\/\/kektrading.ee\/en\/#website\",\"url\":\"https:\/\/kektrading.ee\/en\/\",\"name\":\"KEK Trading\",\"description\":\"creative packaging\",\"publisher\":{\"@id\":\"https:\/\/kektrading.ee\/en\/#organization\"},\"potentialAction\":[{\"@type\":\"SearchAction\",\"target\":{\"@type\":\"EntryPoint\",\"urlTemplate\":\"https:\/\/kektrading.ee\/en\/?s={search_term_string}\"},\"query-input\":{\"@type\":\"PropertyValueSpecification\",\"valueRequired\":true,\"valueName\":\"search_term_string\"}}],\"inLanguage\":\"en-US\"},{\"@type\":\"Organization\",\"@id\":\"https:\/\/kektrading.ee\/en\/#organization\",\"name\":\"KEK Trading\",\"url\":\"https:\/\/kektrading.ee\/en\/\",\"logo\":{\"@type\":\"ImageObject\",\"inLanguage\":\"en-US\",\"@id\":\"https:\/\/kektrading.ee\/en\/#\/schema\/logo\/image\/\",\"url\":\"https:\/\/kektrading.ee\/wp-content\/uploads\/2018\/04\/Kek_moto_suur-1.png\",\"contentUrl\":\"https:\/\/kektrading.ee\/wp-content\/uploads\/2018\/04\/Kek_moto_suur-1.png\",\"width\":252,\"height\":60,\"caption\":\"KEK Trading\"},\"image\":{\"@id\":\"https:\/\/kektrading.ee\/en\/#\/schema\/logo\/image\/\"}}]}<\/script>\n<!-- \/ Yoast SEO plugin. -->","yoast_head_json":{"title":"Plastic bags - \u00f5hukesed, paksud, krabisevad... | KEK Trading","description":"Kilekotid on v\u00e4ga praktilised ning seet\u00f5ttu on nende kasutamine laialt levinud. Pakume klientidele v\u00e4ga laia valikut erinevaid kilekotte.","robots":{"index":"index","follow":"follow","max-snippet":"max-snippet:-1","max-image-preview":"max-image-preview:large","max-video-preview":"max-video-preview:-1"},"canonical":"https:\/\/kektrading.ee\/en\/plastic-bags\/","og_locale":"en_US","og_type":"article","og_title":"Plastic bags - \u00f5hukesed, paksud, krabisevad... | KEK Trading","og_description":"Kilekotid on v\u00e4ga praktilised ning seet\u00f5ttu on nende kasutamine laialt levinud. Pakume klientidele v\u00e4ga laia valikut erinevaid kilekotte.","og_url":"https:\/\/kektrading.ee\/en\/plastic-bags\/","og_site_name":"KEK Trading","article_modified_time":"2022-09-16T11:21:12+00:00","twitter_card":"summary_large_image","twitter_misc":{"Est. reading time":"1 minute"},"schema":{"@context":"https:\/\/schema.org","@graph":[{"@type":"WebPage","@id":"https:\/\/kektrading.ee\/en\/plastic-bags\/","url":"https:\/\/kektrading.ee\/en\/plastic-bags\/","name":"Plastic bags - \u00f5hukesed, paksud, krabisevad... | KEK Trading","isPartOf":{"@id":"https:\/\/kektrading.ee\/en\/#website"},"datePublished":"2018-05-02T12:29:57+00:00","dateModified":"2022-09-16T11:21:12+00:00","description":"Kilekotid on v\u00e4ga praktilised ning seet\u00f5ttu on nende kasutamine laialt levinud. Pakume klientidele v\u00e4ga laia valikut erinevaid kilekotte.","breadcrumb":{"@id":"https:\/\/kektrading.ee\/en\/plastic-bags\/#breadcrumb"},"inLanguage":"en-US","potentialAction":[{"@type":"ReadAction","target":["https:\/\/kektrading.ee\/en\/plastic-bags\/"]}]},{"@type":"BreadcrumbList","@id":"https:\/\/kektrading.ee\/en\/plastic-bags\/#breadcrumb","itemListElement":[{"@type":"ListItem","position":1,"name":"Home","item":"https:\/\/kektrading.ee\/en\/"},{"@type":"ListItem","position":2,"name":"Plastic bags"}]},{"@type":"WebSite","@id":"https:\/\/kektrading.ee\/en\/#website","url":"https:\/\/kektrading.ee\/en\/","name":"KEK Trading","description":"creative packaging","publisher":{"@id":"https:\/\/kektrading.ee\/en\/#organization"},"potentialAction":[{"@type":"SearchAction","target":{"@type":"EntryPoint","urlTemplate":"https:\/\/kektrading.ee\/en\/?s={search_term_string}"},"query-input":{"@type":"PropertyValueSpecification","valueRequired":true,"valueName":"search_term_string"}}],"inLanguage":"en-US"},{"@type":"Organization","@id":"https:\/\/kektrading.ee\/en\/#organization","name":"KEK Trading","url":"https:\/\/kektrading.ee\/en\/","logo":{"@type":"ImageObject","inLanguage":"en-US","@id":"https:\/\/kektrading.ee\/en\/#\/schema\/logo\/image\/","url":"https:\/\/kektrading.ee\/wp-content\/uploads\/2018\/04\/Kek_moto_suur-1.png","contentUrl":"https:\/\/kektrading.ee\/wp-content\/uploads\/2018\/04\/Kek_moto_suur-1.png","width":252,"height":60,"caption":"KEK Trading"},"image":{"@id":"https:\/\/kektrading.ee\/en\/#\/schema\/logo\/image\/"}}]}},"_links":{"self":[{"href":"https:\/\/kektrading.ee\/en\/wp-json\/wp\/v2\/pages\/1335","targetHints":{"allow":["GET"]}}],"collection":[{"href":"https:\/\/kektrading.ee\/en\/wp-json\/wp\/v2\/pages"}],"about":[{"href":"https:\/\/kektrading.ee\/en\/wp-json\/wp\/v2\/types\/page"}],"author":[{"embeddable":true,"href":"https:\/\/kektrading.ee\/en\/wp-json\/wp\/v2\/users\/1"}],"replies":[{"embeddable":true,"href":"https:\/\/kektrading.ee\/en\/wp-json\/wp\/v2\/comments?post=1335"}],"version-history":[{"count":2,"href":"https:\/\/kektrading.ee\/en\/wp-json\/wp\/v2\/pages\/1335\/revisions"}],"predecessor-version":[{"id":1879,"href":"https:\/\/kektrading.ee\/en\/wp-json\/wp\/v2\/pages\/1335\/revisions\/1879"}],"wp:attachment":[{"href":"https:\/\/kektrading.ee\/en\/wp-json\/wp\/v2\/media?parent=1335"}],"curies":[{"name":"wp","href":"https:\/\/api.w.org\/{rel}","templated":true}]}}