{"id":1332,"date":"2018-05-02T15:29:32","date_gmt":"2018-05-02T12:29:32","guid":{"rendered":"http:\/\/kektrading.ee\/prugikotid\/"},"modified":"2022-09-16T14:16:51","modified_gmt":"2022-09-16T11:16:51","slug":"trash-bags","status":"publish","type":"page","link":"https:\/\/kektrading.ee\/en\/trash-bags\/","title":{"rendered":"Trash bags"},"content":{"rendered":"<p><strong>Trash bags help to keep the working environment clean<\/strong><\/p>\n<p>Whether it is a production company or a processing plant, the waste and scraps are sure to be there. There must be a comfortable and safe possibility to collect them before utilization. Unless the waste is heavy and sharp-edged metal waste or chemical waste that requires special conditions, plastic trash bags are still used for collecting the scraps.<\/p>\n<p>The trash bags come in various sizes and thicknesses than enable to find the one that suits any of your needs. If you need specialist help with finding the most suitable trash bags, please contact our Regional Sales Representatives.<\/p>\n<p>&nbsp;<\/p>\n<p>Contacts for obtaining additional information:<\/p>\n<p><strong>Aivo Viljamaa<\/strong>, store\u2019s Project Manager <a href=\"mailto:aivo@kektrading.ee\">aivo@kektrading.ee<\/a> +372 501 7204<\/p>\n","protected":false},"excerpt":{"rendered":"<p>Trash bags help to keep the working environment clean Whether it is a production company or a processing plant, the waste and scraps are sure to be there. There must be a comfortable and safe possibility to collect them before utilization. Unless the waste is heavy and sharp-edged metal waste or chemical waste that requires special conditions, plastic trash bags&hellip;<\/p>\n","protected":false},"author":1,"featured_media":0,"parent":0,"menu_order":0,"comment_status":"closed","ping_status":"closed","template":"","meta":{"footnotes":""},"class_list":["post-1332","page","type-page","status-publish","hentry"],"yoast_head":"<!-- This site is optimized with the Yoast SEO plugin v25.9 - https:\/\/yoast.com\/wordpress\/plugins\/seo\/ -->\n<title>Trash bags | KEK Trading<\/title>\n<meta name=\"description\" content=\"Pr\u00fcgikotte on v\u00e4ga erinevas m\u00f5\u00f5dus ning erineva kile paksusega, mis v\u00f5imaldab sobiva koti leida just teie vajaduste tarbeks.\" \/>\n<meta name=\"robots\" content=\"index, follow, max-snippet:-1, max-image-preview:large, max-video-preview:-1\" \/>\n<link rel=\"canonical\" href=\"https:\/\/kektrading.ee\/en\/trash-bags\/\" \/>\n<meta property=\"og:locale\" content=\"en_US\" \/>\n<meta property=\"og:type\" content=\"article\" \/>\n<meta property=\"og:title\" content=\"Trash bags | KEK Trading\" \/>\n<meta property=\"og:description\" content=\"Pr\u00fcgikotte on v\u00e4ga erinevas m\u00f5\u00f5dus ning erineva kile paksusega, mis v\u00f5imaldab sobiva koti leida just teie vajaduste tarbeks.\" \/>\n<meta property=\"og:url\" content=\"https:\/\/kektrading.ee\/en\/trash-bags\/\" \/>\n<meta property=\"og:site_name\" content=\"KEK Trading\" \/>\n<meta property=\"article:modified_time\" content=\"2022-09-16T11:16:51+00:00\" \/>\n<meta name=\"twitter:card\" content=\"summary_large_image\" \/>\n<meta name=\"twitter:label1\" content=\"Est. reading time\" \/>\n\t<meta name=\"twitter:data1\" content=\"1 minute\" \/>\n<script type=\"application\/ld+json\" class=\"yoast-schema-graph\">{\"@context\":\"https:\/\/schema.org\",\"@graph\":[{\"@type\":\"WebPage\",\"@id\":\"https:\/\/kektrading.ee\/en\/trash-bags\/\",\"url\":\"https:\/\/kektrading.ee\/en\/trash-bags\/\",\"name\":\"Trash bags | KEK Trading\",\"isPartOf\":{\"@id\":\"https:\/\/kektrading.ee\/en\/#website\"},\"datePublished\":\"2018-05-02T12:29:32+00:00\",\"dateModified\":\"2022-09-16T11:16:51+00:00\",\"description\":\"Pr\u00fcgikotte on v\u00e4ga erinevas m\u00f5\u00f5dus ning erineva kile paksusega, mis v\u00f5imaldab sobiva koti leida just teie vajaduste tarbeks.\",\"breadcrumb\":{\"@id\":\"https:\/\/kektrading.ee\/en\/trash-bags\/#breadcrumb\"},\"inLanguage\":\"en-US\",\"potentialAction\":[{\"@type\":\"ReadAction\",\"target\":[\"https:\/\/kektrading.ee\/en\/trash-bags\/\"]}]},{\"@type\":\"BreadcrumbList\",\"@id\":\"https:\/\/kektrading.ee\/en\/trash-bags\/#breadcrumb\",\"itemListElement\":[{\"@type\":\"ListItem\",\"position\":1,\"name\":\"Home\",\"item\":\"https:\/\/kektrading.ee\/en\/\"},{\"@type\":\"ListItem\",\"position\":2,\"name\":\"Trash bags\"}]},{\"@type\":\"WebSite\",\"@id\":\"https:\/\/kektrading.ee\/en\/#website\",\"url\":\"https:\/\/kektrading.ee\/en\/\",\"name\":\"KEK Trading\",\"description\":\"creative packaging\",\"publisher\":{\"@id\":\"https:\/\/kektrading.ee\/en\/#organization\"},\"potentialAction\":[{\"@type\":\"SearchAction\",\"target\":{\"@type\":\"EntryPoint\",\"urlTemplate\":\"https:\/\/kektrading.ee\/en\/?s={search_term_string}\"},\"query-input\":{\"@type\":\"PropertyValueSpecification\",\"valueRequired\":true,\"valueName\":\"search_term_string\"}}],\"inLanguage\":\"en-US\"},{\"@type\":\"Organization\",\"@id\":\"https:\/\/kektrading.ee\/en\/#organization\",\"name\":\"KEK Trading\",\"url\":\"https:\/\/kektrading.ee\/en\/\",\"logo\":{\"@type\":\"ImageObject\",\"inLanguage\":\"en-US\",\"@id\":\"https:\/\/kektrading.ee\/en\/#\/schema\/logo\/image\/\",\"url\":\"https:\/\/kektrading.ee\/wp-content\/uploads\/2018\/04\/Kek_moto_suur-1.png\",\"contentUrl\":\"https:\/\/kektrading.ee\/wp-content\/uploads\/2018\/04\/Kek_moto_suur-1.png\",\"width\":252,\"height\":60,\"caption\":\"KEK Trading\"},\"image\":{\"@id\":\"https:\/\/kektrading.ee\/en\/#\/schema\/logo\/image\/\"}}]}<\/script>\n<!-- \/ Yoast SEO plugin. -->","yoast_head_json":{"title":"Trash bags | KEK Trading","description":"Pr\u00fcgikotte on v\u00e4ga erinevas m\u00f5\u00f5dus ning erineva kile paksusega, mis v\u00f5imaldab sobiva koti leida just teie vajaduste tarbeks.","robots":{"index":"index","follow":"follow","max-snippet":"max-snippet:-1","max-image-preview":"max-image-preview:large","max-video-preview":"max-video-preview:-1"},"canonical":"https:\/\/kektrading.ee\/en\/trash-bags\/","og_locale":"en_US","og_type":"article","og_title":"Trash bags | KEK Trading","og_description":"Pr\u00fcgikotte on v\u00e4ga erinevas m\u00f5\u00f5dus ning erineva kile paksusega, mis v\u00f5imaldab sobiva koti leida just teie vajaduste tarbeks.","og_url":"https:\/\/kektrading.ee\/en\/trash-bags\/","og_site_name":"KEK Trading","article_modified_time":"2022-09-16T11:16:51+00:00","twitter_card":"summary_large_image","twitter_misc":{"Est. reading time":"1 minute"},"schema":{"@context":"https:\/\/schema.org","@graph":[{"@type":"WebPage","@id":"https:\/\/kektrading.ee\/en\/trash-bags\/","url":"https:\/\/kektrading.ee\/en\/trash-bags\/","name":"Trash bags | KEK Trading","isPartOf":{"@id":"https:\/\/kektrading.ee\/en\/#website"},"datePublished":"2018-05-02T12:29:32+00:00","dateModified":"2022-09-16T11:16:51+00:00","description":"Pr\u00fcgikotte on v\u00e4ga erinevas m\u00f5\u00f5dus ning erineva kile paksusega, mis v\u00f5imaldab sobiva koti leida just teie vajaduste tarbeks.","breadcrumb":{"@id":"https:\/\/kektrading.ee\/en\/trash-bags\/#breadcrumb"},"inLanguage":"en-US","potentialAction":[{"@type":"ReadAction","target":["https:\/\/kektrading.ee\/en\/trash-bags\/"]}]},{"@type":"BreadcrumbList","@id":"https:\/\/kektrading.ee\/en\/trash-bags\/#breadcrumb","itemListElement":[{"@type":"ListItem","position":1,"name":"Home","item":"https:\/\/kektrading.ee\/en\/"},{"@type":"ListItem","position":2,"name":"Trash bags"}]},{"@type":"WebSite","@id":"https:\/\/kektrading.ee\/en\/#website","url":"https:\/\/kektrading.ee\/en\/","name":"KEK Trading","description":"creative packaging","publisher":{"@id":"https:\/\/kektrading.ee\/en\/#organization"},"potentialAction":[{"@type":"SearchAction","target":{"@type":"EntryPoint","urlTemplate":"https:\/\/kektrading.ee\/en\/?s={search_term_string}"},"query-input":{"@type":"PropertyValueSpecification","valueRequired":true,"valueName":"search_term_string"}}],"inLanguage":"en-US"},{"@type":"Organization","@id":"https:\/\/kektrading.ee\/en\/#organization","name":"KEK Trading","url":"https:\/\/kektrading.ee\/en\/","logo":{"@type":"ImageObject","inLanguage":"en-US","@id":"https:\/\/kektrading.ee\/en\/#\/schema\/logo\/image\/","url":"https:\/\/kektrading.ee\/wp-content\/uploads\/2018\/04\/Kek_moto_suur-1.png","contentUrl":"https:\/\/kektrading.ee\/wp-content\/uploads\/2018\/04\/Kek_moto_suur-1.png","width":252,"height":60,"caption":"KEK Trading"},"image":{"@id":"https:\/\/kektrading.ee\/en\/#\/schema\/logo\/image\/"}}]}},"_links":{"self":[{"href":"https:\/\/kektrading.ee\/en\/wp-json\/wp\/v2\/pages\/1332","targetHints":{"allow":["GET"]}}],"collection":[{"href":"https:\/\/kektrading.ee\/en\/wp-json\/wp\/v2\/pages"}],"about":[{"href":"https:\/\/kektrading.ee\/en\/wp-json\/wp\/v2\/types\/page"}],"author":[{"embeddable":true,"href":"https:\/\/kektrading.ee\/en\/wp-json\/wp\/v2\/users\/1"}],"replies":[{"embeddable":true,"href":"https:\/\/kektrading.ee\/en\/wp-json\/wp\/v2\/comments?post=1332"}],"version-history":[{"count":3,"href":"https:\/\/kektrading.ee\/en\/wp-json\/wp\/v2\/pages\/1332\/revisions"}],"predecessor-version":[{"id":1869,"href":"https:\/\/kektrading.ee\/en\/wp-json\/wp\/v2\/pages\/1332\/revisions\/1869"}],"wp:attachment":[{"href":"https:\/\/kektrading.ee\/en\/wp-json\/wp\/v2\/media?parent=1332"}],"curies":[{"name":"wp","href":"https:\/\/api.w.org\/{rel}","templated":true}]}}