{"id":1327,"date":"2018-05-02T15:26:41","date_gmt":"2018-05-02T12:26:41","guid":{"rendered":"http:\/\/kektrading.ee\/trukitud-teibid\/"},"modified":"2022-09-16T14:15:14","modified_gmt":"2022-09-16T11:15:14","slug":"printed-tapes","status":"publish","type":"page","link":"https:\/\/kektrading.ee\/en\/printed-tapes\/","title":{"rendered":"Printed tapes"},"content":{"rendered":"<p><strong>Printed tapes can be seen from afar<\/strong><\/p>\n<p>The bigger the production and the need for packaging that accompanies it, the more you have reason to consider purchasing a `personalised\u00b4 tape for your company. We have in mind a printed tape that bears your company\u2019s logo, slogan, contact details or any other necessary information.<\/p>\n<p>Printed tapes offer a possibility to stand out among other competitors and create a positive emotion among both your employees as well as your customers. Printed tape provides an opportunity to emphasise how much you care about your clients and partners.<\/p>\n<p>In case of printed tapes, the minimum amount to order is a box of 36 rolls of the most widely used 50-millimetre filament tape. Of course, the bigger the order, the less noticeable the cost of the printed tape preparations will be.<\/p>\n<p>In order to make a price proposal for the printed tape, we need your company\u2019s logo (in vector graphics) and the codes for the Pantone colours to be used.<\/p>\n<p>Get additional information from our Regional Sales Representatives.<\/p>\n<p>&nbsp;<\/p>\n<p>Contacts for obtaining additional information:<\/p>\n<p><strong>Aivo Viljamaa<\/strong>, store\u2019s Project Manager <a href=\"mailto:aivo@kektrading.ee\">aivo@kektrading.ee<\/a> +372 501 7204<\/p>\n","protected":false},"excerpt":{"rendered":"<p>Printed tapes can be seen from afar The bigger the production and the need for packaging that accompanies it, the more you have reason to consider purchasing a `personalised\u00b4 tape for your company. We have in mind a printed tape that bears your company\u2019s logo, slogan, contact details or any other necessary information. Printed tapes offer a possibility to stand&hellip;<\/p>\n","protected":false},"author":1,"featured_media":0,"parent":0,"menu_order":0,"comment_status":"closed","ping_status":"closed","template":"","meta":{"footnotes":""},"class_list":["post-1327","page","type-page","status-publish","hentry"],"yoast_head":"<!-- This site is optimized with the Yoast SEO plugin v25.9 - https:\/\/yoast.com\/wordpress\/plugins\/seo\/ -->\n<title>Printed tapes | KEK Trading<\/title>\n<meta name=\"description\" content=\"Tr\u00fckitud teibid annavad v\u00f5imaluse konkurentide seast v\u00e4lja paista ning luua nii klientides kui t\u00f6\u00f6tajates positiivne emotsioon.\" \/>\n<meta name=\"robots\" content=\"index, follow, max-snippet:-1, max-image-preview:large, max-video-preview:-1\" \/>\n<link rel=\"canonical\" href=\"https:\/\/kektrading.ee\/en\/printed-tapes\/\" \/>\n<meta property=\"og:locale\" content=\"en_US\" \/>\n<meta property=\"og:type\" content=\"article\" \/>\n<meta property=\"og:title\" content=\"Printed tapes | KEK Trading\" \/>\n<meta property=\"og:description\" content=\"Tr\u00fckitud teibid annavad v\u00f5imaluse konkurentide seast v\u00e4lja paista ning luua nii klientides kui t\u00f6\u00f6tajates positiivne emotsioon.\" \/>\n<meta property=\"og:url\" content=\"https:\/\/kektrading.ee\/en\/printed-tapes\/\" \/>\n<meta property=\"og:site_name\" content=\"KEK Trading\" \/>\n<meta property=\"article:modified_time\" content=\"2022-09-16T11:15:14+00:00\" \/>\n<meta name=\"twitter:card\" content=\"summary_large_image\" \/>\n<meta name=\"twitter:label1\" content=\"Est. reading time\" \/>\n\t<meta name=\"twitter:data1\" content=\"1 minute\" \/>\n<script type=\"application\/ld+json\" class=\"yoast-schema-graph\">{\"@context\":\"https:\/\/schema.org\",\"@graph\":[{\"@type\":\"WebPage\",\"@id\":\"https:\/\/kektrading.ee\/en\/printed-tapes\/\",\"url\":\"https:\/\/kektrading.ee\/en\/printed-tapes\/\",\"name\":\"Printed tapes | KEK Trading\",\"isPartOf\":{\"@id\":\"https:\/\/kektrading.ee\/en\/#website\"},\"datePublished\":\"2018-05-02T12:26:41+00:00\",\"dateModified\":\"2022-09-16T11:15:14+00:00\",\"description\":\"Tr\u00fckitud teibid annavad v\u00f5imaluse konkurentide seast v\u00e4lja paista ning luua nii klientides kui t\u00f6\u00f6tajates positiivne emotsioon.\",\"breadcrumb\":{\"@id\":\"https:\/\/kektrading.ee\/en\/printed-tapes\/#breadcrumb\"},\"inLanguage\":\"en-US\",\"potentialAction\":[{\"@type\":\"ReadAction\",\"target\":[\"https:\/\/kektrading.ee\/en\/printed-tapes\/\"]}]},{\"@type\":\"BreadcrumbList\",\"@id\":\"https:\/\/kektrading.ee\/en\/printed-tapes\/#breadcrumb\",\"itemListElement\":[{\"@type\":\"ListItem\",\"position\":1,\"name\":\"Home\",\"item\":\"https:\/\/kektrading.ee\/en\/\"},{\"@type\":\"ListItem\",\"position\":2,\"name\":\"Printed tapes\"}]},{\"@type\":\"WebSite\",\"@id\":\"https:\/\/kektrading.ee\/en\/#website\",\"url\":\"https:\/\/kektrading.ee\/en\/\",\"name\":\"KEK Trading\",\"description\":\"creative packaging\",\"publisher\":{\"@id\":\"https:\/\/kektrading.ee\/en\/#organization\"},\"potentialAction\":[{\"@type\":\"SearchAction\",\"target\":{\"@type\":\"EntryPoint\",\"urlTemplate\":\"https:\/\/kektrading.ee\/en\/?s={search_term_string}\"},\"query-input\":{\"@type\":\"PropertyValueSpecification\",\"valueRequired\":true,\"valueName\":\"search_term_string\"}}],\"inLanguage\":\"en-US\"},{\"@type\":\"Organization\",\"@id\":\"https:\/\/kektrading.ee\/en\/#organization\",\"name\":\"KEK Trading\",\"url\":\"https:\/\/kektrading.ee\/en\/\",\"logo\":{\"@type\":\"ImageObject\",\"inLanguage\":\"en-US\",\"@id\":\"https:\/\/kektrading.ee\/en\/#\/schema\/logo\/image\/\",\"url\":\"https:\/\/kektrading.ee\/wp-content\/uploads\/2018\/04\/Kek_moto_suur-1.png\",\"contentUrl\":\"https:\/\/kektrading.ee\/wp-content\/uploads\/2018\/04\/Kek_moto_suur-1.png\",\"width\":252,\"height\":60,\"caption\":\"KEK Trading\"},\"image\":{\"@id\":\"https:\/\/kektrading.ee\/en\/#\/schema\/logo\/image\/\"}}]}<\/script>\n<!-- \/ Yoast SEO plugin. -->","yoast_head_json":{"title":"Printed tapes | KEK Trading","description":"Tr\u00fckitud teibid annavad v\u00f5imaluse konkurentide seast v\u00e4lja paista ning luua nii klientides kui t\u00f6\u00f6tajates positiivne emotsioon.","robots":{"index":"index","follow":"follow","max-snippet":"max-snippet:-1","max-image-preview":"max-image-preview:large","max-video-preview":"max-video-preview:-1"},"canonical":"https:\/\/kektrading.ee\/en\/printed-tapes\/","og_locale":"en_US","og_type":"article","og_title":"Printed tapes | KEK Trading","og_description":"Tr\u00fckitud teibid annavad v\u00f5imaluse konkurentide seast v\u00e4lja paista ning luua nii klientides kui t\u00f6\u00f6tajates positiivne emotsioon.","og_url":"https:\/\/kektrading.ee\/en\/printed-tapes\/","og_site_name":"KEK Trading","article_modified_time":"2022-09-16T11:15:14+00:00","twitter_card":"summary_large_image","twitter_misc":{"Est. reading time":"1 minute"},"schema":{"@context":"https:\/\/schema.org","@graph":[{"@type":"WebPage","@id":"https:\/\/kektrading.ee\/en\/printed-tapes\/","url":"https:\/\/kektrading.ee\/en\/printed-tapes\/","name":"Printed tapes | KEK Trading","isPartOf":{"@id":"https:\/\/kektrading.ee\/en\/#website"},"datePublished":"2018-05-02T12:26:41+00:00","dateModified":"2022-09-16T11:15:14+00:00","description":"Tr\u00fckitud teibid annavad v\u00f5imaluse konkurentide seast v\u00e4lja paista ning luua nii klientides kui t\u00f6\u00f6tajates positiivne emotsioon.","breadcrumb":{"@id":"https:\/\/kektrading.ee\/en\/printed-tapes\/#breadcrumb"},"inLanguage":"en-US","potentialAction":[{"@type":"ReadAction","target":["https:\/\/kektrading.ee\/en\/printed-tapes\/"]}]},{"@type":"BreadcrumbList","@id":"https:\/\/kektrading.ee\/en\/printed-tapes\/#breadcrumb","itemListElement":[{"@type":"ListItem","position":1,"name":"Home","item":"https:\/\/kektrading.ee\/en\/"},{"@type":"ListItem","position":2,"name":"Printed tapes"}]},{"@type":"WebSite","@id":"https:\/\/kektrading.ee\/en\/#website","url":"https:\/\/kektrading.ee\/en\/","name":"KEK Trading","description":"creative packaging","publisher":{"@id":"https:\/\/kektrading.ee\/en\/#organization"},"potentialAction":[{"@type":"SearchAction","target":{"@type":"EntryPoint","urlTemplate":"https:\/\/kektrading.ee\/en\/?s={search_term_string}"},"query-input":{"@type":"PropertyValueSpecification","valueRequired":true,"valueName":"search_term_string"}}],"inLanguage":"en-US"},{"@type":"Organization","@id":"https:\/\/kektrading.ee\/en\/#organization","name":"KEK Trading","url":"https:\/\/kektrading.ee\/en\/","logo":{"@type":"ImageObject","inLanguage":"en-US","@id":"https:\/\/kektrading.ee\/en\/#\/schema\/logo\/image\/","url":"https:\/\/kektrading.ee\/wp-content\/uploads\/2018\/04\/Kek_moto_suur-1.png","contentUrl":"https:\/\/kektrading.ee\/wp-content\/uploads\/2018\/04\/Kek_moto_suur-1.png","width":252,"height":60,"caption":"KEK Trading"},"image":{"@id":"https:\/\/kektrading.ee\/en\/#\/schema\/logo\/image\/"}}]}},"_links":{"self":[{"href":"https:\/\/kektrading.ee\/en\/wp-json\/wp\/v2\/pages\/1327","targetHints":{"allow":["GET"]}}],"collection":[{"href":"https:\/\/kektrading.ee\/en\/wp-json\/wp\/v2\/pages"}],"about":[{"href":"https:\/\/kektrading.ee\/en\/wp-json\/wp\/v2\/types\/page"}],"author":[{"embeddable":true,"href":"https:\/\/kektrading.ee\/en\/wp-json\/wp\/v2\/users\/1"}],"replies":[{"embeddable":true,"href":"https:\/\/kektrading.ee\/en\/wp-json\/wp\/v2\/comments?post=1327"}],"version-history":[{"count":3,"href":"https:\/\/kektrading.ee\/en\/wp-json\/wp\/v2\/pages\/1327\/revisions"}],"predecessor-version":[{"id":1864,"href":"https:\/\/kektrading.ee\/en\/wp-json\/wp\/v2\/pages\/1327\/revisions\/1864"}],"wp:attachment":[{"href":"https:\/\/kektrading.ee\/en\/wp-json\/wp\/v2\/media?parent=1327"}],"curies":[{"name":"wp","href":"https:\/\/api.w.org\/{rel}","templated":true}]}}