{"id":1324,"date":"2018-05-02T15:26:12","date_gmt":"2018-05-02T12:26:12","guid":{"rendered":"http:\/\/kektrading.ee\/ehitusteibid\/"},"modified":"2022-09-16T14:22:37","modified_gmt":"2022-09-16T11:22:37","slug":"construction-tapes","status":"publish","type":"page","link":"https:\/\/kektrading.ee\/en\/construction-tapes\/","title":{"rendered":"Construction tapes"},"content":{"rendered":"<p><strong>Construction tapes provide effective protection to window and door sills<\/strong><\/p>\n<p>When the constructions works reach the phase where doors, windows and electric wiring have been installed and it\u2019s time to start plastering, it is wise to cover all the surfaces you want to protect from getting smeared with surface protection tapes and films. KEK Trading offers a wide range of construction tapes and films that come in different sizes and strengths. They are easy to apply and remove.<\/p>\n<p>Our Regional Sales Representatives will help you find a construction tape or film that suits your needs the best.<\/p>\n<p>&nbsp;<\/p>\n<p>Contacts for obtaining additional information:<\/p>\n<p><strong>Aivo Viljamaa<\/strong>, store\u2019s Project Manager <a href=\"mailto:aivo@kektrading.ee\">aivo@kektrading.ee<\/a> +372 501 7204<\/p>\n<p>&nbsp;<\/p>\n","protected":false},"excerpt":{"rendered":"<p>Construction tapes provide effective protection to window and door sills When the constructions works reach the phase where doors, windows and electric wiring have been installed and it\u2019s time to start plastering, it is wise to cover all the surfaces you want to protect from getting smeared with surface protection tapes and films. KEK Trading offers a wide range of&hellip;<\/p>\n","protected":false},"author":1,"featured_media":0,"parent":0,"menu_order":0,"comment_status":"closed","ping_status":"closed","template":"","meta":{"footnotes":""},"class_list":["post-1324","page","type-page","status-publish","hentry"],"yoast_head":"<!-- This site is optimized with the Yoast SEO plugin v25.9 - https:\/\/yoast.com\/wordpress\/plugins\/seo\/ -->\n<title>Ehitusteibid pakuvad ukse- ja aknalengidele t\u00f5husat kaitset | KEK Trading<\/title>\n<meta name=\"description\" content=\"Pakume erineva tugevuse ja laiusega ehitusteipe, mille paigaldamine ja eemaldamine on v\u00e4ga lihtne. Ehitusteibid muudavad t\u00f6\u00f6 lihtsamaks.\" \/>\n<meta name=\"robots\" content=\"index, follow, max-snippet:-1, max-image-preview:large, max-video-preview:-1\" \/>\n<link rel=\"canonical\" href=\"https:\/\/kektrading.ee\/en\/construction-tapes\/\" \/>\n<meta property=\"og:locale\" content=\"en_US\" \/>\n<meta property=\"og:type\" content=\"article\" \/>\n<meta property=\"og:title\" content=\"Ehitusteibid pakuvad ukse- ja aknalengidele t\u00f5husat kaitset | KEK Trading\" \/>\n<meta property=\"og:description\" content=\"Pakume erineva tugevuse ja laiusega ehitusteipe, mille paigaldamine ja eemaldamine on v\u00e4ga lihtne. Ehitusteibid muudavad t\u00f6\u00f6 lihtsamaks.\" \/>\n<meta property=\"og:url\" content=\"https:\/\/kektrading.ee\/en\/construction-tapes\/\" \/>\n<meta property=\"og:site_name\" content=\"KEK Trading\" \/>\n<meta property=\"article:modified_time\" content=\"2022-09-16T11:22:37+00:00\" \/>\n<meta name=\"twitter:card\" content=\"summary_large_image\" \/>\n<meta name=\"twitter:label1\" content=\"Est. reading time\" \/>\n\t<meta name=\"twitter:data1\" content=\"1 minute\" \/>\n<script type=\"application\/ld+json\" class=\"yoast-schema-graph\">{\"@context\":\"https:\/\/schema.org\",\"@graph\":[{\"@type\":\"WebPage\",\"@id\":\"https:\/\/kektrading.ee\/en\/construction-tapes\/\",\"url\":\"https:\/\/kektrading.ee\/en\/construction-tapes\/\",\"name\":\"Ehitusteibid pakuvad ukse- ja aknalengidele t\u00f5husat kaitset | KEK Trading\",\"isPartOf\":{\"@id\":\"https:\/\/kektrading.ee\/en\/#website\"},\"datePublished\":\"2018-05-02T12:26:12+00:00\",\"dateModified\":\"2022-09-16T11:22:37+00:00\",\"description\":\"Pakume erineva tugevuse ja laiusega ehitusteipe, mille paigaldamine ja eemaldamine on v\u00e4ga lihtne. Ehitusteibid muudavad t\u00f6\u00f6 lihtsamaks.\",\"breadcrumb\":{\"@id\":\"https:\/\/kektrading.ee\/en\/construction-tapes\/#breadcrumb\"},\"inLanguage\":\"en-US\",\"potentialAction\":[{\"@type\":\"ReadAction\",\"target\":[\"https:\/\/kektrading.ee\/en\/construction-tapes\/\"]}]},{\"@type\":\"BreadcrumbList\",\"@id\":\"https:\/\/kektrading.ee\/en\/construction-tapes\/#breadcrumb\",\"itemListElement\":[{\"@type\":\"ListItem\",\"position\":1,\"name\":\"Home\",\"item\":\"https:\/\/kektrading.ee\/en\/\"},{\"@type\":\"ListItem\",\"position\":2,\"name\":\"Construction tapes\"}]},{\"@type\":\"WebSite\",\"@id\":\"https:\/\/kektrading.ee\/en\/#website\",\"url\":\"https:\/\/kektrading.ee\/en\/\",\"name\":\"KEK Trading\",\"description\":\"creative packaging\",\"publisher\":{\"@id\":\"https:\/\/kektrading.ee\/en\/#organization\"},\"potentialAction\":[{\"@type\":\"SearchAction\",\"target\":{\"@type\":\"EntryPoint\",\"urlTemplate\":\"https:\/\/kektrading.ee\/en\/?s={search_term_string}\"},\"query-input\":{\"@type\":\"PropertyValueSpecification\",\"valueRequired\":true,\"valueName\":\"search_term_string\"}}],\"inLanguage\":\"en-US\"},{\"@type\":\"Organization\",\"@id\":\"https:\/\/kektrading.ee\/en\/#organization\",\"name\":\"KEK Trading\",\"url\":\"https:\/\/kektrading.ee\/en\/\",\"logo\":{\"@type\":\"ImageObject\",\"inLanguage\":\"en-US\",\"@id\":\"https:\/\/kektrading.ee\/en\/#\/schema\/logo\/image\/\",\"url\":\"https:\/\/kektrading.ee\/wp-content\/uploads\/2018\/04\/Kek_moto_suur-1.png\",\"contentUrl\":\"https:\/\/kektrading.ee\/wp-content\/uploads\/2018\/04\/Kek_moto_suur-1.png\",\"width\":252,\"height\":60,\"caption\":\"KEK Trading\"},\"image\":{\"@id\":\"https:\/\/kektrading.ee\/en\/#\/schema\/logo\/image\/\"}}]}<\/script>\n<!-- \/ Yoast SEO plugin. -->","yoast_head_json":{"title":"Ehitusteibid pakuvad ukse- ja aknalengidele t\u00f5husat kaitset | KEK Trading","description":"Pakume erineva tugevuse ja laiusega ehitusteipe, mille paigaldamine ja eemaldamine on v\u00e4ga lihtne. Ehitusteibid muudavad t\u00f6\u00f6 lihtsamaks.","robots":{"index":"index","follow":"follow","max-snippet":"max-snippet:-1","max-image-preview":"max-image-preview:large","max-video-preview":"max-video-preview:-1"},"canonical":"https:\/\/kektrading.ee\/en\/construction-tapes\/","og_locale":"en_US","og_type":"article","og_title":"Ehitusteibid pakuvad ukse- ja aknalengidele t\u00f5husat kaitset | KEK Trading","og_description":"Pakume erineva tugevuse ja laiusega ehitusteipe, mille paigaldamine ja eemaldamine on v\u00e4ga lihtne. Ehitusteibid muudavad t\u00f6\u00f6 lihtsamaks.","og_url":"https:\/\/kektrading.ee\/en\/construction-tapes\/","og_site_name":"KEK Trading","article_modified_time":"2022-09-16T11:22:37+00:00","twitter_card":"summary_large_image","twitter_misc":{"Est. reading time":"1 minute"},"schema":{"@context":"https:\/\/schema.org","@graph":[{"@type":"WebPage","@id":"https:\/\/kektrading.ee\/en\/construction-tapes\/","url":"https:\/\/kektrading.ee\/en\/construction-tapes\/","name":"Ehitusteibid pakuvad ukse- ja aknalengidele t\u00f5husat kaitset | KEK Trading","isPartOf":{"@id":"https:\/\/kektrading.ee\/en\/#website"},"datePublished":"2018-05-02T12:26:12+00:00","dateModified":"2022-09-16T11:22:37+00:00","description":"Pakume erineva tugevuse ja laiusega ehitusteipe, mille paigaldamine ja eemaldamine on v\u00e4ga lihtne. Ehitusteibid muudavad t\u00f6\u00f6 lihtsamaks.","breadcrumb":{"@id":"https:\/\/kektrading.ee\/en\/construction-tapes\/#breadcrumb"},"inLanguage":"en-US","potentialAction":[{"@type":"ReadAction","target":["https:\/\/kektrading.ee\/en\/construction-tapes\/"]}]},{"@type":"BreadcrumbList","@id":"https:\/\/kektrading.ee\/en\/construction-tapes\/#breadcrumb","itemListElement":[{"@type":"ListItem","position":1,"name":"Home","item":"https:\/\/kektrading.ee\/en\/"},{"@type":"ListItem","position":2,"name":"Construction tapes"}]},{"@type":"WebSite","@id":"https:\/\/kektrading.ee\/en\/#website","url":"https:\/\/kektrading.ee\/en\/","name":"KEK Trading","description":"creative packaging","publisher":{"@id":"https:\/\/kektrading.ee\/en\/#organization"},"potentialAction":[{"@type":"SearchAction","target":{"@type":"EntryPoint","urlTemplate":"https:\/\/kektrading.ee\/en\/?s={search_term_string}"},"query-input":{"@type":"PropertyValueSpecification","valueRequired":true,"valueName":"search_term_string"}}],"inLanguage":"en-US"},{"@type":"Organization","@id":"https:\/\/kektrading.ee\/en\/#organization","name":"KEK Trading","url":"https:\/\/kektrading.ee\/en\/","logo":{"@type":"ImageObject","inLanguage":"en-US","@id":"https:\/\/kektrading.ee\/en\/#\/schema\/logo\/image\/","url":"https:\/\/kektrading.ee\/wp-content\/uploads\/2018\/04\/Kek_moto_suur-1.png","contentUrl":"https:\/\/kektrading.ee\/wp-content\/uploads\/2018\/04\/Kek_moto_suur-1.png","width":252,"height":60,"caption":"KEK Trading"},"image":{"@id":"https:\/\/kektrading.ee\/en\/#\/schema\/logo\/image\/"}}]}},"_links":{"self":[{"href":"https:\/\/kektrading.ee\/en\/wp-json\/wp\/v2\/pages\/1324","targetHints":{"allow":["GET"]}}],"collection":[{"href":"https:\/\/kektrading.ee\/en\/wp-json\/wp\/v2\/pages"}],"about":[{"href":"https:\/\/kektrading.ee\/en\/wp-json\/wp\/v2\/types\/page"}],"author":[{"embeddable":true,"href":"https:\/\/kektrading.ee\/en\/wp-json\/wp\/v2\/users\/1"}],"replies":[{"embeddable":true,"href":"https:\/\/kektrading.ee\/en\/wp-json\/wp\/v2\/comments?post=1324"}],"version-history":[{"count":3,"href":"https:\/\/kektrading.ee\/en\/wp-json\/wp\/v2\/pages\/1324\/revisions"}],"predecessor-version":[{"id":1882,"href":"https:\/\/kektrading.ee\/en\/wp-json\/wp\/v2\/pages\/1324\/revisions\/1882"}],"wp:attachment":[{"href":"https:\/\/kektrading.ee\/en\/wp-json\/wp\/v2\/media?parent=1324"}],"curies":[{"name":"wp","href":"https:\/\/api.w.org\/{rel}","templated":true}]}}