{"id":1321,"date":"2018-05-02T15:25:30","date_gmt":"2018-05-02T12:25:30","guid":{"rendered":"http:\/\/kektrading.ee\/pakketeibid\/"},"modified":"2022-09-16T14:18:32","modified_gmt":"2022-09-16T11:18:32","slug":"filament-tapes","status":"publish","type":"page","link":"https:\/\/kektrading.ee\/en\/filament-tapes\/","title":{"rendered":"Filament tapes"},"content":{"rendered":"<p><strong>Filament tapes are irreplaceable when packing<\/strong><\/p>\n<p>The easiest way of sealing standard-sized products that are usually packed up in cardboard boxes or plastic wrappers is with filament tape.<\/p>\n<p>The most common filament tapes are either transparent or brown ones. To ease the process of working with filament tape, we recommend to use tape dispensers.<\/p>\n<p>KEK Trading\u2019s product portfolio also includes PVC, LN (low noise) and NN (no noise) tapes.<\/p>\n<p>Of course, the filament tapes can be used for so much more than just sealing cardboard boxes or plastic wrappings.<\/p>\n<p>Our Regional Sales Representatives will help you find a filament tape that suits your needs the best.<\/p>\n<p>&nbsp;<\/p>\n<p>Contacts for obtaining additional information:<\/p>\n<p><strong>Aivo Viljamaa<\/strong>, store\u2019s Project Manager <a href=\"mailto:aivo@kektrading.ee\">aivo@kektrading.ee<\/a> +372 501 7204<\/p>\n","protected":false},"excerpt":{"rendered":"<p>Filament tapes are irreplaceable when packing The easiest way of sealing standard-sized products that are usually packed up in cardboard boxes or plastic wrappers is with filament tape. The most common filament tapes are either transparent or brown ones. To ease the process of working with filament tape, we recommend to use tape dispensers. KEK Trading\u2019s product portfolio also includes&hellip;<\/p>\n","protected":false},"author":1,"featured_media":0,"parent":0,"menu_order":0,"comment_status":"closed","ping_status":"closed","template":"","meta":{"footnotes":""},"class_list":["post-1321","page","type-page","status-publish","hentry"],"yoast_head":"<!-- This site is optimized with the Yoast SEO plugin v25.9 - https:\/\/yoast.com\/wordpress\/plugins\/seo\/ -->\n<title>Filament tapes | KEK Trading<\/title>\n<meta name=\"description\" content=\"Enamlevinud pakketeibid on kas l\u00e4bipaistvad v\u00f5i pruuni v\u00e4rvi. Pakketeipidega t\u00f6\u00f6tamise lihtsustamiseks soovitame kasutusele v\u00f5tta l\u00f5ikuriga varustatud...\" \/>\n<meta name=\"robots\" content=\"index, follow, max-snippet:-1, max-image-preview:large, max-video-preview:-1\" \/>\n<link rel=\"canonical\" href=\"https:\/\/kektrading.ee\/en\/filament-tapes\/\" \/>\n<meta property=\"og:locale\" content=\"en_US\" \/>\n<meta property=\"og:type\" content=\"article\" \/>\n<meta property=\"og:title\" content=\"Filament tapes | KEK Trading\" \/>\n<meta property=\"og:description\" content=\"Enamlevinud pakketeibid on kas l\u00e4bipaistvad v\u00f5i pruuni v\u00e4rvi. Pakketeipidega t\u00f6\u00f6tamise lihtsustamiseks soovitame kasutusele v\u00f5tta l\u00f5ikuriga varustatud...\" \/>\n<meta property=\"og:url\" content=\"https:\/\/kektrading.ee\/en\/filament-tapes\/\" \/>\n<meta property=\"og:site_name\" content=\"KEK Trading\" \/>\n<meta property=\"article:modified_time\" content=\"2022-09-16T11:18:32+00:00\" \/>\n<meta name=\"twitter:card\" content=\"summary_large_image\" \/>\n<meta name=\"twitter:label1\" content=\"Est. reading time\" \/>\n\t<meta name=\"twitter:data1\" content=\"1 minute\" \/>\n<script type=\"application\/ld+json\" class=\"yoast-schema-graph\">{\"@context\":\"https:\/\/schema.org\",\"@graph\":[{\"@type\":\"WebPage\",\"@id\":\"https:\/\/kektrading.ee\/en\/filament-tapes\/\",\"url\":\"https:\/\/kektrading.ee\/en\/filament-tapes\/\",\"name\":\"Filament tapes | KEK Trading\",\"isPartOf\":{\"@id\":\"https:\/\/kektrading.ee\/en\/#website\"},\"datePublished\":\"2018-05-02T12:25:30+00:00\",\"dateModified\":\"2022-09-16T11:18:32+00:00\",\"description\":\"Enamlevinud pakketeibid on kas l\u00e4bipaistvad v\u00f5i pruuni v\u00e4rvi. Pakketeipidega t\u00f6\u00f6tamise lihtsustamiseks soovitame kasutusele v\u00f5tta l\u00f5ikuriga varustatud...\",\"breadcrumb\":{\"@id\":\"https:\/\/kektrading.ee\/en\/filament-tapes\/#breadcrumb\"},\"inLanguage\":\"en-US\",\"potentialAction\":[{\"@type\":\"ReadAction\",\"target\":[\"https:\/\/kektrading.ee\/en\/filament-tapes\/\"]}]},{\"@type\":\"BreadcrumbList\",\"@id\":\"https:\/\/kektrading.ee\/en\/filament-tapes\/#breadcrumb\",\"itemListElement\":[{\"@type\":\"ListItem\",\"position\":1,\"name\":\"Home\",\"item\":\"https:\/\/kektrading.ee\/en\/\"},{\"@type\":\"ListItem\",\"position\":2,\"name\":\"Filament tapes\"}]},{\"@type\":\"WebSite\",\"@id\":\"https:\/\/kektrading.ee\/en\/#website\",\"url\":\"https:\/\/kektrading.ee\/en\/\",\"name\":\"KEK Trading\",\"description\":\"creative packaging\",\"publisher\":{\"@id\":\"https:\/\/kektrading.ee\/en\/#organization\"},\"potentialAction\":[{\"@type\":\"SearchAction\",\"target\":{\"@type\":\"EntryPoint\",\"urlTemplate\":\"https:\/\/kektrading.ee\/en\/?s={search_term_string}\"},\"query-input\":{\"@type\":\"PropertyValueSpecification\",\"valueRequired\":true,\"valueName\":\"search_term_string\"}}],\"inLanguage\":\"en-US\"},{\"@type\":\"Organization\",\"@id\":\"https:\/\/kektrading.ee\/en\/#organization\",\"name\":\"KEK Trading\",\"url\":\"https:\/\/kektrading.ee\/en\/\",\"logo\":{\"@type\":\"ImageObject\",\"inLanguage\":\"en-US\",\"@id\":\"https:\/\/kektrading.ee\/en\/#\/schema\/logo\/image\/\",\"url\":\"https:\/\/kektrading.ee\/wp-content\/uploads\/2018\/04\/Kek_moto_suur-1.png\",\"contentUrl\":\"https:\/\/kektrading.ee\/wp-content\/uploads\/2018\/04\/Kek_moto_suur-1.png\",\"width\":252,\"height\":60,\"caption\":\"KEK Trading\"},\"image\":{\"@id\":\"https:\/\/kektrading.ee\/en\/#\/schema\/logo\/image\/\"}}]}<\/script>\n<!-- \/ Yoast SEO plugin. -->","yoast_head_json":{"title":"Filament tapes | KEK Trading","description":"Enamlevinud pakketeibid on kas l\u00e4bipaistvad v\u00f5i pruuni v\u00e4rvi. Pakketeipidega t\u00f6\u00f6tamise lihtsustamiseks soovitame kasutusele v\u00f5tta l\u00f5ikuriga varustatud...","robots":{"index":"index","follow":"follow","max-snippet":"max-snippet:-1","max-image-preview":"max-image-preview:large","max-video-preview":"max-video-preview:-1"},"canonical":"https:\/\/kektrading.ee\/en\/filament-tapes\/","og_locale":"en_US","og_type":"article","og_title":"Filament tapes | KEK Trading","og_description":"Enamlevinud pakketeibid on kas l\u00e4bipaistvad v\u00f5i pruuni v\u00e4rvi. Pakketeipidega t\u00f6\u00f6tamise lihtsustamiseks soovitame kasutusele v\u00f5tta l\u00f5ikuriga varustatud...","og_url":"https:\/\/kektrading.ee\/en\/filament-tapes\/","og_site_name":"KEK Trading","article_modified_time":"2022-09-16T11:18:32+00:00","twitter_card":"summary_large_image","twitter_misc":{"Est. reading time":"1 minute"},"schema":{"@context":"https:\/\/schema.org","@graph":[{"@type":"WebPage","@id":"https:\/\/kektrading.ee\/en\/filament-tapes\/","url":"https:\/\/kektrading.ee\/en\/filament-tapes\/","name":"Filament tapes | KEK Trading","isPartOf":{"@id":"https:\/\/kektrading.ee\/en\/#website"},"datePublished":"2018-05-02T12:25:30+00:00","dateModified":"2022-09-16T11:18:32+00:00","description":"Enamlevinud pakketeibid on kas l\u00e4bipaistvad v\u00f5i pruuni v\u00e4rvi. Pakketeipidega t\u00f6\u00f6tamise lihtsustamiseks soovitame kasutusele v\u00f5tta l\u00f5ikuriga varustatud...","breadcrumb":{"@id":"https:\/\/kektrading.ee\/en\/filament-tapes\/#breadcrumb"},"inLanguage":"en-US","potentialAction":[{"@type":"ReadAction","target":["https:\/\/kektrading.ee\/en\/filament-tapes\/"]}]},{"@type":"BreadcrumbList","@id":"https:\/\/kektrading.ee\/en\/filament-tapes\/#breadcrumb","itemListElement":[{"@type":"ListItem","position":1,"name":"Home","item":"https:\/\/kektrading.ee\/en\/"},{"@type":"ListItem","position":2,"name":"Filament tapes"}]},{"@type":"WebSite","@id":"https:\/\/kektrading.ee\/en\/#website","url":"https:\/\/kektrading.ee\/en\/","name":"KEK Trading","description":"creative packaging","publisher":{"@id":"https:\/\/kektrading.ee\/en\/#organization"},"potentialAction":[{"@type":"SearchAction","target":{"@type":"EntryPoint","urlTemplate":"https:\/\/kektrading.ee\/en\/?s={search_term_string}"},"query-input":{"@type":"PropertyValueSpecification","valueRequired":true,"valueName":"search_term_string"}}],"inLanguage":"en-US"},{"@type":"Organization","@id":"https:\/\/kektrading.ee\/en\/#organization","name":"KEK Trading","url":"https:\/\/kektrading.ee\/en\/","logo":{"@type":"ImageObject","inLanguage":"en-US","@id":"https:\/\/kektrading.ee\/en\/#\/schema\/logo\/image\/","url":"https:\/\/kektrading.ee\/wp-content\/uploads\/2018\/04\/Kek_moto_suur-1.png","contentUrl":"https:\/\/kektrading.ee\/wp-content\/uploads\/2018\/04\/Kek_moto_suur-1.png","width":252,"height":60,"caption":"KEK Trading"},"image":{"@id":"https:\/\/kektrading.ee\/en\/#\/schema\/logo\/image\/"}}]}},"_links":{"self":[{"href":"https:\/\/kektrading.ee\/en\/wp-json\/wp\/v2\/pages\/1321","targetHints":{"allow":["GET"]}}],"collection":[{"href":"https:\/\/kektrading.ee\/en\/wp-json\/wp\/v2\/pages"}],"about":[{"href":"https:\/\/kektrading.ee\/en\/wp-json\/wp\/v2\/types\/page"}],"author":[{"embeddable":true,"href":"https:\/\/kektrading.ee\/en\/wp-json\/wp\/v2\/users\/1"}],"replies":[{"embeddable":true,"href":"https:\/\/kektrading.ee\/en\/wp-json\/wp\/v2\/comments?post=1321"}],"version-history":[{"count":3,"href":"https:\/\/kektrading.ee\/en\/wp-json\/wp\/v2\/pages\/1321\/revisions"}],"predecessor-version":[{"id":1874,"href":"https:\/\/kektrading.ee\/en\/wp-json\/wp\/v2\/pages\/1321\/revisions\/1874"}],"wp:attachment":[{"href":"https:\/\/kektrading.ee\/en\/wp-json\/wp\/v2\/media?parent=1321"}],"curies":[{"name":"wp","href":"https:\/\/api.w.org\/{rel}","templated":true}]}}