{"id":1318,"date":"2018-05-02T15:23:38","date_gmt":"2018-05-02T12:23:38","guid":{"rendered":"http:\/\/kektrading.ee\/maalriteibid\/"},"modified":"2022-09-16T14:19:33","modified_gmt":"2022-09-16T11:19:33","slug":"masking-tapes","status":"publish","type":"page","link":"https:\/\/kektrading.ee\/en\/masking-tapes\/","title":{"rendered":"Masking tapes"},"content":{"rendered":"<p><strong>Quality masking tapes help to reach the final results faster<\/strong><\/p>\n<p>The masking tapes have an important role in the final finishing touches of any decoration. There are special tapes for inner and outer corners of drywall walls, drywall jointing tapes, aluminium foil tapes for joining stone wool boards etc. We also offer a wide variety of car painter\u2019s masking tapes.<\/p>\n<p>A wide assortment of masking tapes, varying in width and strength of the adhesive, is available for making your painting jobs easier and the finishing touches more outstanding.<\/p>\n<p>If you are not sure which masking tape best suit your needs, we kindly advise to consult our Regional Sales Representatives.<br \/>\nContacts for obtaining additional information:<\/p>\n<p><strong>Aivo Viljamaa<\/strong>, store\u2019s Project Manager <a href=\"mailto:aivo@kektrading.ee\">aivo@kektrading.ee<\/a> +372 501 7204<\/p>\n","protected":false},"excerpt":{"rendered":"<p>Quality masking tapes help to reach the final results faster The masking tapes have an important role in the final finishing touches of any decoration. There are special tapes for inner and outer corners of drywall walls, drywall jointing tapes, aluminium foil tapes for joining stone wool boards etc. We also offer a wide variety of car painter\u2019s masking tapes.&hellip;<\/p>\n","protected":false},"author":1,"featured_media":0,"parent":0,"menu_order":0,"comment_status":"closed","ping_status":"closed","template":"","meta":{"footnotes":""},"class_list":["post-1318","page","type-page","status-publish","hentry"],"yoast_head":"<!-- This site is optimized with the Yoast SEO plugin v25.9 - https:\/\/yoast.com\/wordpress\/plugins\/seo\/ -->\n<title>Kvaliteetsed maalriteibid | KEK Trading<\/title>\n<meta name=\"description\" content=\"Kvaliteetsed maalriteibid on v\u00e4lja t\u00f6\u00f6tatud kipsplaadist seinte nii sise- kui v\u00e4lisnurkade tarvis, v\u00f5rkteibid k\u00f5rvuti asetsevatele kipsplaatidele,\u00a0foolium..\" \/>\n<meta name=\"robots\" content=\"index, follow, max-snippet:-1, max-image-preview:large, max-video-preview:-1\" \/>\n<link rel=\"canonical\" href=\"https:\/\/kektrading.ee\/en\/masking-tapes\/\" \/>\n<meta property=\"og:locale\" content=\"en_US\" \/>\n<meta property=\"og:type\" content=\"article\" \/>\n<meta property=\"og:title\" content=\"Kvaliteetsed maalriteibid | KEK Trading\" \/>\n<meta property=\"og:description\" content=\"Kvaliteetsed maalriteibid on v\u00e4lja t\u00f6\u00f6tatud kipsplaadist seinte nii sise- kui v\u00e4lisnurkade tarvis, v\u00f5rkteibid k\u00f5rvuti asetsevatele kipsplaatidele,\u00a0foolium..\" \/>\n<meta property=\"og:url\" content=\"https:\/\/kektrading.ee\/en\/masking-tapes\/\" \/>\n<meta property=\"og:site_name\" content=\"KEK Trading\" \/>\n<meta property=\"article:modified_time\" content=\"2022-09-16T11:19:33+00:00\" \/>\n<meta name=\"twitter:card\" content=\"summary_large_image\" \/>\n<meta name=\"twitter:label1\" content=\"Est. reading time\" \/>\n\t<meta name=\"twitter:data1\" content=\"1 minute\" \/>\n<script type=\"application\/ld+json\" class=\"yoast-schema-graph\">{\"@context\":\"https:\/\/schema.org\",\"@graph\":[{\"@type\":\"WebPage\",\"@id\":\"https:\/\/kektrading.ee\/en\/masking-tapes\/\",\"url\":\"https:\/\/kektrading.ee\/en\/masking-tapes\/\",\"name\":\"Kvaliteetsed maalriteibid | KEK Trading\",\"isPartOf\":{\"@id\":\"https:\/\/kektrading.ee\/en\/#website\"},\"datePublished\":\"2018-05-02T12:23:38+00:00\",\"dateModified\":\"2022-09-16T11:19:33+00:00\",\"description\":\"Kvaliteetsed maalriteibid on v\u00e4lja t\u00f6\u00f6tatud kipsplaadist seinte nii sise- kui v\u00e4lisnurkade tarvis, v\u00f5rkteibid k\u00f5rvuti asetsevatele kipsplaatidele,\u00a0foolium..\",\"breadcrumb\":{\"@id\":\"https:\/\/kektrading.ee\/en\/masking-tapes\/#breadcrumb\"},\"inLanguage\":\"en-US\",\"potentialAction\":[{\"@type\":\"ReadAction\",\"target\":[\"https:\/\/kektrading.ee\/en\/masking-tapes\/\"]}]},{\"@type\":\"BreadcrumbList\",\"@id\":\"https:\/\/kektrading.ee\/en\/masking-tapes\/#breadcrumb\",\"itemListElement\":[{\"@type\":\"ListItem\",\"position\":1,\"name\":\"Home\",\"item\":\"https:\/\/kektrading.ee\/en\/\"},{\"@type\":\"ListItem\",\"position\":2,\"name\":\"Masking tapes\"}]},{\"@type\":\"WebSite\",\"@id\":\"https:\/\/kektrading.ee\/en\/#website\",\"url\":\"https:\/\/kektrading.ee\/en\/\",\"name\":\"KEK Trading\",\"description\":\"creative packaging\",\"publisher\":{\"@id\":\"https:\/\/kektrading.ee\/en\/#organization\"},\"potentialAction\":[{\"@type\":\"SearchAction\",\"target\":{\"@type\":\"EntryPoint\",\"urlTemplate\":\"https:\/\/kektrading.ee\/en\/?s={search_term_string}\"},\"query-input\":{\"@type\":\"PropertyValueSpecification\",\"valueRequired\":true,\"valueName\":\"search_term_string\"}}],\"inLanguage\":\"en-US\"},{\"@type\":\"Organization\",\"@id\":\"https:\/\/kektrading.ee\/en\/#organization\",\"name\":\"KEK Trading\",\"url\":\"https:\/\/kektrading.ee\/en\/\",\"logo\":{\"@type\":\"ImageObject\",\"inLanguage\":\"en-US\",\"@id\":\"https:\/\/kektrading.ee\/en\/#\/schema\/logo\/image\/\",\"url\":\"https:\/\/kektrading.ee\/wp-content\/uploads\/2018\/04\/Kek_moto_suur-1.png\",\"contentUrl\":\"https:\/\/kektrading.ee\/wp-content\/uploads\/2018\/04\/Kek_moto_suur-1.png\",\"width\":252,\"height\":60,\"caption\":\"KEK Trading\"},\"image\":{\"@id\":\"https:\/\/kektrading.ee\/en\/#\/schema\/logo\/image\/\"}}]}<\/script>\n<!-- \/ Yoast SEO plugin. -->","yoast_head_json":{"title":"Kvaliteetsed maalriteibid | KEK Trading","description":"Kvaliteetsed maalriteibid on v\u00e4lja t\u00f6\u00f6tatud kipsplaadist seinte nii sise- kui v\u00e4lisnurkade tarvis, v\u00f5rkteibid k\u00f5rvuti asetsevatele kipsplaatidele,\u00a0foolium..","robots":{"index":"index","follow":"follow","max-snippet":"max-snippet:-1","max-image-preview":"max-image-preview:large","max-video-preview":"max-video-preview:-1"},"canonical":"https:\/\/kektrading.ee\/en\/masking-tapes\/","og_locale":"en_US","og_type":"article","og_title":"Kvaliteetsed maalriteibid | KEK Trading","og_description":"Kvaliteetsed maalriteibid on v\u00e4lja t\u00f6\u00f6tatud kipsplaadist seinte nii sise- kui v\u00e4lisnurkade tarvis, v\u00f5rkteibid k\u00f5rvuti asetsevatele kipsplaatidele,\u00a0foolium..","og_url":"https:\/\/kektrading.ee\/en\/masking-tapes\/","og_site_name":"KEK Trading","article_modified_time":"2022-09-16T11:19:33+00:00","twitter_card":"summary_large_image","twitter_misc":{"Est. reading time":"1 minute"},"schema":{"@context":"https:\/\/schema.org","@graph":[{"@type":"WebPage","@id":"https:\/\/kektrading.ee\/en\/masking-tapes\/","url":"https:\/\/kektrading.ee\/en\/masking-tapes\/","name":"Kvaliteetsed maalriteibid | KEK Trading","isPartOf":{"@id":"https:\/\/kektrading.ee\/en\/#website"},"datePublished":"2018-05-02T12:23:38+00:00","dateModified":"2022-09-16T11:19:33+00:00","description":"Kvaliteetsed maalriteibid on v\u00e4lja t\u00f6\u00f6tatud kipsplaadist seinte nii sise- kui v\u00e4lisnurkade tarvis, v\u00f5rkteibid k\u00f5rvuti asetsevatele kipsplaatidele,\u00a0foolium..","breadcrumb":{"@id":"https:\/\/kektrading.ee\/en\/masking-tapes\/#breadcrumb"},"inLanguage":"en-US","potentialAction":[{"@type":"ReadAction","target":["https:\/\/kektrading.ee\/en\/masking-tapes\/"]}]},{"@type":"BreadcrumbList","@id":"https:\/\/kektrading.ee\/en\/masking-tapes\/#breadcrumb","itemListElement":[{"@type":"ListItem","position":1,"name":"Home","item":"https:\/\/kektrading.ee\/en\/"},{"@type":"ListItem","position":2,"name":"Masking tapes"}]},{"@type":"WebSite","@id":"https:\/\/kektrading.ee\/en\/#website","url":"https:\/\/kektrading.ee\/en\/","name":"KEK Trading","description":"creative packaging","publisher":{"@id":"https:\/\/kektrading.ee\/en\/#organization"},"potentialAction":[{"@type":"SearchAction","target":{"@type":"EntryPoint","urlTemplate":"https:\/\/kektrading.ee\/en\/?s={search_term_string}"},"query-input":{"@type":"PropertyValueSpecification","valueRequired":true,"valueName":"search_term_string"}}],"inLanguage":"en-US"},{"@type":"Organization","@id":"https:\/\/kektrading.ee\/en\/#organization","name":"KEK Trading","url":"https:\/\/kektrading.ee\/en\/","logo":{"@type":"ImageObject","inLanguage":"en-US","@id":"https:\/\/kektrading.ee\/en\/#\/schema\/logo\/image\/","url":"https:\/\/kektrading.ee\/wp-content\/uploads\/2018\/04\/Kek_moto_suur-1.png","contentUrl":"https:\/\/kektrading.ee\/wp-content\/uploads\/2018\/04\/Kek_moto_suur-1.png","width":252,"height":60,"caption":"KEK Trading"},"image":{"@id":"https:\/\/kektrading.ee\/en\/#\/schema\/logo\/image\/"}}]}},"_links":{"self":[{"href":"https:\/\/kektrading.ee\/en\/wp-json\/wp\/v2\/pages\/1318","targetHints":{"allow":["GET"]}}],"collection":[{"href":"https:\/\/kektrading.ee\/en\/wp-json\/wp\/v2\/pages"}],"about":[{"href":"https:\/\/kektrading.ee\/en\/wp-json\/wp\/v2\/types\/page"}],"author":[{"embeddable":true,"href":"https:\/\/kektrading.ee\/en\/wp-json\/wp\/v2\/users\/1"}],"replies":[{"embeddable":true,"href":"https:\/\/kektrading.ee\/en\/wp-json\/wp\/v2\/comments?post=1318"}],"version-history":[{"count":3,"href":"https:\/\/kektrading.ee\/en\/wp-json\/wp\/v2\/pages\/1318\/revisions"}],"predecessor-version":[{"id":1876,"href":"https:\/\/kektrading.ee\/en\/wp-json\/wp\/v2\/pages\/1318\/revisions\/1876"}],"wp:attachment":[{"href":"https:\/\/kektrading.ee\/en\/wp-json\/wp\/v2\/media?parent=1318"}],"curies":[{"name":"wp","href":"https:\/\/api.w.org\/{rel}","templated":true}]}}