{"id":1303,"date":"2018-05-02T14:27:59","date_gmt":"2018-05-02T11:27:59","guid":{"rendered":"http:\/\/kektrading.ee\/puidukattekotid\/"},"modified":"2022-09-16T14:16:38","modified_gmt":"2022-09-16T11:16:38","slug":"stretch-films-for-wood-wrapping","status":"publish","type":"page","link":"https:\/\/kektrading.ee\/en\/stretch-films-for-wood-wrapping\/","title":{"rendered":"Stretch films for wood wrapping"},"content":{"rendered":"<p><strong>Stretch film for lumber packaging<\/strong><\/p>\n<p>The width of stretch films for lumber packaging that are available in KEK Trading product assortment is 1.1 meters. The lengths of the stretch films for lumber packaging vary and the client can order films measuring between 2 to 6 meters in length.<\/p>\n<p>Using the suitable size of the stretch films for lumber packaging is very comfortable and helps to save time.<\/p>\n<p>Price inquiry form<br \/>\n\n<div class=\"wpcf7 no-js\" id=\"wpcf7-f1288-o1\" lang=\"et\" dir=\"ltr\" data-wpcf7-id=\"1288\">\n<div class=\"screen-reader-response\"><p role=\"status\" aria-live=\"polite\" aria-atomic=\"true\"><\/p> <ul><\/ul><\/div>\n<form action=\"\/en\/wp-json\/wp\/v2\/pages\/1303#wpcf7-f1288-o1\" method=\"post\" class=\"wpcf7-form init\" aria-label=\"Contact form\" novalidate=\"novalidate\" data-status=\"init\">\n<fieldset class=\"hidden-fields-container\"><input type=\"hidden\" name=\"_wpcf7\" value=\"1288\" \/><input type=\"hidden\" name=\"_wpcf7_version\" value=\"6.1.1\" \/><input type=\"hidden\" name=\"_wpcf7_locale\" value=\"et\" \/><input type=\"hidden\" name=\"_wpcf7_unit_tag\" value=\"wpcf7-f1288-o1\" \/><input type=\"hidden\" name=\"_wpcf7_container_post\" value=\"0\" \/><input type=\"hidden\" name=\"_wpcf7_posted_data_hash\" value=\"\" \/><input type=\"hidden\" name=\"_wpcf7_recaptcha_response\" value=\"\" \/>\n<\/fieldset>\n<p><label> Name (required)<br \/>\n<span class=\"wpcf7-form-control-wrap\" data-name=\"your-name\"><input size=\"40\" maxlength=\"400\" class=\"wpcf7-form-control wpcf7-text wpcf7-validates-as-required\" aria-required=\"true\" aria-invalid=\"false\" value=\"\" type=\"text\" name=\"your-name\" \/><\/span> <\/label>\n<\/p>\n<p><label> Company (required)<br \/>\n<span class=\"wpcf7-form-control-wrap\" data-name=\"your-business\"><input size=\"40\" maxlength=\"400\" class=\"wpcf7-form-control wpcf7-text wpcf7-validates-as-required\" aria-required=\"true\" aria-invalid=\"false\" value=\"\" type=\"text\" name=\"your-business\" \/><\/span> <\/label>\n<\/p>\n<p><label> Phone<br \/>\n<span class=\"wpcf7-form-control-wrap\" data-name=\"your-phone\"><input size=\"40\" maxlength=\"400\" class=\"wpcf7-form-control wpcf7-text\" aria-invalid=\"false\" value=\"\" type=\"text\" name=\"your-phone\" \/><\/span> <\/label>\n<\/p>\n<p><label> Email (required)<br \/>\n<span class=\"wpcf7-form-control-wrap\" data-name=\"your-email\"><input size=\"40\" maxlength=\"400\" class=\"wpcf7-form-control wpcf7-email wpcf7-validates-as-required wpcf7-text wpcf7-validates-as-email\" aria-required=\"true\" aria-invalid=\"false\" value=\"\" type=\"email\" name=\"your-email\" \/><\/span> <\/label>\n<\/p>\n<p><label> Price inquiry<br \/>\n<span class=\"wpcf7-form-control-wrap\" data-name=\"your-message\"><textarea cols=\"40\" rows=\"10\" maxlength=\"2000\" class=\"wpcf7-form-control wpcf7-textarea\" aria-invalid=\"false\" name=\"your-message\"><\/textarea><\/span> <\/label>\n<\/p>\n<p><input class=\"wpcf7-form-control wpcf7-submit has-spinner\" type=\"submit\" value=\"Submit\" \/>\n<\/p><div class=\"wpcf7-response-output\" aria-hidden=\"true\"><\/div>\n<\/form>\n<\/div>\n<p>&nbsp;<\/p>\n<p>Contacts for obtaining additional information:<\/p>\n<p><strong>Aivo Viljamaa<\/strong>, store\u2019s Project Manager <a href=\"mailto:aivo@kektrading.ee\">aivo@kektrading.ee<\/a> +372 501 7204<\/p>\n","protected":false},"excerpt":{"rendered":"<p>Stretch film for lumber packaging The width of stretch films for lumber packaging that are available in KEK Trading product assortment is 1.1 meters. The lengths of the stretch films for lumber packaging vary and the client can order films measuring between 2 to 6 meters in length. Using the suitable size of the stretch films for lumber packaging is&hellip;<\/p>\n","protected":false},"author":1,"featured_media":0,"parent":0,"menu_order":0,"comment_status":"closed","ping_status":"closed","template":"","meta":{"footnotes":""},"class_list":["post-1303","page","type-page","status-publish","hentry"],"yoast_head":"<!-- This site is optimized with the Yoast SEO plugin v25.9 - https:\/\/yoast.com\/wordpress\/plugins\/seo\/ -->\n<title>Stretch films for wood wrapping | KEK Trading<\/title>\n<meta name=\"description\" content=\"Sobiva pikkusega puidukattekottide kasutamine on v\u00e4ga mugav ning hoiab kokku teie t\u00f6\u00f6tajate v\u00e4\u00e4rtuslikku aega. Meilt leiate erinevaid puidukattekotte.\" \/>\n<meta name=\"robots\" content=\"index, follow, max-snippet:-1, max-image-preview:large, max-video-preview:-1\" \/>\n<link rel=\"canonical\" href=\"https:\/\/kektrading.ee\/en\/stretch-films-for-wood-wrapping\/\" \/>\n<meta property=\"og:locale\" content=\"en_US\" \/>\n<meta property=\"og:type\" content=\"article\" \/>\n<meta property=\"og:title\" content=\"Stretch films for wood wrapping | KEK Trading\" \/>\n<meta property=\"og:description\" content=\"Sobiva pikkusega puidukattekottide kasutamine on v\u00e4ga mugav ning hoiab kokku teie t\u00f6\u00f6tajate v\u00e4\u00e4rtuslikku aega. Meilt leiate erinevaid puidukattekotte.\" \/>\n<meta property=\"og:url\" content=\"https:\/\/kektrading.ee\/en\/stretch-films-for-wood-wrapping\/\" \/>\n<meta property=\"og:site_name\" content=\"KEK Trading\" \/>\n<meta property=\"article:modified_time\" content=\"2022-09-16T11:16:38+00:00\" \/>\n<meta name=\"twitter:card\" content=\"summary_large_image\" \/>\n<script type=\"application\/ld+json\" class=\"yoast-schema-graph\">{\"@context\":\"https:\/\/schema.org\",\"@graph\":[{\"@type\":\"WebPage\",\"@id\":\"https:\/\/kektrading.ee\/en\/stretch-films-for-wood-wrapping\/\",\"url\":\"https:\/\/kektrading.ee\/en\/stretch-films-for-wood-wrapping\/\",\"name\":\"Stretch films for wood wrapping | KEK Trading\",\"isPartOf\":{\"@id\":\"https:\/\/kektrading.ee\/en\/#website\"},\"datePublished\":\"2018-05-02T11:27:59+00:00\",\"dateModified\":\"2022-09-16T11:16:38+00:00\",\"description\":\"Sobiva pikkusega puidukattekottide kasutamine on v\u00e4ga mugav ning hoiab kokku teie t\u00f6\u00f6tajate v\u00e4\u00e4rtuslikku aega. Meilt leiate erinevaid puidukattekotte.\",\"breadcrumb\":{\"@id\":\"https:\/\/kektrading.ee\/en\/stretch-films-for-wood-wrapping\/#breadcrumb\"},\"inLanguage\":\"en-US\",\"potentialAction\":[{\"@type\":\"ReadAction\",\"target\":[\"https:\/\/kektrading.ee\/en\/stretch-films-for-wood-wrapping\/\"]}]},{\"@type\":\"BreadcrumbList\",\"@id\":\"https:\/\/kektrading.ee\/en\/stretch-films-for-wood-wrapping\/#breadcrumb\",\"itemListElement\":[{\"@type\":\"ListItem\",\"position\":1,\"name\":\"Home\",\"item\":\"https:\/\/kektrading.ee\/en\/\"},{\"@type\":\"ListItem\",\"position\":2,\"name\":\"Stretch films for wood wrapping\"}]},{\"@type\":\"WebSite\",\"@id\":\"https:\/\/kektrading.ee\/en\/#website\",\"url\":\"https:\/\/kektrading.ee\/en\/\",\"name\":\"KEK Trading\",\"description\":\"creative packaging\",\"publisher\":{\"@id\":\"https:\/\/kektrading.ee\/en\/#organization\"},\"potentialAction\":[{\"@type\":\"SearchAction\",\"target\":{\"@type\":\"EntryPoint\",\"urlTemplate\":\"https:\/\/kektrading.ee\/en\/?s={search_term_string}\"},\"query-input\":{\"@type\":\"PropertyValueSpecification\",\"valueRequired\":true,\"valueName\":\"search_term_string\"}}],\"inLanguage\":\"en-US\"},{\"@type\":\"Organization\",\"@id\":\"https:\/\/kektrading.ee\/en\/#organization\",\"name\":\"KEK Trading\",\"url\":\"https:\/\/kektrading.ee\/en\/\",\"logo\":{\"@type\":\"ImageObject\",\"inLanguage\":\"en-US\",\"@id\":\"https:\/\/kektrading.ee\/en\/#\/schema\/logo\/image\/\",\"url\":\"https:\/\/kektrading.ee\/wp-content\/uploads\/2018\/04\/Kek_moto_suur-1.png\",\"contentUrl\":\"https:\/\/kektrading.ee\/wp-content\/uploads\/2018\/04\/Kek_moto_suur-1.png\",\"width\":252,\"height\":60,\"caption\":\"KEK Trading\"},\"image\":{\"@id\":\"https:\/\/kektrading.ee\/en\/#\/schema\/logo\/image\/\"}}]}<\/script>\n<!-- \/ Yoast SEO plugin. -->","yoast_head_json":{"title":"Stretch films for wood wrapping | KEK Trading","description":"Sobiva pikkusega puidukattekottide kasutamine on v\u00e4ga mugav ning hoiab kokku teie t\u00f6\u00f6tajate v\u00e4\u00e4rtuslikku aega. Meilt leiate erinevaid puidukattekotte.","robots":{"index":"index","follow":"follow","max-snippet":"max-snippet:-1","max-image-preview":"max-image-preview:large","max-video-preview":"max-video-preview:-1"},"canonical":"https:\/\/kektrading.ee\/en\/stretch-films-for-wood-wrapping\/","og_locale":"en_US","og_type":"article","og_title":"Stretch films for wood wrapping | KEK Trading","og_description":"Sobiva pikkusega puidukattekottide kasutamine on v\u00e4ga mugav ning hoiab kokku teie t\u00f6\u00f6tajate v\u00e4\u00e4rtuslikku aega. Meilt leiate erinevaid puidukattekotte.","og_url":"https:\/\/kektrading.ee\/en\/stretch-films-for-wood-wrapping\/","og_site_name":"KEK Trading","article_modified_time":"2022-09-16T11:16:38+00:00","twitter_card":"summary_large_image","schema":{"@context":"https:\/\/schema.org","@graph":[{"@type":"WebPage","@id":"https:\/\/kektrading.ee\/en\/stretch-films-for-wood-wrapping\/","url":"https:\/\/kektrading.ee\/en\/stretch-films-for-wood-wrapping\/","name":"Stretch films for wood wrapping | KEK Trading","isPartOf":{"@id":"https:\/\/kektrading.ee\/en\/#website"},"datePublished":"2018-05-02T11:27:59+00:00","dateModified":"2022-09-16T11:16:38+00:00","description":"Sobiva pikkusega puidukattekottide kasutamine on v\u00e4ga mugav ning hoiab kokku teie t\u00f6\u00f6tajate v\u00e4\u00e4rtuslikku aega. Meilt leiate erinevaid puidukattekotte.","breadcrumb":{"@id":"https:\/\/kektrading.ee\/en\/stretch-films-for-wood-wrapping\/#breadcrumb"},"inLanguage":"en-US","potentialAction":[{"@type":"ReadAction","target":["https:\/\/kektrading.ee\/en\/stretch-films-for-wood-wrapping\/"]}]},{"@type":"BreadcrumbList","@id":"https:\/\/kektrading.ee\/en\/stretch-films-for-wood-wrapping\/#breadcrumb","itemListElement":[{"@type":"ListItem","position":1,"name":"Home","item":"https:\/\/kektrading.ee\/en\/"},{"@type":"ListItem","position":2,"name":"Stretch films for wood wrapping"}]},{"@type":"WebSite","@id":"https:\/\/kektrading.ee\/en\/#website","url":"https:\/\/kektrading.ee\/en\/","name":"KEK Trading","description":"creative packaging","publisher":{"@id":"https:\/\/kektrading.ee\/en\/#organization"},"potentialAction":[{"@type":"SearchAction","target":{"@type":"EntryPoint","urlTemplate":"https:\/\/kektrading.ee\/en\/?s={search_term_string}"},"query-input":{"@type":"PropertyValueSpecification","valueRequired":true,"valueName":"search_term_string"}}],"inLanguage":"en-US"},{"@type":"Organization","@id":"https:\/\/kektrading.ee\/en\/#organization","name":"KEK Trading","url":"https:\/\/kektrading.ee\/en\/","logo":{"@type":"ImageObject","inLanguage":"en-US","@id":"https:\/\/kektrading.ee\/en\/#\/schema\/logo\/image\/","url":"https:\/\/kektrading.ee\/wp-content\/uploads\/2018\/04\/Kek_moto_suur-1.png","contentUrl":"https:\/\/kektrading.ee\/wp-content\/uploads\/2018\/04\/Kek_moto_suur-1.png","width":252,"height":60,"caption":"KEK Trading"},"image":{"@id":"https:\/\/kektrading.ee\/en\/#\/schema\/logo\/image\/"}}]}},"_links":{"self":[{"href":"https:\/\/kektrading.ee\/en\/wp-json\/wp\/v2\/pages\/1303","targetHints":{"allow":["GET"]}}],"collection":[{"href":"https:\/\/kektrading.ee\/en\/wp-json\/wp\/v2\/pages"}],"about":[{"href":"https:\/\/kektrading.ee\/en\/wp-json\/wp\/v2\/types\/page"}],"author":[{"embeddable":true,"href":"https:\/\/kektrading.ee\/en\/wp-json\/wp\/v2\/users\/1"}],"replies":[{"embeddable":true,"href":"https:\/\/kektrading.ee\/en\/wp-json\/wp\/v2\/comments?post=1303"}],"version-history":[{"count":3,"href":"https:\/\/kektrading.ee\/en\/wp-json\/wp\/v2\/pages\/1303\/revisions"}],"predecessor-version":[{"id":1868,"href":"https:\/\/kektrading.ee\/en\/wp-json\/wp\/v2\/pages\/1303\/revisions\/1868"}],"wp:attachment":[{"href":"https:\/\/kektrading.ee\/en\/wp-json\/wp\/v2\/media?parent=1303"}],"curies":[{"name":"wp","href":"https:\/\/api.w.org\/{rel}","templated":true}]}}