{"id":1300,"date":"2018-05-02T14:27:28","date_gmt":"2018-05-02T11:27:28","guid":{"rendered":"http:\/\/kektrading.ee\/trukitud-kiled\/"},"modified":"2022-09-16T14:15:42","modified_gmt":"2022-09-16T11:15:42","slug":"printed-stretch-films","status":"publish","type":"page","link":"https:\/\/kektrading.ee\/en\/printed-stretch-films\/","title":{"rendered":"Printed stretch films"},"content":{"rendered":"<p><strong>Printed stretch films catch the eye from far away<\/strong><\/p>\n<p>When the amount of stretch films used by your company reaches tens of thousands of tons, it would certainly be a good idea to look into the options of printed stretch films. In case of large quantities, the cost of applying the logo or other necessary information about your company on the stretch films makes up an insignificant part of the total sum. Using the printed stretch films provides your company with the advantage of standing out from other competitors.<\/p>\n<p>Using the printed stretch films helps to turn the packaging of your product into a free means of advertisement that will be noticed among both big or small truck loads of goods and in the storage areas. Additional information about the measures and thickness of the printed stretch films can be obtained from the Regional Sales Representative.<\/p>\n<p>Price inquiry form<br \/>\n\n<div class=\"wpcf7 no-js\" id=\"wpcf7-f1288-o1\" lang=\"et\" dir=\"ltr\" data-wpcf7-id=\"1288\">\n<div class=\"screen-reader-response\"><p role=\"status\" aria-live=\"polite\" aria-atomic=\"true\"><\/p> <ul><\/ul><\/div>\n<form action=\"\/en\/wp-json\/wp\/v2\/pages\/1300#wpcf7-f1288-o1\" method=\"post\" class=\"wpcf7-form init\" aria-label=\"Contact form\" novalidate=\"novalidate\" data-status=\"init\">\n<fieldset class=\"hidden-fields-container\"><input type=\"hidden\" name=\"_wpcf7\" value=\"1288\" \/><input type=\"hidden\" name=\"_wpcf7_version\" value=\"6.1.1\" \/><input type=\"hidden\" name=\"_wpcf7_locale\" value=\"et\" \/><input type=\"hidden\" name=\"_wpcf7_unit_tag\" value=\"wpcf7-f1288-o1\" \/><input type=\"hidden\" name=\"_wpcf7_container_post\" value=\"0\" \/><input type=\"hidden\" name=\"_wpcf7_posted_data_hash\" value=\"\" \/><input type=\"hidden\" name=\"_wpcf7_recaptcha_response\" value=\"\" \/>\n<\/fieldset>\n<p><label> Name (required)<br \/>\n<span class=\"wpcf7-form-control-wrap\" data-name=\"your-name\"><input size=\"40\" maxlength=\"400\" class=\"wpcf7-form-control wpcf7-text wpcf7-validates-as-required\" aria-required=\"true\" aria-invalid=\"false\" value=\"\" type=\"text\" name=\"your-name\" \/><\/span> <\/label>\n<\/p>\n<p><label> Company (required)<br \/>\n<span class=\"wpcf7-form-control-wrap\" data-name=\"your-business\"><input size=\"40\" maxlength=\"400\" class=\"wpcf7-form-control wpcf7-text wpcf7-validates-as-required\" aria-required=\"true\" aria-invalid=\"false\" value=\"\" type=\"text\" name=\"your-business\" \/><\/span> <\/label>\n<\/p>\n<p><label> Phone<br \/>\n<span class=\"wpcf7-form-control-wrap\" data-name=\"your-phone\"><input size=\"40\" maxlength=\"400\" class=\"wpcf7-form-control wpcf7-text\" aria-invalid=\"false\" value=\"\" type=\"text\" name=\"your-phone\" \/><\/span> <\/label>\n<\/p>\n<p><label> Email (required)<br \/>\n<span class=\"wpcf7-form-control-wrap\" data-name=\"your-email\"><input size=\"40\" maxlength=\"400\" class=\"wpcf7-form-control wpcf7-email wpcf7-validates-as-required wpcf7-text wpcf7-validates-as-email\" aria-required=\"true\" aria-invalid=\"false\" value=\"\" type=\"email\" name=\"your-email\" \/><\/span> <\/label>\n<\/p>\n<p><label> Price inquiry<br \/>\n<span class=\"wpcf7-form-control-wrap\" data-name=\"your-message\"><textarea cols=\"40\" rows=\"10\" maxlength=\"2000\" class=\"wpcf7-form-control wpcf7-textarea\" aria-invalid=\"false\" name=\"your-message\"><\/textarea><\/span> <\/label>\n<\/p>\n<p><input class=\"wpcf7-form-control wpcf7-submit has-spinner\" type=\"submit\" value=\"Submit\" \/>\n<\/p><div class=\"wpcf7-response-output\" aria-hidden=\"true\"><\/div>\n<\/form>\n<\/div>\n<p>&nbsp;<\/p>\n<p>Contacts for obtaining additional information<\/p>\n<p><strong>Aivo Viljamaa<\/strong>, store\u2019s Project Manager <a href=\"mailto:aivo@kektrading.ee\">aivo@kektrading.ee<\/a> +372 501 7204<\/p>\n","protected":false},"excerpt":{"rendered":"<p>Printed stretch films catch the eye from far away When the amount of stretch films used by your company reaches tens of thousands of tons, it would certainly be a good idea to look into the options of printed stretch films. In case of large quantities, the cost of applying the logo or other necessary information about your company on&hellip;<\/p>\n","protected":false},"author":1,"featured_media":0,"parent":0,"menu_order":0,"comment_status":"closed","ping_status":"closed","template":"","meta":{"footnotes":""},"class_list":["post-1300","page","type-page","status-publish","hentry"],"yoast_head":"<!-- This site is optimized with the Yoast SEO plugin v25.9 - https:\/\/yoast.com\/wordpress\/plugins\/seo\/ -->\n<title>Printed stretch films | KEK Trading<\/title>\n<meta name=\"description\" content=\"Kui teie ettev\u00f5tte poolt kasutatavate kattekilede kogus ulatub k\u00fcmnetesse tonnidesse, siis on kindlasti hea m\u00f5te l\u00e4hemalt uurida tr\u00fckitud kilede k\u00f6\u00f6gipoolt.\" \/>\n<meta name=\"robots\" content=\"index, follow, max-snippet:-1, max-image-preview:large, max-video-preview:-1\" \/>\n<link rel=\"canonical\" href=\"https:\/\/kektrading.ee\/en\/printed-stretch-films\/\" \/>\n<meta property=\"og:locale\" content=\"en_US\" \/>\n<meta property=\"og:type\" content=\"article\" \/>\n<meta property=\"og:title\" content=\"Printed stretch films | KEK Trading\" \/>\n<meta property=\"og:description\" content=\"Kui teie ettev\u00f5tte poolt kasutatavate kattekilede kogus ulatub k\u00fcmnetesse tonnidesse, siis on kindlasti hea m\u00f5te l\u00e4hemalt uurida tr\u00fckitud kilede k\u00f6\u00f6gipoolt.\" \/>\n<meta property=\"og:url\" content=\"https:\/\/kektrading.ee\/en\/printed-stretch-films\/\" \/>\n<meta property=\"og:site_name\" content=\"KEK Trading\" \/>\n<meta property=\"article:modified_time\" content=\"2022-09-16T11:15:42+00:00\" \/>\n<meta name=\"twitter:card\" content=\"summary_large_image\" \/>\n<meta name=\"twitter:label1\" content=\"Est. reading time\" \/>\n\t<meta name=\"twitter:data1\" content=\"1 minute\" \/>\n<script type=\"application\/ld+json\" class=\"yoast-schema-graph\">{\"@context\":\"https:\/\/schema.org\",\"@graph\":[{\"@type\":\"WebPage\",\"@id\":\"https:\/\/kektrading.ee\/en\/printed-stretch-films\/\",\"url\":\"https:\/\/kektrading.ee\/en\/printed-stretch-films\/\",\"name\":\"Printed stretch films | KEK Trading\",\"isPartOf\":{\"@id\":\"https:\/\/kektrading.ee\/en\/#website\"},\"datePublished\":\"2018-05-02T11:27:28+00:00\",\"dateModified\":\"2022-09-16T11:15:42+00:00\",\"description\":\"Kui teie ettev\u00f5tte poolt kasutatavate kattekilede kogus ulatub k\u00fcmnetesse tonnidesse, siis on kindlasti hea m\u00f5te l\u00e4hemalt uurida tr\u00fckitud kilede k\u00f6\u00f6gipoolt.\",\"breadcrumb\":{\"@id\":\"https:\/\/kektrading.ee\/en\/printed-stretch-films\/#breadcrumb\"},\"inLanguage\":\"en-US\",\"potentialAction\":[{\"@type\":\"ReadAction\",\"target\":[\"https:\/\/kektrading.ee\/en\/printed-stretch-films\/\"]}]},{\"@type\":\"BreadcrumbList\",\"@id\":\"https:\/\/kektrading.ee\/en\/printed-stretch-films\/#breadcrumb\",\"itemListElement\":[{\"@type\":\"ListItem\",\"position\":1,\"name\":\"Home\",\"item\":\"https:\/\/kektrading.ee\/en\/\"},{\"@type\":\"ListItem\",\"position\":2,\"name\":\"Printed stretch films\"}]},{\"@type\":\"WebSite\",\"@id\":\"https:\/\/kektrading.ee\/en\/#website\",\"url\":\"https:\/\/kektrading.ee\/en\/\",\"name\":\"KEK Trading\",\"description\":\"creative packaging\",\"publisher\":{\"@id\":\"https:\/\/kektrading.ee\/en\/#organization\"},\"potentialAction\":[{\"@type\":\"SearchAction\",\"target\":{\"@type\":\"EntryPoint\",\"urlTemplate\":\"https:\/\/kektrading.ee\/en\/?s={search_term_string}\"},\"query-input\":{\"@type\":\"PropertyValueSpecification\",\"valueRequired\":true,\"valueName\":\"search_term_string\"}}],\"inLanguage\":\"en-US\"},{\"@type\":\"Organization\",\"@id\":\"https:\/\/kektrading.ee\/en\/#organization\",\"name\":\"KEK Trading\",\"url\":\"https:\/\/kektrading.ee\/en\/\",\"logo\":{\"@type\":\"ImageObject\",\"inLanguage\":\"en-US\",\"@id\":\"https:\/\/kektrading.ee\/en\/#\/schema\/logo\/image\/\",\"url\":\"https:\/\/kektrading.ee\/wp-content\/uploads\/2018\/04\/Kek_moto_suur-1.png\",\"contentUrl\":\"https:\/\/kektrading.ee\/wp-content\/uploads\/2018\/04\/Kek_moto_suur-1.png\",\"width\":252,\"height\":60,\"caption\":\"KEK Trading\"},\"image\":{\"@id\":\"https:\/\/kektrading.ee\/en\/#\/schema\/logo\/image\/\"}}]}<\/script>\n<!-- \/ Yoast SEO plugin. -->","yoast_head_json":{"title":"Printed stretch films | KEK Trading","description":"Kui teie ettev\u00f5tte poolt kasutatavate kattekilede kogus ulatub k\u00fcmnetesse tonnidesse, siis on kindlasti hea m\u00f5te l\u00e4hemalt uurida tr\u00fckitud kilede k\u00f6\u00f6gipoolt.","robots":{"index":"index","follow":"follow","max-snippet":"max-snippet:-1","max-image-preview":"max-image-preview:large","max-video-preview":"max-video-preview:-1"},"canonical":"https:\/\/kektrading.ee\/en\/printed-stretch-films\/","og_locale":"en_US","og_type":"article","og_title":"Printed stretch films | KEK Trading","og_description":"Kui teie ettev\u00f5tte poolt kasutatavate kattekilede kogus ulatub k\u00fcmnetesse tonnidesse, siis on kindlasti hea m\u00f5te l\u00e4hemalt uurida tr\u00fckitud kilede k\u00f6\u00f6gipoolt.","og_url":"https:\/\/kektrading.ee\/en\/printed-stretch-films\/","og_site_name":"KEK Trading","article_modified_time":"2022-09-16T11:15:42+00:00","twitter_card":"summary_large_image","twitter_misc":{"Est. reading time":"1 minute"},"schema":{"@context":"https:\/\/schema.org","@graph":[{"@type":"WebPage","@id":"https:\/\/kektrading.ee\/en\/printed-stretch-films\/","url":"https:\/\/kektrading.ee\/en\/printed-stretch-films\/","name":"Printed stretch films | KEK Trading","isPartOf":{"@id":"https:\/\/kektrading.ee\/en\/#website"},"datePublished":"2018-05-02T11:27:28+00:00","dateModified":"2022-09-16T11:15:42+00:00","description":"Kui teie ettev\u00f5tte poolt kasutatavate kattekilede kogus ulatub k\u00fcmnetesse tonnidesse, siis on kindlasti hea m\u00f5te l\u00e4hemalt uurida tr\u00fckitud kilede k\u00f6\u00f6gipoolt.","breadcrumb":{"@id":"https:\/\/kektrading.ee\/en\/printed-stretch-films\/#breadcrumb"},"inLanguage":"en-US","potentialAction":[{"@type":"ReadAction","target":["https:\/\/kektrading.ee\/en\/printed-stretch-films\/"]}]},{"@type":"BreadcrumbList","@id":"https:\/\/kektrading.ee\/en\/printed-stretch-films\/#breadcrumb","itemListElement":[{"@type":"ListItem","position":1,"name":"Home","item":"https:\/\/kektrading.ee\/en\/"},{"@type":"ListItem","position":2,"name":"Printed stretch films"}]},{"@type":"WebSite","@id":"https:\/\/kektrading.ee\/en\/#website","url":"https:\/\/kektrading.ee\/en\/","name":"KEK Trading","description":"creative packaging","publisher":{"@id":"https:\/\/kektrading.ee\/en\/#organization"},"potentialAction":[{"@type":"SearchAction","target":{"@type":"EntryPoint","urlTemplate":"https:\/\/kektrading.ee\/en\/?s={search_term_string}"},"query-input":{"@type":"PropertyValueSpecification","valueRequired":true,"valueName":"search_term_string"}}],"inLanguage":"en-US"},{"@type":"Organization","@id":"https:\/\/kektrading.ee\/en\/#organization","name":"KEK Trading","url":"https:\/\/kektrading.ee\/en\/","logo":{"@type":"ImageObject","inLanguage":"en-US","@id":"https:\/\/kektrading.ee\/en\/#\/schema\/logo\/image\/","url":"https:\/\/kektrading.ee\/wp-content\/uploads\/2018\/04\/Kek_moto_suur-1.png","contentUrl":"https:\/\/kektrading.ee\/wp-content\/uploads\/2018\/04\/Kek_moto_suur-1.png","width":252,"height":60,"caption":"KEK Trading"},"image":{"@id":"https:\/\/kektrading.ee\/en\/#\/schema\/logo\/image\/"}}]}},"_links":{"self":[{"href":"https:\/\/kektrading.ee\/en\/wp-json\/wp\/v2\/pages\/1300","targetHints":{"allow":["GET"]}}],"collection":[{"href":"https:\/\/kektrading.ee\/en\/wp-json\/wp\/v2\/pages"}],"about":[{"href":"https:\/\/kektrading.ee\/en\/wp-json\/wp\/v2\/types\/page"}],"author":[{"embeddable":true,"href":"https:\/\/kektrading.ee\/en\/wp-json\/wp\/v2\/users\/1"}],"replies":[{"embeddable":true,"href":"https:\/\/kektrading.ee\/en\/wp-json\/wp\/v2\/comments?post=1300"}],"version-history":[{"count":3,"href":"https:\/\/kektrading.ee\/en\/wp-json\/wp\/v2\/pages\/1300\/revisions"}],"predecessor-version":[{"id":1865,"href":"https:\/\/kektrading.ee\/en\/wp-json\/wp\/v2\/pages\/1300\/revisions\/1865"}],"wp:attachment":[{"href":"https:\/\/kektrading.ee\/en\/wp-json\/wp\/v2\/media?parent=1300"}],"curies":[{"name":"wp","href":"https:\/\/api.w.org\/{rel}","templated":true}]}}