{"id":1283,"date":"2018-05-02T14:15:58","date_gmt":"2018-05-02T11:15:58","guid":{"rendered":"http:\/\/kektrading.ee\/kasikiled\/"},"modified":"2022-09-16T14:23:32","modified_gmt":"2022-09-16T11:23:32","slug":"hand-stretch-films","status":"publish","type":"page","link":"https:\/\/kektrading.ee\/en\/hand-stretch-films\/","title":{"rendered":"Hand stretch films"},"content":{"rendered":"<p><strong>Hand stretch films are suitable for packaging items of all sizes<\/strong><\/p>\n<p>The hand stretch films are especially suitable for packaging smaller items and for packaging products on a pallet. With the help of the hand stretch films, it is possible to pack items of very different shapes in order to protect them from getting dirty, wearing off and the effect of weather conditions during transportation.<\/p>\n<p>There are different sizes of dispensers available to facilitate the usage of the hand stretch films. Thanks to a simple construction and high quality material these holders can be used for a long time.<\/p>\n<p>&nbsp;<\/p>\n<p><strong>A table of hand stretch films\u2019 assortment<\/strong><\/p>\n<table>\n<tbody>\n<tr>\n<td width=\"88\"><strong>Product<\/strong><\/td>\n<td width=\"88\"><strong>Thickness<\/strong><\/td>\n<td width=\"88\"><strong>Width<\/strong><\/td>\n<td width=\"88\"><strong>Rll\/pck<\/strong><\/td>\n<td width=\"88\"><strong>Rll\/pll<\/strong><\/td>\n<\/tr>\n<tr>\n<td width=\"88\">Hand stretch film<\/td>\n<td width=\"88\">0,07<\/td>\n<td width=\"88\">430<\/td>\n<td width=\"88\">6<\/td>\n<td width=\"88\">288<\/td>\n<\/tr>\n<tr>\n<td width=\"88\">Hand stretch film<\/td>\n<td width=\"88\">0,12<\/td>\n<td width=\"88\">430<\/td>\n<td width=\"88\">6<\/td>\n<td width=\"88\">288<\/td>\n<\/tr>\n<tr>\n<td width=\"88\">Hand stretch film<\/td>\n<td width=\"88\">0,15<\/td>\n<td width=\"88\">430<\/td>\n<td width=\"88\">6<\/td>\n<td width=\"88\">288<\/td>\n<\/tr>\n<tr>\n<td width=\"88\">Hand stretch film<\/td>\n<td width=\"88\">0,17<\/td>\n<td width=\"88\">450<\/td>\n<td width=\"88\">6<\/td>\n<td width=\"88\">288<\/td>\n<\/tr>\n<tr>\n<td width=\"88\">Hand stretch film<\/td>\n<td width=\"88\">0,20<\/td>\n<td width=\"88\">450<\/td>\n<td width=\"88\">6<\/td>\n<td width=\"88\">288<\/td>\n<\/tr>\n<tr>\n<td width=\"88\">Hand stretch film<\/td>\n<td width=\"88\">0,23<\/td>\n<td width=\"88\">450<\/td>\n<td width=\"88\">6<\/td>\n<td width=\"88\">288<\/td>\n<\/tr>\n<tr>\n<td width=\"88\">Hand stretch film<\/td>\n<td width=\"88\">0,30<\/td>\n<td width=\"88\">450<\/td>\n<td width=\"88\">6<\/td>\n<td width=\"88\">264<\/td>\n<\/tr>\n<\/tbody>\n<\/table>\n<p>Moreover, depending on the special requests from our customers, we offer a range of different-sized hand stretch films.<\/p>\n<p>Price inquiry form<br \/>\n\n<div class=\"wpcf7 no-js\" id=\"wpcf7-f1288-o1\" lang=\"et\" dir=\"ltr\" data-wpcf7-id=\"1288\">\n<div class=\"screen-reader-response\"><p role=\"status\" aria-live=\"polite\" aria-atomic=\"true\"><\/p> <ul><\/ul><\/div>\n<form action=\"\/en\/wp-json\/wp\/v2\/pages\/1283#wpcf7-f1288-o1\" method=\"post\" class=\"wpcf7-form init\" aria-label=\"Contact form\" novalidate=\"novalidate\" data-status=\"init\">\n<fieldset class=\"hidden-fields-container\"><input type=\"hidden\" name=\"_wpcf7\" value=\"1288\" \/><input type=\"hidden\" name=\"_wpcf7_version\" value=\"6.1.1\" \/><input type=\"hidden\" name=\"_wpcf7_locale\" value=\"et\" \/><input type=\"hidden\" name=\"_wpcf7_unit_tag\" value=\"wpcf7-f1288-o1\" \/><input type=\"hidden\" name=\"_wpcf7_container_post\" value=\"0\" \/><input type=\"hidden\" name=\"_wpcf7_posted_data_hash\" value=\"\" \/><input type=\"hidden\" name=\"_wpcf7_recaptcha_response\" value=\"\" \/>\n<\/fieldset>\n<p><label> Name (required)<br \/>\n<span class=\"wpcf7-form-control-wrap\" data-name=\"your-name\"><input size=\"40\" maxlength=\"400\" class=\"wpcf7-form-control wpcf7-text wpcf7-validates-as-required\" aria-required=\"true\" aria-invalid=\"false\" value=\"\" type=\"text\" name=\"your-name\" \/><\/span> <\/label>\n<\/p>\n<p><label> Company (required)<br \/>\n<span class=\"wpcf7-form-control-wrap\" data-name=\"your-business\"><input size=\"40\" maxlength=\"400\" class=\"wpcf7-form-control wpcf7-text wpcf7-validates-as-required\" aria-required=\"true\" aria-invalid=\"false\" value=\"\" type=\"text\" name=\"your-business\" \/><\/span> <\/label>\n<\/p>\n<p><label> Phone<br \/>\n<span class=\"wpcf7-form-control-wrap\" data-name=\"your-phone\"><input size=\"40\" maxlength=\"400\" class=\"wpcf7-form-control wpcf7-text\" aria-invalid=\"false\" value=\"\" type=\"text\" name=\"your-phone\" \/><\/span> <\/label>\n<\/p>\n<p><label> Email (required)<br \/>\n<span class=\"wpcf7-form-control-wrap\" data-name=\"your-email\"><input size=\"40\" maxlength=\"400\" class=\"wpcf7-form-control wpcf7-email wpcf7-validates-as-required wpcf7-text wpcf7-validates-as-email\" aria-required=\"true\" aria-invalid=\"false\" value=\"\" type=\"email\" name=\"your-email\" \/><\/span> <\/label>\n<\/p>\n<p><label> Price inquiry<br \/>\n<span class=\"wpcf7-form-control-wrap\" data-name=\"your-message\"><textarea cols=\"40\" rows=\"10\" maxlength=\"2000\" class=\"wpcf7-form-control wpcf7-textarea\" aria-invalid=\"false\" name=\"your-message\"><\/textarea><\/span> <\/label>\n<\/p>\n<p><input class=\"wpcf7-form-control wpcf7-submit has-spinner\" type=\"submit\" value=\"Submit\" \/>\n<\/p><div class=\"wpcf7-response-output\" aria-hidden=\"true\"><\/div>\n<\/form>\n<\/div>\n<p>&nbsp;<\/p>\n<p>Additional information can be received from our Regional Sales Representative:<\/p>\n<p><strong>Aivo Viljamaa<\/strong>, store\u2019s Project Manager <a href=\"mailto:aivo@kektrading.ee\">aivo@kektrading.ee<\/a> +372 501 7204<\/p>\n<p>&nbsp;<\/p>\n","protected":false},"excerpt":{"rendered":"<p>Hand stretch films are suitable for packaging items of all sizes The hand stretch films are especially suitable for packaging smaller items and for packaging products on a pallet. With the help of the hand stretch films, it is possible to pack items of very different shapes in order to protect them from getting dirty, wearing off and the effect&hellip;<\/p>\n","protected":false},"author":1,"featured_media":0,"parent":0,"menu_order":0,"comment_status":"closed","ping_status":"closed","template":"","meta":{"footnotes":""},"class_list":["post-1283","page","type-page","status-publish","hentry"],"yoast_head":"<!-- This site is optimized with the Yoast SEO plugin v25.9 - https:\/\/yoast.com\/wordpress\/plugins\/seo\/ -->\n<title>Hand stretch films ja stretch for packaging | KEK Trading<\/title>\n<meta name=\"description\" content=\"K\u00e4sikiled sobivad igas m\u00f5\u00f5dus toodete pakendamiseks. Stretch-k\u00e4sikiled sobivad suurep\u00e4raselt v\u00e4iksemate toodete ning samuti kaubaalusele...\" \/>\n<meta name=\"robots\" content=\"index, follow, max-snippet:-1, max-image-preview:large, max-video-preview:-1\" \/>\n<link rel=\"canonical\" href=\"https:\/\/kektrading.ee\/en\/hand-stretch-films\/\" \/>\n<meta property=\"og:locale\" content=\"en_US\" \/>\n<meta property=\"og:type\" content=\"article\" \/>\n<meta property=\"og:title\" content=\"Hand stretch films ja stretch for packaging | KEK Trading\" \/>\n<meta property=\"og:description\" content=\"K\u00e4sikiled sobivad igas m\u00f5\u00f5dus toodete pakendamiseks. Stretch-k\u00e4sikiled sobivad suurep\u00e4raselt v\u00e4iksemate toodete ning samuti kaubaalusele...\" \/>\n<meta property=\"og:url\" content=\"https:\/\/kektrading.ee\/en\/hand-stretch-films\/\" \/>\n<meta property=\"og:site_name\" content=\"KEK Trading\" \/>\n<meta property=\"article:modified_time\" content=\"2022-09-16T11:23:32+00:00\" \/>\n<meta name=\"twitter:card\" content=\"summary_large_image\" \/>\n<meta name=\"twitter:label1\" content=\"Est. reading time\" \/>\n\t<meta name=\"twitter:data1\" content=\"1 minute\" \/>\n<script type=\"application\/ld+json\" class=\"yoast-schema-graph\">{\"@context\":\"https:\/\/schema.org\",\"@graph\":[{\"@type\":\"WebPage\",\"@id\":\"https:\/\/kektrading.ee\/en\/hand-stretch-films\/\",\"url\":\"https:\/\/kektrading.ee\/en\/hand-stretch-films\/\",\"name\":\"Hand stretch films ja stretch for packaging | KEK Trading\",\"isPartOf\":{\"@id\":\"https:\/\/kektrading.ee\/en\/#website\"},\"datePublished\":\"2018-05-02T11:15:58+00:00\",\"dateModified\":\"2022-09-16T11:23:32+00:00\",\"description\":\"K\u00e4sikiled sobivad igas m\u00f5\u00f5dus toodete pakendamiseks. Stretch-k\u00e4sikiled sobivad suurep\u00e4raselt v\u00e4iksemate toodete ning samuti kaubaalusele...\",\"breadcrumb\":{\"@id\":\"https:\/\/kektrading.ee\/en\/hand-stretch-films\/#breadcrumb\"},\"inLanguage\":\"en-US\",\"potentialAction\":[{\"@type\":\"ReadAction\",\"target\":[\"https:\/\/kektrading.ee\/en\/hand-stretch-films\/\"]}]},{\"@type\":\"BreadcrumbList\",\"@id\":\"https:\/\/kektrading.ee\/en\/hand-stretch-films\/#breadcrumb\",\"itemListElement\":[{\"@type\":\"ListItem\",\"position\":1,\"name\":\"Home\",\"item\":\"https:\/\/kektrading.ee\/en\/\"},{\"@type\":\"ListItem\",\"position\":2,\"name\":\"Hand stretch films\"}]},{\"@type\":\"WebSite\",\"@id\":\"https:\/\/kektrading.ee\/en\/#website\",\"url\":\"https:\/\/kektrading.ee\/en\/\",\"name\":\"KEK Trading\",\"description\":\"creative packaging\",\"publisher\":{\"@id\":\"https:\/\/kektrading.ee\/en\/#organization\"},\"potentialAction\":[{\"@type\":\"SearchAction\",\"target\":{\"@type\":\"EntryPoint\",\"urlTemplate\":\"https:\/\/kektrading.ee\/en\/?s={search_term_string}\"},\"query-input\":{\"@type\":\"PropertyValueSpecification\",\"valueRequired\":true,\"valueName\":\"search_term_string\"}}],\"inLanguage\":\"en-US\"},{\"@type\":\"Organization\",\"@id\":\"https:\/\/kektrading.ee\/en\/#organization\",\"name\":\"KEK Trading\",\"url\":\"https:\/\/kektrading.ee\/en\/\",\"logo\":{\"@type\":\"ImageObject\",\"inLanguage\":\"en-US\",\"@id\":\"https:\/\/kektrading.ee\/en\/#\/schema\/logo\/image\/\",\"url\":\"https:\/\/kektrading.ee\/wp-content\/uploads\/2018\/04\/Kek_moto_suur-1.png\",\"contentUrl\":\"https:\/\/kektrading.ee\/wp-content\/uploads\/2018\/04\/Kek_moto_suur-1.png\",\"width\":252,\"height\":60,\"caption\":\"KEK Trading\"},\"image\":{\"@id\":\"https:\/\/kektrading.ee\/en\/#\/schema\/logo\/image\/\"}}]}<\/script>\n<!-- \/ Yoast SEO plugin. -->","yoast_head_json":{"title":"Hand stretch films ja stretch for packaging | KEK Trading","description":"K\u00e4sikiled sobivad igas m\u00f5\u00f5dus toodete pakendamiseks. Stretch-k\u00e4sikiled sobivad suurep\u00e4raselt v\u00e4iksemate toodete ning samuti kaubaalusele...","robots":{"index":"index","follow":"follow","max-snippet":"max-snippet:-1","max-image-preview":"max-image-preview:large","max-video-preview":"max-video-preview:-1"},"canonical":"https:\/\/kektrading.ee\/en\/hand-stretch-films\/","og_locale":"en_US","og_type":"article","og_title":"Hand stretch films ja stretch for packaging | KEK Trading","og_description":"K\u00e4sikiled sobivad igas m\u00f5\u00f5dus toodete pakendamiseks. Stretch-k\u00e4sikiled sobivad suurep\u00e4raselt v\u00e4iksemate toodete ning samuti kaubaalusele...","og_url":"https:\/\/kektrading.ee\/en\/hand-stretch-films\/","og_site_name":"KEK Trading","article_modified_time":"2022-09-16T11:23:32+00:00","twitter_card":"summary_large_image","twitter_misc":{"Est. reading time":"1 minute"},"schema":{"@context":"https:\/\/schema.org","@graph":[{"@type":"WebPage","@id":"https:\/\/kektrading.ee\/en\/hand-stretch-films\/","url":"https:\/\/kektrading.ee\/en\/hand-stretch-films\/","name":"Hand stretch films ja stretch for packaging | KEK Trading","isPartOf":{"@id":"https:\/\/kektrading.ee\/en\/#website"},"datePublished":"2018-05-02T11:15:58+00:00","dateModified":"2022-09-16T11:23:32+00:00","description":"K\u00e4sikiled sobivad igas m\u00f5\u00f5dus toodete pakendamiseks. Stretch-k\u00e4sikiled sobivad suurep\u00e4raselt v\u00e4iksemate toodete ning samuti kaubaalusele...","breadcrumb":{"@id":"https:\/\/kektrading.ee\/en\/hand-stretch-films\/#breadcrumb"},"inLanguage":"en-US","potentialAction":[{"@type":"ReadAction","target":["https:\/\/kektrading.ee\/en\/hand-stretch-films\/"]}]},{"@type":"BreadcrumbList","@id":"https:\/\/kektrading.ee\/en\/hand-stretch-films\/#breadcrumb","itemListElement":[{"@type":"ListItem","position":1,"name":"Home","item":"https:\/\/kektrading.ee\/en\/"},{"@type":"ListItem","position":2,"name":"Hand stretch films"}]},{"@type":"WebSite","@id":"https:\/\/kektrading.ee\/en\/#website","url":"https:\/\/kektrading.ee\/en\/","name":"KEK Trading","description":"creative packaging","publisher":{"@id":"https:\/\/kektrading.ee\/en\/#organization"},"potentialAction":[{"@type":"SearchAction","target":{"@type":"EntryPoint","urlTemplate":"https:\/\/kektrading.ee\/en\/?s={search_term_string}"},"query-input":{"@type":"PropertyValueSpecification","valueRequired":true,"valueName":"search_term_string"}}],"inLanguage":"en-US"},{"@type":"Organization","@id":"https:\/\/kektrading.ee\/en\/#organization","name":"KEK Trading","url":"https:\/\/kektrading.ee\/en\/","logo":{"@type":"ImageObject","inLanguage":"en-US","@id":"https:\/\/kektrading.ee\/en\/#\/schema\/logo\/image\/","url":"https:\/\/kektrading.ee\/wp-content\/uploads\/2018\/04\/Kek_moto_suur-1.png","contentUrl":"https:\/\/kektrading.ee\/wp-content\/uploads\/2018\/04\/Kek_moto_suur-1.png","width":252,"height":60,"caption":"KEK Trading"},"image":{"@id":"https:\/\/kektrading.ee\/en\/#\/schema\/logo\/image\/"}}]}},"_links":{"self":[{"href":"https:\/\/kektrading.ee\/en\/wp-json\/wp\/v2\/pages\/1283","targetHints":{"allow":["GET"]}}],"collection":[{"href":"https:\/\/kektrading.ee\/en\/wp-json\/wp\/v2\/pages"}],"about":[{"href":"https:\/\/kektrading.ee\/en\/wp-json\/wp\/v2\/types\/page"}],"author":[{"embeddable":true,"href":"https:\/\/kektrading.ee\/en\/wp-json\/wp\/v2\/users\/1"}],"replies":[{"embeddable":true,"href":"https:\/\/kektrading.ee\/en\/wp-json\/wp\/v2\/comments?post=1283"}],"version-history":[{"count":8,"href":"https:\/\/kektrading.ee\/en\/wp-json\/wp\/v2\/pages\/1283\/revisions"}],"predecessor-version":[{"id":1884,"href":"https:\/\/kektrading.ee\/en\/wp-json\/wp\/v2\/pages\/1283\/revisions\/1884"}],"wp:attachment":[{"href":"https:\/\/kektrading.ee\/en\/wp-json\/wp\/v2\/media?parent=1283"}],"curies":[{"name":"wp","href":"https:\/\/api.w.org\/{rel}","templated":true}]}}