{"id":1276,"date":"2016-12-06T11:22:41","date_gmt":"2016-12-06T11:22:41","guid":{"rendered":"http:\/\/kektrading.ee\/tooted\/"},"modified":"2022-09-16T14:16:15","modified_gmt":"2022-09-16T11:16:15","slug":"products","status":"publish","type":"page","link":"https:\/\/kektrading.ee\/en\/products\/","title":{"rendered":"Products"},"content":{"rendered":"<div class=\"wpb-content-wrapper\"><p>[vc_row][vc_column][vc_empty_space alter_height=&#8221;medium&#8221; hide_on_mobile=&#8221;&#8221;][\/vc_column][\/vc_row][vc_row][vc_column width=&#8221;1\/2&#8243;][vc_column_text]<strong>Kellele meie pakkematerjalid ja \u2013seadmed on m\u00f5eldud?<\/strong><\/p>\n<p>Oleme ligi 20 tegevusaasta jooksul oma klientide toodangu pakendamisele l\u00e4henenud v\u00f5imalikult paindlikult ning pingutanud selle nimel, et pakkuda parima hinna-kvaliteedi suhtega pakendamislahendusi. T\u00f6\u00f6 k\u00e4igus oleme kasvanud koos klientidega, saanud hindamatuid kogemusi ning loonud usalduslikud koost\u00f6\u00f6suhted ligi saja pakkematerjalide ja \u2013seadmete tootja ning tarnijaga \u00fcle terve maailma.<\/p>\n<p>Meie klientideks on \u00fcle 1000 ettev\u00f5tte v\u00e4ga erinevatelt tegevusaladelt:<\/p>\n<ul>\n<li>metallkonstruktsioonide ja \u2013detailide tootjad<\/li>\n<li>saematerjali tootjad<\/li>\n<li>ehitusmaterjalide tootjad<\/li>\n<\/ul>\n<p>[\/vc_column_text][\/vc_column][vc_column width=&#8221;1\/2&#8243;][vc_column_text]<\/p>\n<ul>\n<li>toiduainete tootjad<\/li>\n<li>joogit\u00f6\u00f6stused<\/li>\n<li>turbat\u00f6\u00f6stused<\/li>\n<li>m\u00f6\u00f6bli tootjad<\/li>\n<li>tekstiili tootjad<\/li>\n<li>erinevad jaekaubandusettev\u00f5tted jne<\/li>\n<\/ul>\n<p>Lisaks oleme ettev\u00f5tte Baltikumi-\u00fclese m\u00fc\u00fcgiv\u00f5rgustiku kaudu pakkunud v\u00f5imalust oma pakendamisemured lahendada ka v\u00e4ikeettev\u00f5tetel.<\/p>\n<p>Loodame, et leiate meie tooteportfellist sobivad pakkematerjalid ning annate meile v\u00f5imaluse omapoolse pakkumise esitamiseks.[\/vc_column_text][\/vc_column][\/vc_row][vc_row][vc_column][vc_empty_space alter_height=&#8221;medium&#8221; hide_on_mobile=&#8221;&#8221;][\/vc_column][\/vc_row][vc_row full_width=&#8221;stretch_row_content_no_spaces&#8221;][vc_column]<div class=\"sc_services sc_services_hover\" data-slides-per-view=\"4\" data-slides-min-width=\"200\"\t\t>\n\t\t<div class=\"sc_services_columns sc_item_columns sc_item_columns_4 trx_addons_columns_wrap\"><div class=\"trx_addons_column-1_4 \"><div class=\"sc_services_item with_content with_image\">\t\n\t\t<div class=\"sc_services_item_content\" style=\"background-image: url(https:\/\/kektrading.ee\/wp-content\/uploads\/2016\/12\/PP-PET-lindid-740x416.jpg);\">\n\t\t\t<div class=\"sc_services_item_content_inner\">\n\t\t\t\t<h3 class=\"sc_services_item_title\"><a href=\"https:\/\/kektrading.ee\/en\/services\/packaging-tapes\/\">Packaging tapes<\/a><\/h3>\n\t\t\t\t<!--<div class=\"sc_services_item_subtitle\"><a href=\"https:\/\/kektrading.ee\/en\/services_group\/tooted-en\/\" title=\"View all posts in Products\">Products<\/a><\/div>-->\n\t\t\t\t\t\t\t\t<div class=\"sc_services_item_text\"><p>There is a wide assortment of packing tapes available for packing products safely and comfortably.<\/p>\n<\/div>\n\t\t\t\t\t\t\t\t<div class=\"sc_services_item_link sc_item_button\">\n\t\t\t\t\t<a class=\"sc_button_white sc_button_hover_slide_left\" href=\"https:\/\/kektrading.ee\/en\/services\/packaging-tapes\/\">More info<\/a>\n\t\t\t\t<\/div>\n\t\t\t<\/div>\t\t\t\n\t\t<\/div>\n\t\n<\/div>\n<\/div><div class=\"trx_addons_column-1_4 \"><div class=\"sc_services_item with_content with_image\">\t\n\t\t<div class=\"sc_services_item_content\" style=\"background-image: url(https:\/\/kektrading.ee\/wp-content\/uploads\/2016\/12\/Ehituskile-must-valge-740x416.jpg);\">\n\t\t\t<div class=\"sc_services_item_content_inner\">\n\t\t\t\t<h3 class=\"sc_services_item_title\"><a href=\"https:\/\/kektrading.ee\/en\/services\/pallet-cover-stretch-films\/\">Pallet cover stretch films<\/a><\/h3>\n\t\t\t\t<!--<div class=\"sc_services_item_subtitle\"><a href=\"https:\/\/kektrading.ee\/en\/services_group\/tooted-en\/\" title=\"View all posts in Products\">Products<\/a><\/div>-->\n\t\t\t\t\t\t\t\t<div class=\"sc_services_item_text\"><p>Pallet cover stretch films are widely used for covering up large-scale product batches<\/p>\n<\/div>\n\t\t\t\t\t\t\t\t<div class=\"sc_services_item_link sc_item_button\">\n\t\t\t\t\t<a class=\"sc_button_white sc_button_hover_slide_left\" href=\"https:\/\/kektrading.ee\/en\/services\/pallet-cover-stretch-films\/\">More info<\/a>\n\t\t\t\t<\/div>\n\t\t\t<\/div>\t\t\t\n\t\t<\/div>\n\t\n<\/div>\n<\/div><div class=\"trx_addons_column-1_4 \"><div class=\"sc_services_item with_content with_image\">\t\n\t\t<div class=\"sc_services_item_content\" style=\"background-image: url(https:\/\/kektrading.ee\/wp-content\/uploads\/2018\/04\/Varvilised_kiled_banner-1-1-740x416.jpg);\">\n\t\t\t<div class=\"sc_services_item_content_inner\">\n\t\t\t\t<h3 class=\"sc_services_item_title\"><a href=\"https:\/\/kektrading.ee\/en\/services\/stretch-wrap-films\/\">Stretch wrap films<\/a><\/h3>\n\t\t\t\t<!--<div class=\"sc_services_item_subtitle\"><a href=\"https:\/\/kektrading.ee\/en\/services_group\/tooted-en\/\" title=\"View all posts in Products\">Products<\/a><\/div>-->\n\t\t\t\t\t\t\t\t<div class=\"sc_services_item_text\"><p>The greatest advantages of the elastic stretch wrap films are their ease of use and practicality<\/p>\n<\/div>\n\t\t\t\t\t\t\t\t<div class=\"sc_services_item_link sc_item_button\">\n\t\t\t\t\t<a class=\"sc_button_white sc_button_hover_slide_left\" href=\"https:\/\/kektrading.ee\/en\/services\/stretch-wrap-films\/\">More info<\/a>\n\t\t\t\t<\/div>\n\t\t\t<\/div>\t\t\t\n\t\t<\/div>\n\t\n<\/div>\n<\/div><div class=\"trx_addons_column-1_4 \"><div class=\"sc_services_item with_content with_image\">\t\n\t\t<div class=\"sc_services_item_content\" style=\"background-image: url(https:\/\/kektrading.ee\/wp-content\/uploads\/2018\/05\/Maalriteibid-740x416.jpg);\">\n\t\t\t<div class=\"sc_services_item_content_inner\">\n\t\t\t\t<h3 class=\"sc_services_item_title\"><a href=\"https:\/\/kektrading.ee\/en\/services\/tapes\/\">Tapes<\/a><\/h3>\n\t\t\t\t<!--<div class=\"sc_services_item_subtitle\"><a href=\"https:\/\/kektrading.ee\/en\/services_group\/tooted-en\/\" title=\"View all posts in Products\">Products<\/a><\/div>-->\n\t\t\t\t\t\t\t\t<div class=\"sc_services_item_text\"><p>Tapes have an important role both in the production process as well as in packing up ready-made products.<\/p>\n<\/div>\n\t\t\t\t\t\t\t\t<div class=\"sc_services_item_link sc_item_button\">\n\t\t\t\t\t<a class=\"sc_button_white sc_button_hover_slide_left\" href=\"https:\/\/kektrading.ee\/en\/services\/tapes\/\">More info<\/a>\n\t\t\t\t<\/div>\n\t\t\t<\/div>\t\t\t\n\t\t<\/div>\n\t\n<\/div>\n<\/div><div class=\"trx_addons_column-1_4 \"><div class=\"sc_services_item with_content with_image\">\t\n\t\t<div class=\"sc_services_item_content\" style=\"background-image: url(https:\/\/kektrading.ee\/wp-content\/uploads\/2018\/05\/prugikotid-740x416.jpg);\">\n\t\t\t<div class=\"sc_services_item_content_inner\">\n\t\t\t\t<h3 class=\"sc_services_item_title\"><a href=\"https:\/\/kektrading.ee\/en\/services\/bags\/\">Bags<\/a><\/h3>\n\t\t\t\t<!--<div class=\"sc_services_item_subtitle\"><a href=\"https:\/\/kektrading.ee\/en\/services_group\/tooted-en\/\" title=\"View all posts in Products\">Products<\/a><\/div>-->\n\t\t\t\t\t\t\t\t<div class=\"sc_services_item_text\"><p>Bags can be used for packing items of very different sizes, shapes and weights<\/p>\n<\/div>\n\t\t\t\t\t\t\t\t<div class=\"sc_services_item_link sc_item_button\">\n\t\t\t\t\t<a class=\"sc_button_white sc_button_hover_slide_left\" href=\"https:\/\/kektrading.ee\/en\/services\/bags\/\">More info<\/a>\n\t\t\t\t<\/div>\n\t\t\t<\/div>\t\t\t\n\t\t<\/div>\n\t\n<\/div>\n<\/div><div class=\"trx_addons_column-1_4 \"><div class=\"sc_services_item with_content with_image\">\t\n\t\t<div class=\"sc_services_item_content\" style=\"background-image: url(https:\/\/kektrading.ee\/wp-content\/uploads\/2018\/05\/Lindikaru.jpg);\">\n\t\t\t<div class=\"sc_services_item_content_inner\">\n\t\t\t\t<h3 class=\"sc_services_item_title\"><a href=\"https:\/\/kektrading.ee\/en\/services\/packaging-accessories\/\">Packaging accessories<\/a><\/h3>\n\t\t\t\t<!--<div class=\"sc_services_item_subtitle\"><a href=\"https:\/\/kektrading.ee\/en\/services_group\/tooted-en\/\" title=\"View all posts in Products\">Products<\/a><\/div>-->\n\t\t\t\t\t\t\t\t<div class=\"sc_services_item_text\"><p>In order to make using packaging materials easy, a wide range of packing equipment has been developed<\/p>\n<\/div>\n\t\t\t\t\t\t\t\t<div class=\"sc_services_item_link sc_item_button\">\n\t\t\t\t\t<a class=\"sc_button_white sc_button_hover_slide_left\" href=\"https:\/\/kektrading.ee\/en\/services\/packaging-accessories\/\">More info<\/a>\n\t\t\t\t<\/div>\n\t\t\t<\/div>\t\t\t\n\t\t<\/div>\n\t\n<\/div>\n<\/div><div class=\"trx_addons_column-1_4 \"><div class=\"sc_services_item with_content with_image\">\t\n\t\t<div class=\"sc_services_item_content\" style=\"background-image: url(https:\/\/kektrading.ee\/wp-content\/uploads\/2018\/05\/PET-lindi-siduja-740x416.jpg);\">\n\t\t\t<div class=\"sc_services_item_content_inner\">\n\t\t\t\t<h3 class=\"sc_services_item_title\"><a href=\"https:\/\/kektrading.ee\/en\/services\/equipment\/\">Equipment<\/a><\/h3>\n\t\t\t\t<!--<div class=\"sc_services_item_subtitle\"><a href=\"https:\/\/kektrading.ee\/en\/services_group\/tooted-en\/\" title=\"View all posts in Products\">Products<\/a><\/div>-->\n\t\t\t\t\t\t\t\t<div class=\"sc_services_item_text\"><p>The packaging materials are not enough if there is no equipment to use them effectively.<\/p>\n<\/div>\n\t\t\t\t\t\t\t\t<div class=\"sc_services_item_link sc_item_button\">\n\t\t\t\t\t<a class=\"sc_button_white sc_button_hover_slide_left\" href=\"https:\/\/kektrading.ee\/en\/services\/equipment\/\">More info<\/a>\n\t\t\t\t<\/div>\n\t\t\t<\/div>\t\t\t\n\t\t<\/div>\n\t\n<\/div>\n<\/div><\/div><\/div><!-- \/.sc_services -->[\/vc_column][\/vc_row]<\/p>\n<\/div>","protected":false},"excerpt":{"rendered":"<p>[vc_row][vc_column][vc_empty_space alter_height=&#8221;medium&#8221; hide_on_mobile=&#8221;&#8221;][\/vc_column][\/vc_row][vc_row][vc_column width=&#8221;1\/2&#8243;][vc_column_text]Kellele meie pakkematerjalid ja \u2013seadmed on m\u00f5eldud? Oleme ligi 20 tegevusaasta jooksul oma klientide toodangu pakendamisele l\u00e4henenud v\u00f5imalikult paindlikult ning pingutanud selle nimel, et pakkuda parima hinna-kvaliteedi suhtega pakendamislahendusi. T\u00f6\u00f6 k\u00e4igus oleme kasvanud koos klientidega, saanud hindamatuid kogemusi ning loonud usalduslikud koost\u00f6\u00f6suhted ligi saja pakkematerjalide ja \u2013seadmete tootja ning tarnijaga \u00fcle terve maailma. Meie klientideks on \u00fcle&hellip;<\/p>\n","protected":false},"author":1,"featured_media":0,"parent":0,"menu_order":0,"comment_status":"closed","ping_status":"closed","template":"","meta":{"footnotes":""},"class_list":["post-1276","page","type-page","status-publish","hentry"],"yoast_head":"<!-- This site is optimized with the Yoast SEO plugin v25.9 - https:\/\/yoast.com\/wordpress\/plugins\/seo\/ -->\n<title>Products | KEK Trading<\/title>\n<meta name=\"robots\" content=\"index, follow, max-snippet:-1, max-image-preview:large, max-video-preview:-1\" \/>\n<link rel=\"canonical\" href=\"https:\/\/kektrading.ee\/en\/products\/\" \/>\n<meta property=\"og:locale\" content=\"en_US\" \/>\n<meta property=\"og:type\" content=\"article\" \/>\n<meta property=\"og:title\" content=\"Products | KEK Trading\" \/>\n<meta property=\"og:description\" content=\"[vc_row][vc_column][vc_empty_space alter_height=&#8221;medium&#8221; hide_on_mobile=&#8221;&#8221;][\/vc_column][\/vc_row][vc_row][vc_column width=&#8221;1\/2&#8243;][vc_column_text]Kellele meie pakkematerjalid ja \u2013seadmed on m\u00f5eldud? Oleme ligi 20 tegevusaasta jooksul oma klientide toodangu pakendamisele l\u00e4henenud v\u00f5imalikult paindlikult ning pingutanud selle nimel, et pakkuda parima hinna-kvaliteedi suhtega pakendamislahendusi. T\u00f6\u00f6 k\u00e4igus oleme kasvanud koos klientidega, saanud hindamatuid kogemusi ning loonud usalduslikud koost\u00f6\u00f6suhted ligi saja pakkematerjalide ja \u2013seadmete tootja ning tarnijaga \u00fcle terve maailma. Meie klientideks on \u00fcle&hellip;\" \/>\n<meta property=\"og:url\" content=\"https:\/\/kektrading.ee\/en\/products\/\" \/>\n<meta property=\"og:site_name\" content=\"KEK Trading\" \/>\n<meta property=\"article:modified_time\" content=\"2022-09-16T11:16:15+00:00\" \/>\n<meta name=\"twitter:card\" content=\"summary_large_image\" \/>\n<meta name=\"twitter:label1\" content=\"Est. reading time\" \/>\n\t<meta name=\"twitter:data1\" content=\"1 minute\" \/>\n<script type=\"application\/ld+json\" class=\"yoast-schema-graph\">{\"@context\":\"https:\/\/schema.org\",\"@graph\":[{\"@type\":\"WebPage\",\"@id\":\"https:\/\/kektrading.ee\/en\/products\/\",\"url\":\"https:\/\/kektrading.ee\/en\/products\/\",\"name\":\"Products | KEK Trading\",\"isPartOf\":{\"@id\":\"https:\/\/kektrading.ee\/en\/#website\"},\"datePublished\":\"2016-12-06T11:22:41+00:00\",\"dateModified\":\"2022-09-16T11:16:15+00:00\",\"breadcrumb\":{\"@id\":\"https:\/\/kektrading.ee\/en\/products\/#breadcrumb\"},\"inLanguage\":\"en-US\",\"potentialAction\":[{\"@type\":\"ReadAction\",\"target\":[\"https:\/\/kektrading.ee\/en\/products\/\"]}]},{\"@type\":\"BreadcrumbList\",\"@id\":\"https:\/\/kektrading.ee\/en\/products\/#breadcrumb\",\"itemListElement\":[{\"@type\":\"ListItem\",\"position\":1,\"name\":\"Home\",\"item\":\"https:\/\/kektrading.ee\/en\/\"},{\"@type\":\"ListItem\",\"position\":2,\"name\":\"Products\"}]},{\"@type\":\"WebSite\",\"@id\":\"https:\/\/kektrading.ee\/en\/#website\",\"url\":\"https:\/\/kektrading.ee\/en\/\",\"name\":\"KEK Trading\",\"description\":\"creative packaging\",\"publisher\":{\"@id\":\"https:\/\/kektrading.ee\/en\/#organization\"},\"potentialAction\":[{\"@type\":\"SearchAction\",\"target\":{\"@type\":\"EntryPoint\",\"urlTemplate\":\"https:\/\/kektrading.ee\/en\/?s={search_term_string}\"},\"query-input\":{\"@type\":\"PropertyValueSpecification\",\"valueRequired\":true,\"valueName\":\"search_term_string\"}}],\"inLanguage\":\"en-US\"},{\"@type\":\"Organization\",\"@id\":\"https:\/\/kektrading.ee\/en\/#organization\",\"name\":\"KEK Trading\",\"url\":\"https:\/\/kektrading.ee\/en\/\",\"logo\":{\"@type\":\"ImageObject\",\"inLanguage\":\"en-US\",\"@id\":\"https:\/\/kektrading.ee\/en\/#\/schema\/logo\/image\/\",\"url\":\"https:\/\/kektrading.ee\/wp-content\/uploads\/2018\/04\/Kek_moto_suur-1.png\",\"contentUrl\":\"https:\/\/kektrading.ee\/wp-content\/uploads\/2018\/04\/Kek_moto_suur-1.png\",\"width\":252,\"height\":60,\"caption\":\"KEK Trading\"},\"image\":{\"@id\":\"https:\/\/kektrading.ee\/en\/#\/schema\/logo\/image\/\"}}]}<\/script>\n<!-- \/ Yoast SEO plugin. -->","yoast_head_json":{"title":"Products | KEK Trading","robots":{"index":"index","follow":"follow","max-snippet":"max-snippet:-1","max-image-preview":"max-image-preview:large","max-video-preview":"max-video-preview:-1"},"canonical":"https:\/\/kektrading.ee\/en\/products\/","og_locale":"en_US","og_type":"article","og_title":"Products | KEK Trading","og_description":"[vc_row][vc_column][vc_empty_space alter_height=&#8221;medium&#8221; hide_on_mobile=&#8221;&#8221;][\/vc_column][\/vc_row][vc_row][vc_column width=&#8221;1\/2&#8243;][vc_column_text]Kellele meie pakkematerjalid ja \u2013seadmed on m\u00f5eldud? Oleme ligi 20 tegevusaasta jooksul oma klientide toodangu pakendamisele l\u00e4henenud v\u00f5imalikult paindlikult ning pingutanud selle nimel, et pakkuda parima hinna-kvaliteedi suhtega pakendamislahendusi. T\u00f6\u00f6 k\u00e4igus oleme kasvanud koos klientidega, saanud hindamatuid kogemusi ning loonud usalduslikud koost\u00f6\u00f6suhted ligi saja pakkematerjalide ja \u2013seadmete tootja ning tarnijaga \u00fcle terve maailma. Meie klientideks on \u00fcle&hellip;","og_url":"https:\/\/kektrading.ee\/en\/products\/","og_site_name":"KEK Trading","article_modified_time":"2022-09-16T11:16:15+00:00","twitter_card":"summary_large_image","twitter_misc":{"Est. reading time":"1 minute"},"schema":{"@context":"https:\/\/schema.org","@graph":[{"@type":"WebPage","@id":"https:\/\/kektrading.ee\/en\/products\/","url":"https:\/\/kektrading.ee\/en\/products\/","name":"Products | KEK Trading","isPartOf":{"@id":"https:\/\/kektrading.ee\/en\/#website"},"datePublished":"2016-12-06T11:22:41+00:00","dateModified":"2022-09-16T11:16:15+00:00","breadcrumb":{"@id":"https:\/\/kektrading.ee\/en\/products\/#breadcrumb"},"inLanguage":"en-US","potentialAction":[{"@type":"ReadAction","target":["https:\/\/kektrading.ee\/en\/products\/"]}]},{"@type":"BreadcrumbList","@id":"https:\/\/kektrading.ee\/en\/products\/#breadcrumb","itemListElement":[{"@type":"ListItem","position":1,"name":"Home","item":"https:\/\/kektrading.ee\/en\/"},{"@type":"ListItem","position":2,"name":"Products"}]},{"@type":"WebSite","@id":"https:\/\/kektrading.ee\/en\/#website","url":"https:\/\/kektrading.ee\/en\/","name":"KEK Trading","description":"creative packaging","publisher":{"@id":"https:\/\/kektrading.ee\/en\/#organization"},"potentialAction":[{"@type":"SearchAction","target":{"@type":"EntryPoint","urlTemplate":"https:\/\/kektrading.ee\/en\/?s={search_term_string}"},"query-input":{"@type":"PropertyValueSpecification","valueRequired":true,"valueName":"search_term_string"}}],"inLanguage":"en-US"},{"@type":"Organization","@id":"https:\/\/kektrading.ee\/en\/#organization","name":"KEK Trading","url":"https:\/\/kektrading.ee\/en\/","logo":{"@type":"ImageObject","inLanguage":"en-US","@id":"https:\/\/kektrading.ee\/en\/#\/schema\/logo\/image\/","url":"https:\/\/kektrading.ee\/wp-content\/uploads\/2018\/04\/Kek_moto_suur-1.png","contentUrl":"https:\/\/kektrading.ee\/wp-content\/uploads\/2018\/04\/Kek_moto_suur-1.png","width":252,"height":60,"caption":"KEK Trading"},"image":{"@id":"https:\/\/kektrading.ee\/en\/#\/schema\/logo\/image\/"}}]}},"_links":{"self":[{"href":"https:\/\/kektrading.ee\/en\/wp-json\/wp\/v2\/pages\/1276","targetHints":{"allow":["GET"]}}],"collection":[{"href":"https:\/\/kektrading.ee\/en\/wp-json\/wp\/v2\/pages"}],"about":[{"href":"https:\/\/kektrading.ee\/en\/wp-json\/wp\/v2\/types\/page"}],"author":[{"embeddable":true,"href":"https:\/\/kektrading.ee\/en\/wp-json\/wp\/v2\/users\/1"}],"replies":[{"embeddable":true,"href":"https:\/\/kektrading.ee\/en\/wp-json\/wp\/v2\/comments?post=1276"}],"version-history":[{"count":6,"href":"https:\/\/kektrading.ee\/en\/wp-json\/wp\/v2\/pages\/1276\/revisions"}],"predecessor-version":[{"id":1866,"href":"https:\/\/kektrading.ee\/en\/wp-json\/wp\/v2\/pages\/1276\/revisions\/1866"}],"wp:attachment":[{"href":"https:\/\/kektrading.ee\/en\/wp-json\/wp\/v2\/media?parent=1276"}],"curies":[{"name":"wp","href":"https:\/\/api.w.org\/{rel}","templated":true}]}}