{"id":1272,"date":"2016-12-07T10:03:35","date_gmt":"2016-12-07T10:03:35","guid":{"rendered":"http:\/\/kektrading.ee\/home-1\/"},"modified":"2018-06-12T16:27:34","modified_gmt":"2018-06-12T13:27:34","slug":"home-1","status":"publish","type":"page","link":"https:\/\/kektrading.ee\/en\/","title":{"rendered":"Home"},"content":{"rendered":"<div class=\"wpb-content-wrapper\"><p>[vc_row full_width=&#8221;stretch_row&#8221; css=&#8221;.vc_custom_1483426483798{background-image: url(http:\/\/copypress.themerex.net\/wp-content\/uploads\/2016\/12\/full_services_copy.png?id=611) !important;}&#8221;][vc_column][vc_empty_space height=&#8221;6.3em&#8221; alter_height=&#8221;none&#8221; hide_on_mobile=&#8221;1&#8243;][vc_row_inner][vc_column_inner offset=&#8221;vc_col-lg-6 vc_col-md-6&#8243;][vc_empty_space height=&#8221;3em&#8221; alter_height=&#8221;none&#8221; hide_on_mobile=&#8221;&#8221;]<div id=\"sc_title_1746033896\"\n\t\tclass=\"sc_title sc_title_default\"><h2 class=\"sc_item_title sc_title_title sc_align_default sc_item_title_style_default\">Welcome!<\/h2><\/div><!-- \/.sc_title -->[vc_empty_space height=&#8221;2em&#8221; alter_height=&#8221;none&#8221; hide_on_mobile=&#8221;&#8221;][vc_column_text]High quality packaging is the business card of a product. The usage of right packaging materials and equipment as well as work methods that are refined to perfection &#8211; these aspects create the preconditions that ensure your product\u2019s safe entry to target markets. In addition, high quality packaging preserves its magnificent appearance even if the product, for one reason or another, has to abide its time in the storage for a longer period of time.[\/vc_column_text][vc_empty_space height=&#8221;2.9em&#8221; alter_height=&#8221;none&#8221; hide_on_mobile=&#8221;&#8221;]<div class=\"sc_item_button sc_button_wrap\"><a href=\"http:\/\/kektrading.ee\/en\/contact\/about-the-company\/\" id=\"sc_button_685956518\" class=\"sc_button sc_button_yellow sc_button_size_normal sc_button_icon_left\"><span class=\"sc_button_text\"><span class=\"sc_button_title\">About us<\/span><\/span><!-- \/.sc_button_text --><\/a><!-- \/.sc_button --><\/div><!-- \/.sc_item_button -->[\/vc_column_inner][vc_column_inner offset=&#8221;vc_col-lg-6 vc_col-md-6&#8243;][vc_empty_space height=&#8221;4em&#8221; alter_height=&#8221;none&#8221; hide_on_mobile=&#8221;&#8221;][vc_single_image image=&#8221;745&#8243; img_size=&#8221;full&#8221; alignment=&#8221;center&#8221;][\/vc_column_inner][\/vc_row_inner][vc_empty_space height=&#8221;9.4em&#8221; alter_height=&#8221;none&#8221; hide_on_mobile=&#8221;1&#8243;][\/vc_column][\/vc_row][vc_row full_width=&#8221;stretch_row&#8221; scheme=&#8221;dark&#8221; css=&#8221;.vc_custom_1527060021184{background-image: url(http:\/\/kektrading.ee\/wp-content\/uploads\/2018\/04\/oiges_kohas_2-1.jpg?id=742) !important;}&#8221; el_class=&#8221;custom_row_1&#8243;][vc_column offset=&#8221;vc_col-lg-6 vc_col-md-6&#8243;][vc_empty_space height=&#8221;0.2em&#8221; alter_height=&#8221;none&#8221; hide_on_mobile=&#8221;&#8221;][\/vc_column][vc_column offset=&#8221;vc_col-lg-6 vc_col-md-6&#8243;][vc_empty_space height=&#8221;9em&#8221; alter_height=&#8221;none&#8221; hide_on_mobile=&#8221;&#8221;]<div id=\"sc_title_2076115079\"\n\t\tclass=\"sc_title sc_title_default\"><h2 class=\"sc_item_title sc_title_title sc_align_default sc_item_title_style_yellow_sub\">You are in the right place when:<\/h2><\/div><!-- \/.sc_title -->[vc_empty_space height=&#8221;2.8em&#8221; alter_height=&#8221;none&#8221; hide_on_mobile=&#8221;&#8221;][vc_row_inner][vc_column_inner][vc_column_text]<\/p>\n<ul>\n<li><strong>you are looking for a perfect solution<\/strong> for packaging the products of your company;<\/li>\n<li><strong>besides the materials themselves<\/strong>, you also wish to find high quality equipment in order to put the materials to effective use;<\/li>\n<li><strong>you value<\/strong> the professional in-service training of your employees in the area of using the packaging equipment and materials;<\/li>\n<li><strong>you are only interested<\/strong> in the `turnkey\u00b4solution, starting with ordering of the packaging materials and equipment, their delivery, setup, instructions to the employees and aftercare of equipment.<\/li>\n<\/ul>\n<p>[\/vc_column_text][\/vc_column_inner][\/vc_row_inner][vc_empty_space height=&#8221;9.5em&#8221; alter_height=&#8221;none&#8221; hide_on_mobile=&#8221;&#8221;][\/vc_column][\/vc_row][vc_row full_width=&#8221;stretch_row_content_no_spaces&#8221; css=&#8221;.vc_custom_1526926072274{margin-bottom: -1.5em !important;}&#8221;][vc_column]<div id=\"sc_googlemap_2123689219_wrap\" class=\"sc_googlemap_wrap\"><div id=\"sc_googlemap_2123689219\"\n\t\t\tclass=\"sc_googlemap sc_googlemap_detailed\"\n\t\t\t style=\"width:100%;height:535px;\"\t\t\tdata-zoom=\"16\"\n\t\t\tdata-style=\"greyscale\"\n\t\t\t><div id=\"sc_googlemap_2123689219_1\" class=\"sc_googlemap_marker\"\n\t\t\t\t\t\tdata-latlng=\"\"\n\t\t\t\t\t\tdata-address=\"Masina 22, Tallinn 10144, Eesti\"\n\t\t\t\t\t\tdata-description=\"\"\n\t\t\t\t\t\tdata-title=\"KEK Trading\"\n\t\t\t\t\t\tdata-icon=\"https:\/\/kektrading.ee\/wp-content\/uploads\/2018\/04\/favicon.png\"\n\t\t\t\t\t\t><\/div><\/div><\/div><!-- \/.sc_googlemap_wrap -->[\/vc_column][\/vc_row]<\/p>\n<\/div>","protected":false},"excerpt":{"rendered":"<p>[vc_row full_width=&#8221;stretch_row&#8221; css=&#8221;.vc_custom_1483426483798{background-image: url(http:\/\/copypress.themerex.net\/wp-content\/uploads\/2016\/12\/full_services_copy.png?id=611) !important;}&#8221;][vc_column][vc_empty_space height=&#8221;6.3em&#8221; alter_height=&#8221;none&#8221; hide_on_mobile=&#8221;1&#8243;][vc_row_inner][vc_column_inner offset=&#8221;vc_col-lg-6 vc_col-md-6&#8243;][vc_empty_space height=&#8221;3em&#8221; alter_height=&#8221;none&#8221; hide_on_mobile=&#8221;&#8221;][vc_empty_space height=&#8221;2em&#8221; alter_height=&#8221;none&#8221; hide_on_mobile=&#8221;&#8221;][vc_column_text]High quality packaging is the business card of a product. The usage of right packaging materials and equipment as well as work methods that are refined to perfection &#8211; these aspects create the preconditions that ensure your product\u2019s safe entry to target markets. In addition,&hellip;<\/p>\n","protected":false},"author":1,"featured_media":0,"parent":0,"menu_order":0,"comment_status":"closed","ping_status":"closed","template":"","meta":{"footnotes":""},"class_list":["post-1272","page","type-page","status-publish","hentry"],"yoast_head":"<!-- This site is optimized with the Yoast SEO plugin v25.9 - https:\/\/yoast.com\/wordpress\/plugins\/seo\/ -->\n<title>Kvaliteetsed pakkematerjalid ja -seadmed | KEK Trading<\/title>\n<meta name=\"description\" content=\"Kvaliteetsete pakkematerjalide ja -seadmete m\u00fc\u00fck, tarne ning t\u00f6\u00f6protsesside seadistamine. Pakendamisega soetud t\u00f6\u00f6tajate v\u00e4lja\u00f5pe ning seadmete j\u00e4relhooldus.\" \/>\n<meta name=\"robots\" content=\"index, follow, max-snippet:-1, max-image-preview:large, max-video-preview:-1\" \/>\n<link rel=\"canonical\" href=\"https:\/\/kektrading.ee\/en\/\" \/>\n<meta property=\"og:locale\" content=\"en_US\" \/>\n<meta property=\"og:type\" content=\"article\" \/>\n<meta property=\"og:title\" content=\"Kvaliteetsed pakkematerjalid ja -seadmed | KEK Trading\" \/>\n<meta property=\"og:description\" content=\"Kvaliteetsete pakkematerjalide ja -seadmete m\u00fc\u00fck, tarne ning t\u00f6\u00f6protsesside seadistamine. Pakendamisega soetud t\u00f6\u00f6tajate v\u00e4lja\u00f5pe ning seadmete j\u00e4relhooldus.\" \/>\n<meta property=\"og:url\" content=\"https:\/\/kektrading.ee\/en\/\" \/>\n<meta property=\"og:site_name\" content=\"KEK Trading\" \/>\n<meta property=\"article:modified_time\" content=\"2018-06-12T13:27:34+00:00\" \/>\n<meta name=\"twitter:card\" content=\"summary_large_image\" \/>\n<meta name=\"twitter:label1\" content=\"Est. reading time\" \/>\n\t<meta name=\"twitter:data1\" content=\"3 minutes\" \/>\n<script type=\"application\/ld+json\" class=\"yoast-schema-graph\">{\"@context\":\"https:\/\/schema.org\",\"@graph\":[{\"@type\":\"WebPage\",\"@id\":\"https:\/\/kektrading.ee\/en\/\",\"url\":\"https:\/\/kektrading.ee\/en\/\",\"name\":\"Kvaliteetsed pakkematerjalid ja -seadmed | KEK Trading\",\"isPartOf\":{\"@id\":\"https:\/\/kektrading.ee\/en\/#website\"},\"datePublished\":\"2016-12-07T10:03:35+00:00\",\"dateModified\":\"2018-06-12T13:27:34+00:00\",\"description\":\"Kvaliteetsete pakkematerjalide ja -seadmete m\u00fc\u00fck, tarne ning t\u00f6\u00f6protsesside seadistamine. Pakendamisega soetud t\u00f6\u00f6tajate v\u00e4lja\u00f5pe ning seadmete j\u00e4relhooldus.\",\"breadcrumb\":{\"@id\":\"https:\/\/kektrading.ee\/en\/#breadcrumb\"},\"inLanguage\":\"en-US\",\"potentialAction\":[{\"@type\":\"ReadAction\",\"target\":[\"https:\/\/kektrading.ee\/en\/\"]}]},{\"@type\":\"BreadcrumbList\",\"@id\":\"https:\/\/kektrading.ee\/en\/#breadcrumb\",\"itemListElement\":[{\"@type\":\"ListItem\",\"position\":1,\"name\":\"Home\",\"item\":\"https:\/\/kektrading.ee\/en\/\"},{\"@type\":\"ListItem\",\"position\":2,\"name\":\"Home\"}]},{\"@type\":\"WebSite\",\"@id\":\"https:\/\/kektrading.ee\/en\/#website\",\"url\":\"https:\/\/kektrading.ee\/en\/\",\"name\":\"KEK Trading\",\"description\":\"creative packaging\",\"publisher\":{\"@id\":\"https:\/\/kektrading.ee\/en\/#organization\"},\"potentialAction\":[{\"@type\":\"SearchAction\",\"target\":{\"@type\":\"EntryPoint\",\"urlTemplate\":\"https:\/\/kektrading.ee\/en\/?s={search_term_string}\"},\"query-input\":{\"@type\":\"PropertyValueSpecification\",\"valueRequired\":true,\"valueName\":\"search_term_string\"}}],\"inLanguage\":\"en-US\"},{\"@type\":\"Organization\",\"@id\":\"https:\/\/kektrading.ee\/en\/#organization\",\"name\":\"KEK Trading\",\"url\":\"https:\/\/kektrading.ee\/en\/\",\"logo\":{\"@type\":\"ImageObject\",\"inLanguage\":\"en-US\",\"@id\":\"https:\/\/kektrading.ee\/en\/#\/schema\/logo\/image\/\",\"url\":\"https:\/\/kektrading.ee\/wp-content\/uploads\/2018\/04\/Kek_moto_suur-1.png\",\"contentUrl\":\"https:\/\/kektrading.ee\/wp-content\/uploads\/2018\/04\/Kek_moto_suur-1.png\",\"width\":252,\"height\":60,\"caption\":\"KEK Trading\"},\"image\":{\"@id\":\"https:\/\/kektrading.ee\/en\/#\/schema\/logo\/image\/\"}}]}<\/script>\n<!-- \/ Yoast SEO plugin. -->","yoast_head_json":{"title":"Kvaliteetsed pakkematerjalid ja -seadmed | KEK Trading","description":"Kvaliteetsete pakkematerjalide ja -seadmete m\u00fc\u00fck, tarne ning t\u00f6\u00f6protsesside seadistamine. Pakendamisega soetud t\u00f6\u00f6tajate v\u00e4lja\u00f5pe ning seadmete j\u00e4relhooldus.","robots":{"index":"index","follow":"follow","max-snippet":"max-snippet:-1","max-image-preview":"max-image-preview:large","max-video-preview":"max-video-preview:-1"},"canonical":"https:\/\/kektrading.ee\/en\/","og_locale":"en_US","og_type":"article","og_title":"Kvaliteetsed pakkematerjalid ja -seadmed | KEK Trading","og_description":"Kvaliteetsete pakkematerjalide ja -seadmete m\u00fc\u00fck, tarne ning t\u00f6\u00f6protsesside seadistamine. Pakendamisega soetud t\u00f6\u00f6tajate v\u00e4lja\u00f5pe ning seadmete j\u00e4relhooldus.","og_url":"https:\/\/kektrading.ee\/en\/","og_site_name":"KEK Trading","article_modified_time":"2018-06-12T13:27:34+00:00","twitter_card":"summary_large_image","twitter_misc":{"Est. reading time":"3 minutes"},"schema":{"@context":"https:\/\/schema.org","@graph":[{"@type":"WebPage","@id":"https:\/\/kektrading.ee\/en\/","url":"https:\/\/kektrading.ee\/en\/","name":"Kvaliteetsed pakkematerjalid ja -seadmed | KEK Trading","isPartOf":{"@id":"https:\/\/kektrading.ee\/en\/#website"},"datePublished":"2016-12-07T10:03:35+00:00","dateModified":"2018-06-12T13:27:34+00:00","description":"Kvaliteetsete pakkematerjalide ja -seadmete m\u00fc\u00fck, tarne ning t\u00f6\u00f6protsesside seadistamine. Pakendamisega soetud t\u00f6\u00f6tajate v\u00e4lja\u00f5pe ning seadmete j\u00e4relhooldus.","breadcrumb":{"@id":"https:\/\/kektrading.ee\/en\/#breadcrumb"},"inLanguage":"en-US","potentialAction":[{"@type":"ReadAction","target":["https:\/\/kektrading.ee\/en\/"]}]},{"@type":"BreadcrumbList","@id":"https:\/\/kektrading.ee\/en\/#breadcrumb","itemListElement":[{"@type":"ListItem","position":1,"name":"Home","item":"https:\/\/kektrading.ee\/en\/"},{"@type":"ListItem","position":2,"name":"Home"}]},{"@type":"WebSite","@id":"https:\/\/kektrading.ee\/en\/#website","url":"https:\/\/kektrading.ee\/en\/","name":"KEK Trading","description":"creative packaging","publisher":{"@id":"https:\/\/kektrading.ee\/en\/#organization"},"potentialAction":[{"@type":"SearchAction","target":{"@type":"EntryPoint","urlTemplate":"https:\/\/kektrading.ee\/en\/?s={search_term_string}"},"query-input":{"@type":"PropertyValueSpecification","valueRequired":true,"valueName":"search_term_string"}}],"inLanguage":"en-US"},{"@type":"Organization","@id":"https:\/\/kektrading.ee\/en\/#organization","name":"KEK Trading","url":"https:\/\/kektrading.ee\/en\/","logo":{"@type":"ImageObject","inLanguage":"en-US","@id":"https:\/\/kektrading.ee\/en\/#\/schema\/logo\/image\/","url":"https:\/\/kektrading.ee\/wp-content\/uploads\/2018\/04\/Kek_moto_suur-1.png","contentUrl":"https:\/\/kektrading.ee\/wp-content\/uploads\/2018\/04\/Kek_moto_suur-1.png","width":252,"height":60,"caption":"KEK Trading"},"image":{"@id":"https:\/\/kektrading.ee\/en\/#\/schema\/logo\/image\/"}}]}},"_links":{"self":[{"href":"https:\/\/kektrading.ee\/en\/wp-json\/wp\/v2\/pages\/1272","targetHints":{"allow":["GET"]}}],"collection":[{"href":"https:\/\/kektrading.ee\/en\/wp-json\/wp\/v2\/pages"}],"about":[{"href":"https:\/\/kektrading.ee\/en\/wp-json\/wp\/v2\/types\/page"}],"author":[{"embeddable":true,"href":"https:\/\/kektrading.ee\/en\/wp-json\/wp\/v2\/users\/1"}],"replies":[{"embeddable":true,"href":"https:\/\/kektrading.ee\/en\/wp-json\/wp\/v2\/comments?post=1272"}],"version-history":[{"count":5,"href":"https:\/\/kektrading.ee\/en\/wp-json\/wp\/v2\/pages\/1272\/revisions"}],"predecessor-version":[{"id":1480,"href":"https:\/\/kektrading.ee\/en\/wp-json\/wp\/v2\/pages\/1272\/revisions\/1480"}],"wp:attachment":[{"href":"https:\/\/kektrading.ee\/en\/wp-json\/wp\/v2\/media?parent=1272"}],"curies":[{"name":"wp","href":"https:\/\/api.w.org\/{rel}","templated":true}]}}